{"id":1764,"date":"2019-06-27T10:53:05","date_gmt":"2019-06-27T08:53:05","guid":{"rendered":"http:\/\/ccih51.ch\/caisse-avs-historique\/"},"modified":"2026-02-23T14:33:45","modified_gmt":"2026-02-23T13:33:45","slug":"ahv-ausgleichskasse-geschichte","status":"publish","type":"page","link":"https:\/\/ccih51.ch\/de\/ahv-ausgleichskasse-geschichte\/","title":{"rendered":"AHV Ausgleichskasse Geschichte"},"content":{"rendered":"<div class=\"vce-row-container\" data-vce-boxed-width=\"true\"><div class=\"vce-row vce-row--col-gap-0 container-gap-both-2  bg-light-grey in-top-spacing-huge vce-row-content--top\" id=\"el-47b4edbf\" data-vce-do-apply=\"all el-47b4edbf\"><div class=\"vce-row-content\" data-vce-element-content=\"true\"><div class=\"vce-col vce-col--xs-100p vce-col--xs-visible vce-col--xs-last vce-col--xs-first vce-col--sm-100p vce-col--sm-visible vce-col--sm-last vce-col--sm-first vce-col--md-auto vce-col--md-visible vce-col--md-last vce-col--md-first vce-col--lg-auto vce-col--lg-visible vce-col--lg-last vce-col--lg-first vce-col--xl-auto vce-col--xl-visible vce-col--xl-last vce-col--xl-first\" id=\"el-a8d6bdb4\"><div class=\"vce-col-inner\" data-vce-do-apply=\"border margin background  el-a8d6bdb4\"><div class=\"vce-col-content\" data-vce-element-content=\"true\" data-vce-do-apply=\"padding el-a8d6bdb4\"><div class=\"vce-text-block txt-large-size in-top-spacing-large-only-desktop\"><div class=\"vce-text-block-wrapper vce\" id=\"el-6ccf52b4\" data-vce-do-apply=\"all el-6ccf52b4\"><h3>AHV Ausgleichskasse<\/h3><h1 class=\"no-margin-top\">Geschichte<\/h1><\/div><\/div><div class=\"vce-text-block txt-large-size dark-red three-quarter-content hyphenation\"><div class=\"vce-text-block-wrapper vce\" id=\"el-201c1f48\" data-vce-do-apply=\"all el-201c1f48\">Die Alters- und Hin\u00adter\u00adlas\u00adsen\u00aden\u00adver\u00adsi\u00adche\u00adrung (AHV) und die Invalidenversicherung (IV) bilden die erste der drei S\u00e4ulen des Eidgen\u00f6ssischen Vorsorgekonzeptes. Es handelt sich um obligatorische Volksversicherungen welchen jede in der Schweiz wohnhafte Person unterstellt ist. Die Rentenleistungen dieser beiden Versicherungen sollen den Existenzbedarf sichern.<\/div><\/div><\/div><\/div><\/div><\/div><\/div><\/div><div class=\"vce-row-container\" data-vce-boxed-width=\"true\"><div class=\"vce-row vce-row--col-gap-30 in-bottom-spacing-huge  in-top-spacing-large container-gap-both-2 bg-light-grey vce-row-content--top\" id=\"el-f8fb0b0d\" data-vce-do-apply=\"all el-f8fb0b0d\"><div class=\"vce-row-content\" data-vce-element-content=\"true\"><div class=\"vce-col vce-col--xs-100p vce-col--xs-visible vce-col--xs-last vce-col--xs-first vce-col--sm-100p vce-col--sm-visible vce-col--sm-last vce-col--sm-first vce-col--md-auto vce-col--md-visible vce-col--md-first vce-col--lg-auto vce-col--lg-visible vce-col--lg-first vce-col--xl-auto vce-col--xl-visible vce-col--xl-first\" id=\"el-9a5ca87b\"><div class=\"vce-col-inner\" data-vce-do-apply=\"border margin background  el-9a5ca87b\"><div class=\"vce-col-content\" data-vce-element-content=\"true\" data-vce-do-apply=\"padding el-9a5ca87b\"><div class=\"vce-single-image-container vce-single-image--align-left\"><div class=\"vce vce-single-image-wrapper\" id=\"el-a902bfbb\" data-vce-do-apply=\"all el-a902bfbb\"><figure><div class=\"vce-single-image-figure-inner\" style=\"width: 798px;\"><div class=\"vce-single-image-inner vce-single-image--absolute\" style=\"width: 100%; padding-bottom: 100%;\"><img loading=\"lazy\" decoding=\"async\" class=\"vce-single-image\"  width=\"798\" height=\"798\" srcset=\"https:\/\/ccih51.ch\/wp-content\/uploads\/caisse-avs-historique-1-320x320.webp 320w, https:\/\/ccih51.ch\/wp-content\/uploads\/caisse-avs-historique-1-480x480.webp 480w, https:\/\/ccih51.ch\/wp-content\/uploads\/caisse-avs-historique-1-798x798.webp 798w\" src=\"https:\/\/ccih51.ch\/wp-content\/uploads\/caisse-avs-historique-1-798x798.webp\" data-img-src=\"https:\/\/ccih51.ch\/wp-content\/uploads\/caisse-avs-historique-1.webp\" data-attachment-id=\"6384\"  alt=\"\" title=\"caisse-avs-historique\" \/><\/div><\/div><figcaption hidden=\"\"><\/figcaption><\/figure><\/div><\/div><div class=\"vce-text-block\"><div class=\"vce-text-block-wrapper vce\" id=\"el-4bce25cb\" data-vce-do-apply=\"all el-4bce25cb\"><\/div><\/div><\/div><\/div><\/div><div class=\"vce-col vce-col--xs-100p vce-col--xs-visible vce-col--xs-last vce-col--xs-first vce-col--sm-100p vce-col--sm-visible vce-col--sm-last vce-col--sm-first vce-col--md-auto vce-col--md-visible vce-col--md-last vce-col--lg-auto vce-col--lg-visible vce-col--lg-last vce-col--xl-auto vce-col--xl-visible vce-col--xl-last\" id=\"el-1798cf77\"><div class=\"vce-col-inner\" data-vce-do-apply=\"border margin background  el-1798cf77\"><div class=\"vce-col-content\" data-vce-element-content=\"true\" data-vce-do-apply=\"padding el-1798cf77\"><div class=\"vce-text-block\"><div class=\"vce-text-block-wrapper vce\" id=\"el-ae87e991\" data-vce-do-apply=\"all el-ae87e991\"><p>Die Ausgleichskasse der Uhrenindustrie ist eine gesetzlich anerkannte Verbandsausgleichskasse. Sie wurde im 1947 durch die ehemalige Schweizerische Uhrenkammer und ihren verwandten Industriezweigen gegr\u00fcndet. Im Anschluss an einer Fusion im 1983 der Schweizerischen Uhrenkammer mit dem Verband der Schweizerischen Uhrenindustrie, setzt die Mitgliedschaft an die Ausgleichskasse gem\u00e4ss Bestimmungen des Art. 64 AHVG obligatorisch den Beitritt an einen der Gr\u00fcnderverb\u00e4nde voraus:<\/p><\/div><\/div><div class=\"vce-widgets-container no-margin-bottom\"><div class=\"vce vce-widgets-wrapper\" id=\"el-0ceb7e78\" data-vce-do-apply=\"all el-0ceb7e78\"><div class=\"external-link-widget\">\r\n\t\t\t<a href=\"https:\/\/www.cpih.ch\/de\/\" class=\"icon-arrow\" target=\"_blank\">Arbeitgeberverband der Schweizerischen Uhrenindustrie <\/a>\r\n\t\t<\/div><\/div><\/div><div class=\"vce-widgets-container\"><div class=\"vce vce-widgets-wrapper\" id=\"el-551e54d8\" data-vce-do-apply=\"all el-551e54d8\"><div class=\"external-link-widget\">\r\n\t\t\t<a href=\"http:\/\/www.fhs.swiss\/fre\/homepage.html\" class=\"icon-arrow\" target=\"_blank\">Verband der Schweizerischen Uhrenindustrie (FH) <\/a>\r\n\t\t<\/div><\/div><\/div><div class=\"vce-text-block\"><div class=\"vce-text-block-wrapper vce\" id=\"el-1dc12288\" data-vce-do-apply=\"all el-1dc12288\"><p>oder an eine der Arbeitgeberorganisationen, welche ihnen angeschlossen sind. Die AHV Ausgleichskasse besteht aus einer Zentralverwaltung und zwei B\u00fcros. Die Dienstleistungen und die umfassende und kompetente Beratung im Bereich AHV\/IV\/EO sind Teil des Dienstleistungsangebotes der Arbeitgeberverb\u00e4nde an ihre Mitglieder.<\/p><\/div><\/div><\/div><\/div><\/div><\/div><\/div><\/div><div class=\"vce-row-container\" data-vce-boxed-width=\"true\"><div class=\"vce-row vce-row--col-gap-30 vce-row-content--top\" id=\"el-757d50b2\" data-vce-do-apply=\"all el-757d50b2\"><div class=\"vce-row-content\" data-vce-element-content=\"true\"><div class=\"vce-col vce-col--md-auto vce-col--xs-1 vce-col--xs-last vce-col--xs-first vce-col--sm-last vce-col--sm-first vce-col--md-last vce-col--lg-last vce-col--xl-last vce-col--md-first vce-col--lg-first vce-col--xl-first\" id=\"el-71db1142\"><div class=\"vce-col-inner\" data-vce-do-apply=\"border margin background  el-71db1142\"><div class=\"vce-col-content\" data-vce-element-content=\"true\" data-vce-do-apply=\"padding el-71db1142\"><div class=\"vcv-row-control-wrapper\"><\/div><\/div><\/div><\/div><\/div><\/div><\/div>","protected":false},"excerpt":{"rendered":"<p>AHV AusgleichskasseGeschichteDie Alters- und Hin\u00adter\u00adlas\u00adsen\u00aden\u00adver\u00adsi\u00adche\u00adrung (AHV) und die Invalidenversicherung (IV) bilden die erste der drei S\u00e4ulen des Eidgen\u00f6ssischen Vorsorgekonzeptes. Es handelt sich um obligatorische Volksversicherungen welchen jede in der Schweiz wohnhafte Person unterstellt ist. Die Rentenleistungen dieser beiden Versicherungen sollen den Existenzbedarf sichern.Die Ausgleichskasse der Uhrenindustrie ist eine gesetzlich anerkannte Verbandsausgleichskasse. Sie wurde im 1947 [&hellip;]<\/p>\n","protected":false},"author":1,"featured_media":0,"parent":0,"menu_order":0,"comment_status":"closed","ping_status":"closed","template":"templates\/template-page.php","meta":{"_acf_changed":false,"footnotes":""},"class_list":["post-1764","page","type-page","status-publish","hentry"],"acf":[],"yoast_head":"<!-- This site is optimized with the Yoast SEO plugin v27.0 - https:\/\/yoast.com\/product\/yoast-seo-wordpress\/ -->\n<title>CCIH - Caisse de Compensation de l&#039;industrie horlog\u00e8re - AHV Ausgleichskasse Geschichte<\/title>\n<meta name=\"robots\" content=\"index, follow, max-snippet:-1, max-image-preview:large, max-video-preview:-1\" \/>\n<link rel=\"canonical\" href=\"https:\/\/ccih51.ch\/de\/ahv-ausgleichskasse-geschichte\/\" \/>\n<meta property=\"og:locale\" content=\"de_DE\" \/>\n<meta property=\"og:type\" content=\"article\" \/>\n<meta property=\"og:title\" content=\"CCIH - Caisse de Compensation de l&#039;industrie horlog\u00e8re - AHV Ausgleichskasse Geschichte\" \/>\n<meta property=\"og:description\" content=\"AHV AusgleichskasseGeschichteDie Alters- und Hin\u00adter\u00adlas\u00adsen\u00aden\u00adver\u00adsi\u00adche\u00adrung (AHV) und die Invalidenversicherung (IV) bilden die erste der drei S\u00e4ulen des Eidgen\u00f6ssischen Vorsorgekonzeptes. Es handelt sich um obligatorische Volksversicherungen welchen jede in der Schweiz wohnhafte Person unterstellt ist. Die Rentenleistungen dieser beiden Versicherungen sollen den Existenzbedarf sichern.Die Ausgleichskasse der Uhrenindustrie ist eine gesetzlich anerkannte Verbandsausgleichskasse. Sie wurde im 1947 [&hellip;]\" \/>\n<meta property=\"og:url\" content=\"https:\/\/ccih51.ch\/de\/ahv-ausgleichskasse-geschichte\/\" \/>\n<meta property=\"og:site_name\" content=\"CCIH - Caisse de Compensation de l&#039;industrie horlog\u00e8re\" \/>\n<meta property=\"article:modified_time\" content=\"2026-02-23T13:33:45+00:00\" \/>\n<meta name=\"twitter:card\" content=\"summary_large_image\" \/>\n<meta name=\"twitter:label1\" content=\"Gesch\u00e4tzte Lesezeit\" \/>\n\t<meta name=\"twitter:data1\" content=\"1\u00a0Minute\" \/>\n<script type=\"application\/ld+json\" class=\"yoast-schema-graph\">{\"@context\":\"https:\/\/schema.org\",\"@graph\":[{\"@type\":\"WebPage\",\"@id\":\"https:\/\/ccih51.ch\/de\/ahv-ausgleichskasse-geschichte\/\",\"url\":\"https:\/\/ccih51.ch\/de\/ahv-ausgleichskasse-geschichte\/\",\"name\":\"CCIH - Caisse de Compensation de l&#039;industrie horlog\u00e8re - AHV Ausgleichskasse Geschichte\",\"isPartOf\":{\"@id\":\"https:\/\/ccih51.ch\/#website\"},\"datePublished\":\"2019-06-27T08:53:05+00:00\",\"dateModified\":\"2026-02-23T13:33:45+00:00\",\"breadcrumb\":{\"@id\":\"https:\/\/ccih51.ch\/de\/ahv-ausgleichskasse-geschichte\/#breadcrumb\"},\"inLanguage\":\"de\",\"potentialAction\":[{\"@type\":\"ReadAction\",\"target\":[\"https:\/\/ccih51.ch\/de\/ahv-ausgleichskasse-geschichte\/\"]}]},{\"@type\":\"BreadcrumbList\",\"@id\":\"https:\/\/ccih51.ch\/de\/ahv-ausgleichskasse-geschichte\/#breadcrumb\",\"itemListElement\":[{\"@type\":\"ListItem\",\"position\":1,\"name\":\"Accueil\",\"item\":\"https:\/\/ccih51.ch\/de\/\"},{\"@type\":\"ListItem\",\"position\":2,\"name\":\"AHV Ausgleichskasse Geschichte\"}]},{\"@type\":\"WebSite\",\"@id\":\"https:\/\/ccih51.ch\/#website\",\"url\":\"https:\/\/ccih51.ch\/\",\"name\":\"CCIH - Caisse de Compensation de l&#039;industrie horlog\u00e8re\",\"description\":\"Le site de la caisse de compensation de l\u2019industrie horlog\u00e8re CCIH no 51, compos\u00e9s de la caisse AVS et la caisse ALFA, donne des informations utiles sur les assurances sociales AVS\/AI\/APG et les allocations familiales.\",\"potentialAction\":[{\"@type\":\"SearchAction\",\"target\":{\"@type\":\"EntryPoint\",\"urlTemplate\":\"https:\/\/ccih51.ch\/?s={search_term_string}\"},\"query-input\":{\"@type\":\"PropertyValueSpecification\",\"valueRequired\":true,\"valueName\":\"search_term_string\"}}],\"inLanguage\":\"de\"}]}<\/script>\n<!-- \/ Yoast SEO plugin. -->","yoast_head_json":{"title":"CCIH - Caisse de Compensation de l&#039;industrie horlog\u00e8re - AHV Ausgleichskasse Geschichte","robots":{"index":"index","follow":"follow","max-snippet":"max-snippet:-1","max-image-preview":"max-image-preview:large","max-video-preview":"max-video-preview:-1"},"canonical":"https:\/\/ccih51.ch\/de\/ahv-ausgleichskasse-geschichte\/","og_locale":"de_DE","og_type":"article","og_title":"CCIH - Caisse de Compensation de l&#039;industrie horlog\u00e8re - AHV Ausgleichskasse Geschichte","og_description":"AHV AusgleichskasseGeschichteDie Alters- und Hin\u00adter\u00adlas\u00adsen\u00aden\u00adver\u00adsi\u00adche\u00adrung (AHV) und die Invalidenversicherung (IV) bilden die erste der drei S\u00e4ulen des Eidgen\u00f6ssischen Vorsorgekonzeptes. Es handelt sich um obligatorische Volksversicherungen welchen jede in der Schweiz wohnhafte Person unterstellt ist. Die Rentenleistungen dieser beiden Versicherungen sollen den Existenzbedarf sichern.Die Ausgleichskasse der Uhrenindustrie ist eine gesetzlich anerkannte Verbandsausgleichskasse. Sie wurde im 1947 [&hellip;]","og_url":"https:\/\/ccih51.ch\/de\/ahv-ausgleichskasse-geschichte\/","og_site_name":"CCIH - Caisse de Compensation de l&#039;industrie horlog\u00e8re","article_modified_time":"2026-02-23T13:33:45+00:00","twitter_card":"summary_large_image","twitter_misc":{"Gesch\u00e4tzte Lesezeit":"1\u00a0Minute"},"schema":{"@context":"https:\/\/schema.org","@graph":[{"@type":"WebPage","@id":"https:\/\/ccih51.ch\/de\/ahv-ausgleichskasse-geschichte\/","url":"https:\/\/ccih51.ch\/de\/ahv-ausgleichskasse-geschichte\/","name":"CCIH - Caisse de Compensation de l&#039;industrie horlog\u00e8re - AHV Ausgleichskasse Geschichte","isPartOf":{"@id":"https:\/\/ccih51.ch\/#website"},"datePublished":"2019-06-27T08:53:05+00:00","dateModified":"2026-02-23T13:33:45+00:00","breadcrumb":{"@id":"https:\/\/ccih51.ch\/de\/ahv-ausgleichskasse-geschichte\/#breadcrumb"},"inLanguage":"de","potentialAction":[{"@type":"ReadAction","target":["https:\/\/ccih51.ch\/de\/ahv-ausgleichskasse-geschichte\/"]}]},{"@type":"BreadcrumbList","@id":"https:\/\/ccih51.ch\/de\/ahv-ausgleichskasse-geschichte\/#breadcrumb","itemListElement":[{"@type":"ListItem","position":1,"name":"Accueil","item":"https:\/\/ccih51.ch\/de\/"},{"@type":"ListItem","position":2,"name":"AHV Ausgleichskasse Geschichte"}]},{"@type":"WebSite","@id":"https:\/\/ccih51.ch\/#website","url":"https:\/\/ccih51.ch\/","name":"CCIH - Caisse de Compensation de l&#039;industrie horlog\u00e8re","description":"Le site de la caisse de compensation de l\u2019industrie horlog\u00e8re CCIH no 51, compos\u00e9s de la caisse AVS et la caisse ALFA, donne des informations utiles sur les assurances sociales AVS\/AI\/APG et les allocations familiales.","potentialAction":[{"@type":"SearchAction","target":{"@type":"EntryPoint","urlTemplate":"https:\/\/ccih51.ch\/?s={search_term_string}"},"query-input":{"@type":"PropertyValueSpecification","valueRequired":true,"valueName":"search_term_string"}}],"inLanguage":"de"}]}},"_links":{"self":[{"href":"https:\/\/ccih51.ch\/de\/wp-json\/wp\/v2\/pages\/1764","targetHints":{"allow":["GET"]}}],"collection":[{"href":"https:\/\/ccih51.ch\/de\/wp-json\/wp\/v2\/pages"}],"about":[{"href":"https:\/\/ccih51.ch\/de\/wp-json\/wp\/v2\/types\/page"}],"author":[{"embeddable":true,"href":"https:\/\/ccih51.ch\/de\/wp-json\/wp\/v2\/users\/1"}],"replies":[{"embeddable":true,"href":"https:\/\/ccih51.ch\/de\/wp-json\/wp\/v2\/comments?post=1764"}],"version-history":[{"count":10,"href":"https:\/\/ccih51.ch\/de\/wp-json\/wp\/v2\/pages\/1764\/revisions"}],"predecessor-version":[{"id":7121,"href":"https:\/\/ccih51.ch\/de\/wp-json\/wp\/v2\/pages\/1764\/revisions\/7121"}],"wp:attachment":[{"href":"https:\/\/ccih51.ch\/de\/wp-json\/wp\/v2\/media?parent=1764"}],"curies":[{"name":"wp","href":"https:\/\/api.w.org\/{rel}","templated":true}]}}