{"id":1771,"date":"2019-06-26T15:38:01","date_gmt":"2019-06-26T13:38:01","guid":{"rendered":"http:\/\/ccih51.ch\/caisse-avs-avs\/"},"modified":"2025-02-11T15:17:57","modified_gmt":"2025-02-11T14:17:57","slug":"ahv-ausgleichskasse-ahv","status":"publish","type":"page","link":"https:\/\/ccih51.ch\/de\/ahv-ausgleichskasse-ahv\/","title":{"rendered":"AHV Ausgleichskasse AHV"},"content":{"rendered":"<div class=\"vce-row-container\" data-vce-boxed-width=\"true\"><div class=\"vce-row vce-row--col-gap-0 pp-area container-gap-both-2  bg-light-grey vce-row-content--top\" id=\"el-47b4edbf\" data-vce-do-apply=\"all el-47b4edbf\"><div class=\"vce-row-content\" data-vce-element-content=\"true\"><div class=\"vce-col vce-col--xs-100p vce-col--xs-visible vce-col--xs-last vce-col--xs-first vce-col--sm-100p vce-col--sm-visible vce-col--sm-last vce-col--sm-first vce-col--md-100p vce-col--md-visible vce-col--md-last vce-col--md-first vce-col--lg-100p vce-col--lg-visible vce-col--lg-last vce-col--lg-first vce-col--xl-auto vce-col--xl-visible vce-col--xl-last vce-col--xl-first\" id=\"el-a8d6bdb4\"><div class=\"vce-col-inner\" data-vce-do-apply=\"border margin background  el-a8d6bdb4\"><div class=\"vce-col-content\" data-vce-element-content=\"true\" data-vce-do-apply=\"padding el-a8d6bdb4\"><div class=\"vce-text-block txt-large-size in-top-spacing-large three-quarter-content hyphenation\"><div class=\"vce-text-block-wrapper vce\" id=\"el-6ccf52b4\" data-vce-do-apply=\"all el-6ccf52b4\"><h3>AHV Ausgleichskasse<\/h3>\n<h1 class=\"no-margin-top\">Alters- und Hin\u00adter\u00adlas\u00adsen\u00aden\u00adver\u00adsi\u00adche\u00adrung<\/h1><\/div><\/div><\/div><\/div><\/div><\/div><\/div><\/div><div class=\"vce-row-container\" data-vce-boxed-width=\"true\"><div class=\"vce-row vce-row--col-gap-30 in-bottom-spacing-huge  in-top-spacing-large container-gap-both-2 bg-light-grey vce-row-content--top\" id=\"el-f8fb0b0d\" data-vce-do-apply=\"all el-f8fb0b0d\"><div class=\"vce-row-content\" data-vce-element-content=\"true\"><div class=\"vce-col vce-col--xs-100p vce-col--xs-visible vce-col--xs-last vce-col--xs-first vce-col--sm-100p vce-col--sm-visible vce-col--sm-last vce-col--sm-first vce-col--md-auto vce-col--md-visible vce-col--md-last vce-col--md-first vce-col--lg-auto vce-col--lg-visible vce-col--lg-last vce-col--lg-first vce-col--xl-auto vce-col--xl-visible vce-col--xl-last vce-col--xl-first\" id=\"el-9a5ca87b\"><div class=\"vce-col-inner\" data-vce-do-apply=\"border margin background  el-9a5ca87b\"><div class=\"vce-col-content\" data-vce-element-content=\"true\" data-vce-do-apply=\"padding el-9a5ca87b\"><div class=\"vce-text-block three-quarter-content\"><div class=\"vce-text-block-wrapper vce\" id=\"el-1dc12288\" data-vce-do-apply=\"all el-1dc12288\"><p>Die AHV ist der bedeutendste Pfeiler der Alters- und Hinterlassenenvorsorge in der Schweiz (1. S\u00e4ule). Sie soll den Existenzbedarf im Alter oder im Todesfall decken. Als Volksversicherung ist die AHV f\u00fcr alle obligatorisch.<\/p><p>Die AHV erbringt Leistungen im Alter (Altersrente) oder an die Hinterlassenen (Witwen-, Witwer- und Waisenrenten). Die Leistungen sind abh\u00e4ngig von der H\u00f6he des bisherigen Einkommens und der&nbsp;Beitragsdauer. Grunds\u00e4tzlich sind alle Personen, die in der Schweiz wohnhaft sind oder arbeiten, in der AHV obligatorisch versichert.<\/p><\/div><\/div><div class=\"vce-text-block\"><div class=\"vce-text-block-wrapper vce\" id=\"el-4bce25cb\" data-vce-do-apply=\"all el-4bce25cb\"><\/div><\/div><\/div><\/div><\/div><\/div><\/div><\/div><div class=\"vce-row-container\" data-vce-boxed-width=\"true\"><div class=\"vce-row vce-row--col-gap-30 out-top-spacing-huge  vce-row-content--top\" id=\"el-ed906c5e\" data-vce-do-apply=\"all el-ed906c5e\"><div class=\"vce-row-content\" data-vce-element-content=\"true\"><div class=\"vce-col vce-col--xs-100p vce-col--xs-visible vce-col--xs-last vce-col--xs-first vce-col--sm-100p vce-col--sm-visible vce-col--sm-last vce-col--sm-first vce-col--md-100p vce-col--md-visible vce-col--md-last vce-col--md-first vce-col--lg-100p vce-col--lg-visible vce-col--lg-last vce-col--lg-first vce-col--xl-auto vce-col--xl-visible vce-col--xl-first\" id=\"el-23dc5138\"><div class=\"vce-col-inner\" data-vce-do-apply=\"border margin background  el-23dc5138\"><div class=\"vce-col-content\" data-vce-element-content=\"true\" data-vce-do-apply=\"padding el-23dc5138\"><div class=\"vce-text-block  gap-both-2\"><div class=\"vce-text-block-wrapper vce\" id=\"el-e4c6b6de\" data-vce-do-apply=\"all el-e4c6b6de\"><h2>Wer ist bei der AHV versichert?<\/h2><p>Obligatorisch bei der AHV versichert sind:<\/p><ul><li>Frauen und M\u00e4nner, die in der Schweiz erwerbst\u00e4tig sind, also auch Grenzg\u00e4nger und Gastarbeiter;<\/li><li>Personen, die in der Schweiz wohnen, also auch Kinder und andere Nichterwerbst\u00e4tige wie Studierende, Invalide, Rentner und Rentnerinnen, Hausfrauen und Hausm\u00e4nner.<\/li><\/ul><p>F\u00fcr Arbeitnehmerinnen und Arbeitnehmer, die im Ausland wohnen, dort f\u00fcr einen Arbeitgeber mit Sitz in der Schweiz t\u00e4tig sind und von ihm entl\u00f6hnt werden, sowie ihre nichterwerbst\u00e4tigen Ehegatten, die sie ins Ausland begleiten, gelten besondere Bestimmungen.<\/p><\/div><\/div><\/div><\/div><\/div><div class=\"vce-col vce-col--xs-100p vce-col--xs-visible vce-col--xs-last vce-col--xs-first vce-col--sm-100p vce-col--sm-visible vce-col--sm-last vce-col--sm-first vce-col--md-100p vce-col--md-visible vce-col--md-last vce-col--md-first vce-col--lg-100p vce-col--lg-visible vce-col--lg-last vce-col--lg-first vce-col--xl-auto vce-col--xl-visible vce-col--xl-last\" id=\"el-7cc80c56\"><div class=\"vce-col-inner\" data-vce-do-apply=\"border margin background  el-7cc80c56\"><div class=\"vce-col-content\" data-vce-element-content=\"true\" data-vce-do-apply=\"padding el-7cc80c56\"><div class=\"vce-single-image-container vce-single-image--align-left\"><div class=\"vce vce-single-image-wrapper\" id=\"el-6397a84c\" data-vce-do-apply=\"all el-6397a84c\"><figure><div class=\"vce-single-image-figure-inner\" style=\"width: 1024px;\"><div class=\"vce-single-image-inner vce-single-image--absolute\" style=\"width: 100%; padding-bottom: 66.6016%;\"><img loading=\"lazy\" decoding=\"async\" class=\"vce-single-image\"  width=\"1024\" height=\"682\" srcset=\"https:\/\/ccih51.ch\/wp-content\/uploads\/caisse-avs-avs-1024x683.webp 1024w, https:\/\/ccih51.ch\/wp-content\/uploads\/caisse-avs-avs-320x213.webp 320w, https:\/\/ccih51.ch\/wp-content\/uploads\/caisse-avs-avs-480x320.webp 480w, https:\/\/ccih51.ch\/wp-content\/uploads\/caisse-avs-avs-800x533.webp 800w\" src=\"https:\/\/ccih51.ch\/wp-content\/uploads\/caisse-avs-avs-1024x683.webp\" data-img-src=\"https:\/\/ccih51.ch\/wp-content\/uploads\/caisse-avs-avs.webp\" data-attachment-id=\"6431\"  alt=\"\" title=\"caisse-avs-avs\" \/><\/div><\/div><figcaption hidden=\"\"><\/figcaption><\/figure><\/div><\/div><\/div><\/div><\/div><\/div><\/div><\/div><div class=\"vce-row-container\" data-vce-boxed-width=\"true\"><div class=\"vce-row vce-row--col-gap-30  container-gap-both-2 out-top-spacing-huge vce-row-content--top\" id=\"el-c86a60d1\" data-vce-do-apply=\"all el-c86a60d1\"><div class=\"vce-row-content\" data-vce-element-content=\"true\"><div class=\"vce-col vce-col--xs-100p vce-col--xs-visible vce-col--xs-last vce-col--xs-first vce-col--sm-100p vce-col--sm-visible vce-col--sm-last vce-col--sm-first vce-col--md-100p vce-col--md-visible vce-col--md-last vce-col--md-first vce-col--lg-100p vce-col--lg-visible vce-col--lg-last vce-col--lg-first vce-col--xl-auto vce-col--xl-visible vce-col--xl-first\" id=\"el-d8f22d0d\"><div class=\"vce-col-inner\" data-vce-do-apply=\"border margin background  el-d8f22d0d\"><div class=\"vce-col-content\" data-vce-element-content=\"true\" data-vce-do-apply=\"padding el-d8f22d0d\"><div class=\"vce-single-image-container vce-single-image--align-left\"><div class=\"vce vce-single-image-wrapper\" id=\"el-081a292e\" data-vce-do-apply=\"all el-081a292e\"><figure><div class=\"vce-single-image-figure-inner\" style=\"width: 1024px;\"><div class=\"vce-single-image-inner vce-single-image--absolute\" style=\"width: 100%; padding-bottom: 66.6992%;\"><img loading=\"lazy\" decoding=\"async\" class=\"vce-single-image\"  width=\"1024\" height=\"683\" srcset=\"https:\/\/ccih51.ch\/wp-content\/uploads\/caisse-avs-avs-2-1024x683.webp 1024w, https:\/\/ccih51.ch\/wp-content\/uploads\/caisse-avs-avs-2-320x214.webp 320w, https:\/\/ccih51.ch\/wp-content\/uploads\/caisse-avs-avs-2-480x320.webp 480w, https:\/\/ccih51.ch\/wp-content\/uploads\/caisse-avs-avs-2-800x534.webp 800w\" src=\"https:\/\/ccih51.ch\/wp-content\/uploads\/caisse-avs-avs-2-1024x683.webp\" data-img-src=\"https:\/\/ccih51.ch\/wp-content\/uploads\/caisse-avs-avs-2.webp\" data-attachment-id=\"6429\"  alt=\"\" title=\"caisse-avs-avs-2\" \/><\/div><\/div><figcaption hidden=\"\"><\/figcaption><\/figure><\/div><\/div><\/div><\/div><\/div><div class=\"vce-col vce-col--xs-100p vce-col--xs-visible vce-col--xs-last vce-col--xs-first vce-col--sm-100p vce-col--sm-visible vce-col--sm-last vce-col--sm-first vce-col--md-100p vce-col--md-visible vce-col--md-last vce-col--md-first vce-col--lg-100p vce-col--lg-visible vce-col--lg-last vce-col--lg-first vce-col--xl-auto vce-col--xl-visible vce-col--xl-last\" id=\"el-40b28bb3\"><div class=\"vce-col-inner\" data-vce-do-apply=\"border margin background  el-40b28bb3\"><div class=\"vce-col-content\" data-vce-element-content=\"true\" data-vce-do-apply=\"padding el-40b28bb3\"><div class=\"vce-text-block three-quarter-content\"><div class=\"vce-text-block-wrapper vce\" id=\"el-ea675238\" data-vce-do-apply=\"all el-ea675238\"><h2>Wer bezahlt die Beitr\u00e4ge?<\/h2><\/div><\/div><div class=\"vce-text-block\"><div class=\"vce-text-block-wrapper vce\" id=\"el-e4126a3a\" data-vce-do-apply=\"all el-e4126a3a\"><p>Beitragspflichtig sind alle Personen, die bei der AHV versichert sind, mit Ausnahme der Kinder. Sie sind zwar versichert und damit leistungsberechtigt (Kinder- und Waisenrenten), ohne selbst jedoch beitragspflichtig zu sein.<br><br>Beitragspflichtig sind auch verheiratete Personen ohne Erwerbseinkommen. Ihr Beitrag gilt allerdings dann als bezahlt, wenn der erwerbst\u00e4tige Ehepartner auf seinem Einkommen mindestens den doppelten Mindestbeitrag an die AHV entrichtet.<\/p><\/div><\/div><\/div><\/div><\/div><\/div><\/div><\/div><div class=\"vce-row-container\" data-vce-boxed-width=\"true\"><div class=\"vce-row vce-row--col-gap-30 container-gap-both-2  out-top-spacing-huge  vce-row-content--top\" id=\"el-710d6bc5\" data-vce-do-apply=\"all el-710d6bc5\"><div class=\"vce-row-content\" data-vce-element-content=\"true\"><div class=\"vce-col vce-col--xs-100p vce-col--xs-visible vce-col--xs-last vce-col--xs-first vce-col--sm-100p vce-col--sm-visible vce-col--sm-last vce-col--sm-first vce-col--md-100p vce-col--md-visible vce-col--md-last vce-col--md-first vce-col--lg-100p vce-col--lg-visible vce-col--lg-last vce-col--lg-first vce-col--xl-auto vce-col--xl-visible vce-col--xl-first\" id=\"el-90cb527e\"><div class=\"vce-col-inner\" data-vce-do-apply=\"border margin background  el-90cb527e\"><div class=\"vce-col-content\" data-vce-element-content=\"true\" data-vce-do-apply=\"padding el-90cb527e\"><div class=\"vce-text-block\"><div class=\"vce-text-block-wrapper vce\" id=\"el-f90e5abb\" data-vce-do-apply=\"all el-f90e5abb\"><h2>Anmeldung f\u00fcr Alters \u2013 oder Hinterlassenenrente<\/h2><p>Wer eine Alters- oder Hinterlassenenrente beziehen will, muss seinen Anspruch anmelden. Die Anmeldung ist in der Regel bei derjenigen Ausgleichskasse einzureichen, bei der zuletzt Beitr\u00e4ge bezahlt wurden.<br><br>Ohne schriftliche Anmeldung kann die CCIH keine Leistungen berechnen und auszahlen,<\/p><ul><li>weil sie die Adressen ihrer Versicherten nicht kennt;<\/li><li>weil der Zivilstand die Renten beeinflusst und dieser sich \u00e4ndern kann;<\/li><li>weil die Versicherten der CCIH mitteilen m\u00fcssen, ob sie ihre Rente vorbeziehen oder aufschieben m\u00f6chten;<\/li><\/ul><\/div><\/div><\/div><\/div><\/div><div class=\"vce-col vce-col--xs-100p vce-col--xs-visible vce-col--xs-last vce-col--xs-first vce-col--sm-100p vce-col--sm-visible vce-col--sm-last vce-col--sm-first vce-col--md-100p vce-col--md-visible vce-col--md-last vce-col--md-first vce-col--lg-100p vce-col--lg-visible vce-col--lg-last vce-col--lg-first vce-col--xl-auto vce-col--xl-visible vce-col--xl-last\" id=\"el-8929ed81\"><div class=\"vce-col-inner\" data-vce-do-apply=\"border margin background  el-8929ed81\"><div class=\"vce-col-content\" data-vce-element-content=\"true\" data-vce-do-apply=\"padding el-8929ed81\"><div class=\"vce-widgets-container max-width-full\"><div class=\"vce vce-widgets-wrapper\" id=\"el-eeb3aa07\" data-vce-do-apply=\"all el-eeb3aa07\">\t\t\t<a class=\"link-box padding-default\" href=\"https:\/\/www.ahv-iv.ch\/de\/Merkbl%C3%A4tter-Formulare\/Formulare\" target=\"_blank\" rel=\"noopener\">\r\n\t\t\t\t<div class=\"content\">\r\n\t\t\t\t\t\r\n\t\t\t\t\t\t\t\t\t\t<h3>Hier erhalten Sie die notwendigen Formulare<\/h3>\r\n\t\t\t\t\t\r\n\t\t\t\t\t\t\t\t\t\t<p>Die Anmeldeformulare sind auf der Webseite der Informationsstelle AHV\/IV erh\u00e4ltlich.<\/p>\r\n\t\t\t\t\t\t\t\t\t<\/div>\r\n\r\n\t\t\t\t\r\n\t\t\t\t\t<span class=\"link-box-button button\">\r\n\t\t\t\t\t\t<span class=\"icon-arrow\"><\/span>\r\n\t\t\t\t\t<\/span>\r\n\r\n\t\t\t\t\t\r\n\t\t\t\t\t\t\t\t\t\t<span class=\"link-box-button-hover-txt\">Mehr Infos<\/span>\r\n\t\t\t\t\t\r\n\t\t\t\t\t\t\t<\/a>\r\n\r\n\t\t<\/div><\/div><\/div><\/div><\/div><\/div><\/div><\/div>\n","protected":false},"excerpt":{"rendered":"<p>AHV Ausgleichskasse Alters- und Hin\u00adter\u00adlas\u00adsen\u00aden\u00adver\u00adsi\u00adche\u00adrungDie AHV ist der bedeutendste Pfeiler der Alters- und Hinterlassenenvorsorge in der Schweiz (1. S\u00e4ule). Sie soll den Existenzbedarf im Alter oder im Todesfall decken. Als Volksversicherung ist die AHV f\u00fcr alle obligatorisch.Die AHV erbringt Leistungen im Alter (Altersrente) oder an die Hinterlassenen (Witwen-, Witwer- und Waisenrenten). Die Leistungen sind abh\u00e4ngig [&hellip;]<\/p>\n","protected":false},"author":1,"featured_media":0,"parent":0,"menu_order":0,"comment_status":"closed","ping_status":"closed","template":"templates\/template-page.php","meta":{"_acf_changed":false,"footnotes":""},"class_list":["post-1771","page","type-page","status-publish","hentry"],"acf":[],"yoast_head":"<!-- This site is optimized with the Yoast SEO plugin v27.0 - https:\/\/yoast.com\/product\/yoast-seo-wordpress\/ -->\n<title>CCIH - Caisse de Compensation de l&#039;industrie horlog\u00e8re - AHV Ausgleichskasse AHV<\/title>\n<meta name=\"robots\" content=\"index, follow, max-snippet:-1, max-image-preview:large, max-video-preview:-1\" \/>\n<link rel=\"canonical\" href=\"https:\/\/ccih51.ch\/de\/ahv-ausgleichskasse-ahv\/\" \/>\n<meta property=\"og:locale\" content=\"de_DE\" \/>\n<meta property=\"og:type\" content=\"article\" \/>\n<meta property=\"og:title\" content=\"CCIH - Caisse de Compensation de l&#039;industrie horlog\u00e8re - AHV Ausgleichskasse AHV\" \/>\n<meta property=\"og:description\" content=\"AHV Ausgleichskasse Alters- und Hin\u00adter\u00adlas\u00adsen\u00aden\u00adver\u00adsi\u00adche\u00adrungDie AHV ist der bedeutendste Pfeiler der Alters- und Hinterlassenenvorsorge in der Schweiz (1. S\u00e4ule). Sie soll den Existenzbedarf im Alter oder im Todesfall decken. Als Volksversicherung ist die AHV f\u00fcr alle obligatorisch.Die AHV erbringt Leistungen im Alter (Altersrente) oder an die Hinterlassenen (Witwen-, Witwer- und Waisenrenten). Die Leistungen sind abh\u00e4ngig [&hellip;]\" \/>\n<meta property=\"og:url\" content=\"https:\/\/ccih51.ch\/de\/ahv-ausgleichskasse-ahv\/\" \/>\n<meta property=\"og:site_name\" content=\"CCIH - Caisse de Compensation de l&#039;industrie horlog\u00e8re\" \/>\n<meta property=\"article:modified_time\" content=\"2025-02-11T14:17:57+00:00\" \/>\n<meta name=\"twitter:card\" content=\"summary_large_image\" \/>\n<meta name=\"twitter:label1\" content=\"Gesch\u00e4tzte Lesezeit\" \/>\n\t<meta name=\"twitter:data1\" content=\"2\u00a0Minuten\" \/>\n<script type=\"application\/ld+json\" class=\"yoast-schema-graph\">{\"@context\":\"https:\/\/schema.org\",\"@graph\":[{\"@type\":\"WebPage\",\"@id\":\"https:\/\/ccih51.ch\/de\/ahv-ausgleichskasse-ahv\/\",\"url\":\"https:\/\/ccih51.ch\/de\/ahv-ausgleichskasse-ahv\/\",\"name\":\"CCIH - Caisse de Compensation de l&#039;industrie horlog\u00e8re - AHV Ausgleichskasse AHV\",\"isPartOf\":{\"@id\":\"https:\/\/ccih51.ch\/#website\"},\"datePublished\":\"2019-06-26T13:38:01+00:00\",\"dateModified\":\"2025-02-11T14:17:57+00:00\",\"breadcrumb\":{\"@id\":\"https:\/\/ccih51.ch\/de\/ahv-ausgleichskasse-ahv\/#breadcrumb\"},\"inLanguage\":\"de\",\"potentialAction\":[{\"@type\":\"ReadAction\",\"target\":[\"https:\/\/ccih51.ch\/de\/ahv-ausgleichskasse-ahv\/\"]}]},{\"@type\":\"BreadcrumbList\",\"@id\":\"https:\/\/ccih51.ch\/de\/ahv-ausgleichskasse-ahv\/#breadcrumb\",\"itemListElement\":[{\"@type\":\"ListItem\",\"position\":1,\"name\":\"Accueil\",\"item\":\"https:\/\/ccih51.ch\/de\/\"},{\"@type\":\"ListItem\",\"position\":2,\"name\":\"AHV Ausgleichskasse AHV\"}]},{\"@type\":\"WebSite\",\"@id\":\"https:\/\/ccih51.ch\/#website\",\"url\":\"https:\/\/ccih51.ch\/\",\"name\":\"CCIH - Caisse de Compensation de l&#039;industrie horlog\u00e8re\",\"description\":\"Le site de la caisse de compensation de l\u2019industrie horlog\u00e8re CCIH no 51, compos\u00e9s de la caisse AVS et la caisse ALFA, donne des informations utiles sur les assurances sociales AVS\/AI\/APG et les allocations familiales.\",\"potentialAction\":[{\"@type\":\"SearchAction\",\"target\":{\"@type\":\"EntryPoint\",\"urlTemplate\":\"https:\/\/ccih51.ch\/?s={search_term_string}\"},\"query-input\":{\"@type\":\"PropertyValueSpecification\",\"valueRequired\":true,\"valueName\":\"search_term_string\"}}],\"inLanguage\":\"de\"}]}<\/script>\n<!-- \/ Yoast SEO plugin. -->","yoast_head_json":{"title":"CCIH - Caisse de Compensation de l&#039;industrie horlog\u00e8re - AHV Ausgleichskasse AHV","robots":{"index":"index","follow":"follow","max-snippet":"max-snippet:-1","max-image-preview":"max-image-preview:large","max-video-preview":"max-video-preview:-1"},"canonical":"https:\/\/ccih51.ch\/de\/ahv-ausgleichskasse-ahv\/","og_locale":"de_DE","og_type":"article","og_title":"CCIH - Caisse de Compensation de l&#039;industrie horlog\u00e8re - AHV Ausgleichskasse AHV","og_description":"AHV Ausgleichskasse Alters- und Hin\u00adter\u00adlas\u00adsen\u00aden\u00adver\u00adsi\u00adche\u00adrungDie AHV ist der bedeutendste Pfeiler der Alters- und Hinterlassenenvorsorge in der Schweiz (1. S\u00e4ule). Sie soll den Existenzbedarf im Alter oder im Todesfall decken. Als Volksversicherung ist die AHV f\u00fcr alle obligatorisch.Die AHV erbringt Leistungen im Alter (Altersrente) oder an die Hinterlassenen (Witwen-, Witwer- und Waisenrenten). Die Leistungen sind abh\u00e4ngig [&hellip;]","og_url":"https:\/\/ccih51.ch\/de\/ahv-ausgleichskasse-ahv\/","og_site_name":"CCIH - Caisse de Compensation de l&#039;industrie horlog\u00e8re","article_modified_time":"2025-02-11T14:17:57+00:00","twitter_card":"summary_large_image","twitter_misc":{"Gesch\u00e4tzte Lesezeit":"2\u00a0Minuten"},"schema":{"@context":"https:\/\/schema.org","@graph":[{"@type":"WebPage","@id":"https:\/\/ccih51.ch\/de\/ahv-ausgleichskasse-ahv\/","url":"https:\/\/ccih51.ch\/de\/ahv-ausgleichskasse-ahv\/","name":"CCIH - Caisse de Compensation de l&#039;industrie horlog\u00e8re - AHV Ausgleichskasse AHV","isPartOf":{"@id":"https:\/\/ccih51.ch\/#website"},"datePublished":"2019-06-26T13:38:01+00:00","dateModified":"2025-02-11T14:17:57+00:00","breadcrumb":{"@id":"https:\/\/ccih51.ch\/de\/ahv-ausgleichskasse-ahv\/#breadcrumb"},"inLanguage":"de","potentialAction":[{"@type":"ReadAction","target":["https:\/\/ccih51.ch\/de\/ahv-ausgleichskasse-ahv\/"]}]},{"@type":"BreadcrumbList","@id":"https:\/\/ccih51.ch\/de\/ahv-ausgleichskasse-ahv\/#breadcrumb","itemListElement":[{"@type":"ListItem","position":1,"name":"Accueil","item":"https:\/\/ccih51.ch\/de\/"},{"@type":"ListItem","position":2,"name":"AHV Ausgleichskasse AHV"}]},{"@type":"WebSite","@id":"https:\/\/ccih51.ch\/#website","url":"https:\/\/ccih51.ch\/","name":"CCIH - Caisse de Compensation de l&#039;industrie horlog\u00e8re","description":"Le site de la caisse de compensation de l\u2019industrie horlog\u00e8re CCIH no 51, compos\u00e9s de la caisse AVS et la caisse ALFA, donne des informations utiles sur les assurances sociales AVS\/AI\/APG et les allocations familiales.","potentialAction":[{"@type":"SearchAction","target":{"@type":"EntryPoint","urlTemplate":"https:\/\/ccih51.ch\/?s={search_term_string}"},"query-input":{"@type":"PropertyValueSpecification","valueRequired":true,"valueName":"search_term_string"}}],"inLanguage":"de"}]}},"_links":{"self":[{"href":"https:\/\/ccih51.ch\/de\/wp-json\/wp\/v2\/pages\/1771","targetHints":{"allow":["GET"]}}],"collection":[{"href":"https:\/\/ccih51.ch\/de\/wp-json\/wp\/v2\/pages"}],"about":[{"href":"https:\/\/ccih51.ch\/de\/wp-json\/wp\/v2\/types\/page"}],"author":[{"embeddable":true,"href":"https:\/\/ccih51.ch\/de\/wp-json\/wp\/v2\/users\/1"}],"replies":[{"embeddable":true,"href":"https:\/\/ccih51.ch\/de\/wp-json\/wp\/v2\/comments?post=1771"}],"version-history":[{"count":12,"href":"https:\/\/ccih51.ch\/de\/wp-json\/wp\/v2\/pages\/1771\/revisions"}],"predecessor-version":[{"id":6433,"href":"https:\/\/ccih51.ch\/de\/wp-json\/wp\/v2\/pages\/1771\/revisions\/6433"}],"wp:attachment":[{"href":"https:\/\/ccih51.ch\/de\/wp-json\/wp\/v2\/media?parent=1771"}],"curies":[{"name":"wp","href":"https:\/\/api.w.org\/{rel}","templated":true}]}}