{"id":1775,"date":"2019-07-29T15:56:04","date_gmt":"2019-07-29T13:56:04","guid":{"rendered":"http:\/\/ccih51.ch\/caisse-avs-ai\/"},"modified":"2025-12-02T10:01:40","modified_gmt":"2025-12-02T09:01:40","slug":"ahv-ausgleichskasse-iv","status":"publish","type":"page","link":"https:\/\/ccih51.ch\/de\/ahv-ausgleichskasse-iv\/","title":{"rendered":"AHV Ausgleichskasse IV"},"content":{"rendered":"<div class=\"vce-row-container\" data-vce-boxed-width=\"true\"><div class=\"vce-row vce-row--col-gap-0 pp-area container-gap-both-2  bg-light-grey vce-row-content--top\" id=\"el-47b4edbf\" data-vce-do-apply=\"all el-47b4edbf\"><div class=\"vce-row-content\" data-vce-element-content=\"true\"><div class=\"vce-col vce-col--xs-100p vce-col--xs-visible vce-col--xs-last vce-col--xs-first vce-col--sm-100p vce-col--sm-visible vce-col--sm-last vce-col--sm-first vce-col--md-100p vce-col--md-visible vce-col--md-last vce-col--md-first vce-col--lg-100p vce-col--lg-visible vce-col--lg-last vce-col--lg-first vce-col--xl-auto vce-col--xl-visible vce-col--xl-last vce-col--xl-first\" id=\"el-a8d6bdb4\"><div class=\"vce-col-inner\" data-vce-do-apply=\"border margin background  el-a8d6bdb4\"><div class=\"vce-col-content\" data-vce-element-content=\"true\" data-vce-do-apply=\"padding el-a8d6bdb4\"><div class=\"vce-text-block txt-large-size in-top-spacing-large three-quarter-content hyphenation\"><div class=\"vce-text-block-wrapper vce\" id=\"el-6ccf52b4\" data-vce-do-apply=\"all el-6ccf52b4\"><h3>AHV Ausgleichskasse<\/h3>\n<h1 class=\"no-margin-top\">In\u00adva\u00adli\u00adden\u00adver\u00adsich\u00ader\u00adung<\/h1><\/div><\/div><\/div><\/div><\/div><\/div><\/div><\/div><div class=\"vce-row-container\" data-vce-boxed-width=\"true\"><div class=\"vce-row vce-row--col-gap-30 in-bottom-spacing-huge  in-top-spacing-large container-gap-both-2 bg-light-grey vce-row-content--top\" id=\"el-f8fb0b0d\" data-vce-do-apply=\"all el-f8fb0b0d\"><div class=\"vce-row-content\" data-vce-element-content=\"true\"><div class=\"vce-col vce-col--xs-100p vce-col--xs-visible vce-col--xs-last vce-col--xs-first vce-col--sm-100p vce-col--sm-visible vce-col--sm-last vce-col--sm-first vce-col--md-auto vce-col--md-visible vce-col--md-last vce-col--md-first vce-col--lg-auto vce-col--lg-visible vce-col--lg-last vce-col--lg-first vce-col--xl-auto vce-col--xl-visible vce-col--xl-last vce-col--xl-first\" id=\"el-9a5ca87b\"><div class=\"vce-col-inner\" data-vce-do-apply=\"border margin background  el-9a5ca87b\"><div class=\"vce-col-content\" data-vce-element-content=\"true\" data-vce-do-apply=\"padding el-9a5ca87b\"><div class=\"vce-text-block three-quarter-content txt-large-size dark-red\"><div class=\"vce-text-block-wrapper vce\" id=\"el-1dc12288\" data-vce-do-apply=\"all el-1dc12288\"><p>Die Invalidenversicherung (IV) ist wie die AHV eine gesamtschweizerische obligatorische Versicherung mit einem versicherten Personenkreis der demjenigen in der AHV identisch ist. Die IV ist mit der AHV eng verbunden. Die AHV Ausgleichskassen nehmen verschiedene Aufgaben f\u00fcr die IV-Stellen wahr. Sie unterst\u00fctzen diese bei der Abkl\u00e4rung der versicherungsm\u00e4ssigen Voraussetzungen und berechnen die IV-Renten.<\/p><\/div><\/div><div class=\"vce-text-block three-quarter-content\"><div class=\"vce-text-block-wrapper vce\" id=\"el-6e1978e9\" data-vce-do-apply=\"all el-6e1978e9\"><p>Die IV erm\u00f6glicht durch Eingliederungs- und Integrationsmassnahmen den invaliden Versicherten, ihre Existenzgrundlage ganz oder teilweise selbst\u00e4ndig zu sichern. Wenn solche Massnahmen nicht oder nur teilweise m\u00f6glich sind, richtet die IV eine (Teil-)Rente aus. Grunds\u00e4tzlich haben die Eingliederungs- und Integrationsmassnahmen Vorrang vor der Entrichtung von Renten. Die Entrichtung der IV-Renten erfolgt erst nach erfolglosen Massnahmen zur Integration oder Wiedereingliederung infolge Behinderung seit der Geburt oder infolge einer Krankheit oder Unfalls.<\/p><p>Am 1. Januar 2022 ist die Gesetzesrevision \"Weiterentwicklung der IV\" (WE IV) in Kraft getreten. Ziel ist es, die Rehabilitation zu st\u00e4rken und Behinderungen, insbesondere bei Jugendlichen, vorzubeugen. Sie beabsichtigt, in Zusammenarbeit mit den beteiligten Akteuren und in angemessener und koordinierter Weise Kinder, Jugendliche und Versicherte, die von ihrer psychischen Gesundheit betroffen sind, zu unterst\u00fctzen.<\/p><p>Die WE IV verfolgt insbesondere folgende Ziele :<\/p><ul><li>Engere Begleitung von gesundheitlich beeinstr\u00e4chtigten Kindern und ihren Familien;<\/li><li>Gezieltere Unterst\u00fctzung von Jugendlichen beim \u00dcbergang ins Berufsleben;<\/li><li>Ersatz des heutigen (abgestuften) Rentenmodells durch ein stufenloses System;<\/li><\/ul><p>&nbsp; &nbsp; &nbsp; &nbsp; &nbsp;<a href=\"https:\/\/www.ahv-iv.ch\/de\/Sozialversicherungen\/Invalidenversicherung-IV\"><span style=\"color: #0000ff;\">Weiter Informationen<\/span><\/a><\/p><\/div><\/div><div class=\"vce-text-block\"><div class=\"vce-text-block-wrapper vce\" id=\"el-4bce25cb\" data-vce-do-apply=\"all el-4bce25cb\"><\/div><\/div><\/div><\/div><\/div><\/div><\/div><\/div><div class=\"vce-row-container\" data-vce-boxed-width=\"true\"><div class=\"vce-row vce-row--col-gap-30 out-top-spacing-huge  container-gap-both-2 vce-row-content--top\" id=\"el-ed906c5e\" data-vce-do-apply=\"all el-ed906c5e\"><div class=\"vce-row-content\" data-vce-element-content=\"true\"><div class=\"vce-col vce-col--xs-100p vce-col--xs-visible vce-col--xs-last vce-col--xs-first vce-col--sm-100p vce-col--sm-visible vce-col--sm-last vce-col--sm-first vce-col--md-100p vce-col--md-visible vce-col--md-last vce-col--md-first vce-col--lg-100p vce-col--lg-visible vce-col--lg-last vce-col--lg-first vce-col--xl-auto vce-col--xl-visible vce-col--xl-first\" id=\"el-23dc5138\"><div class=\"vce-col-inner\" data-vce-do-apply=\"border margin background  el-23dc5138\"><div class=\"vce-col-content\" data-vce-element-content=\"true\" data-vce-do-apply=\"padding el-23dc5138\"><div class=\"vce-single-image-container vce-single-image--align-left\"><div class=\"vce vce-single-image-wrapper\" id=\"el-6397a84c\" data-vce-do-apply=\"all el-6397a84c\"><figure><div class=\"vce-single-image-figure-inner\" style=\"width: 1024px;\"><div class=\"vce-single-image-inner vce-single-image--absolute\" style=\"width: 100%; padding-bottom: 66.6992%;\"><img loading=\"lazy\" decoding=\"async\" class=\"vce-single-image\"  width=\"1024\" height=\"683\" srcset=\"https:\/\/ccih51.ch\/wp-content\/uploads\/caisse-avs-ai-1024x684.webp 1024w, https:\/\/ccih51.ch\/wp-content\/uploads\/caisse-avs-ai-320x214.webp 320w, https:\/\/ccih51.ch\/wp-content\/uploads\/caisse-avs-ai-480x320.webp 480w, https:\/\/ccih51.ch\/wp-content\/uploads\/caisse-avs-ai-800x534.webp 800w\" src=\"https:\/\/ccih51.ch\/wp-content\/uploads\/caisse-avs-ai-1024x684.webp\" data-img-src=\"https:\/\/ccih51.ch\/wp-content\/uploads\/caisse-avs-ai.webp\" data-attachment-id=\"6388\"  alt=\"\" title=\"caisse-avs-ai\" \/><\/div><\/div><figcaption hidden=\"\"><\/figcaption><\/figure><\/div><\/div><\/div><\/div><\/div><div class=\"vce-col vce-col--xs-100p vce-col--xs-visible vce-col--xs-last vce-col--xs-first vce-col--sm-100p vce-col--sm-visible vce-col--sm-last vce-col--sm-first vce-col--md-100p vce-col--md-visible vce-col--md-last vce-col--md-first vce-col--lg-100p vce-col--lg-visible vce-col--lg-last vce-col--lg-first vce-col--xl-auto vce-col--xl-visible vce-col--xl-last\" id=\"el-7cc80c56\"><div class=\"vce-col-inner\" data-vce-do-apply=\"border margin background  el-7cc80c56\"><div class=\"vce-col-content\" data-vce-element-content=\"true\" data-vce-do-apply=\"padding el-7cc80c56\"><div class=\"vce-text-block\"><div class=\"vce-text-block-wrapper vce\" id=\"el-e4c6b6de\" data-vce-do-apply=\"all el-e4c6b6de\"><h2>Die IV-Stelle kl\u00e4rt den Anspruch ab:<\/h2><p>Nach Eingang der Anmeldung pr\u00fcft die IV-Stelle, ob die Voraussetzungen f\u00fcr den Anspruch auf Leistungen der IV erf\u00fcllt sind. Sie holt alle Ausk\u00fcnfte ein, die f\u00fcr die Abkl\u00e4rung des Gesundheitszustandes, der erwerblichen Situation oder der T\u00e4tigkeit im Aufgabenbereich der versicherten Person notwendig sind.<br><br>Ein interdisziplin\u00e4res Team (Fachpersonen der beruflichen Eingliederung, der Arbeitsvermittlung, der Abkl\u00e4rungsstellen, der Sachbearbeitung, des Rechtsdienstes, sowie \u00c4rzte und \u00c4rztinnen des Regionalen \u00c4rztlichen Dienstes (RAD) wirkt bei der Abkl\u00e4rung und der Entscheidfindung mit. Die IV-Stellen arbeiten mit den anderen betroffenen Sozial- und Privatversicherungen eng zusammen.<br><br>\u00c4rzte und \u00c4rztinnen der RAD pr\u00fcfen die medizinischen Anspruchsvoraussetzungen. Bei Bedarf untersucht ein Arzt oder eine \u00c4rztin des RAD die versicherte Person. N\u00f6tigenfalls k\u00f6nnen die IV-Stellen zus\u00e4tzliche \u00e4rztliche Unterlagen und Gutachten von Fach\u00e4rzten\/Fach\u00e4rztinnen verlangen oder Untersuchungen in einer medizinischen Abkl\u00e4rungsstelle der IV (MEDAS) veranlassen.<br><br>Das Fachpersonal f\u00fcr berufliche Eingliederung pr\u00fcft m\u00f6gliche Integrationsmassnahmen und Massnahmen beruflicher Art. Die versicherte Person wird dabei zu pers\u00f6nlichen Gespr\u00e4chen eingeladen und im Hinblick auf die berufliche Eingliederung beraten. Es wird ein Eingliederungsplan erstellt und dessen Umsetzung in die Wege geleitet.<br><br>Die IV-Stelle fasst in der Regel innerhalb von sechs Monaten ab Einreichung der IV-Anmeldung den Grundsatzentscheid, ob der Eingliederungsweg gew\u00e4hlt werden kann oder ob die Rentenfrage zu pr\u00fcfen ist.<\/p><\/div><\/div><\/div><\/div><\/div><\/div><\/div><\/div><div class=\"vce-row-container\" data-vce-boxed-width=\"true\"><div class=\"vce-row vce-row--col-gap-30 txt-link-box-right container-gap-both-2 out-top-spacing-large vce-row-content--top\" id=\"el-c86a60d1\" data-vce-do-apply=\"all el-c86a60d1\"><div class=\"vce-row-content\" data-vce-element-content=\"true\"><div class=\"vce-col vce-col--xs-100p vce-col--xs-visible vce-col--xs-last vce-col--xs-first vce-col--sm-100p vce-col--sm-visible vce-col--sm-last vce-col--sm-first vce-col--md-100p vce-col--md-visible vce-col--md-last vce-col--md-first vce-col--lg-100p vce-col--lg-visible vce-col--lg-last vce-col--lg-first vce-col--xl-auto vce-col--xl-visible vce-col--xl-first bg-light-grey light-grey-box\" id=\"el-d8f22d0d\"><div class=\"vce-col-inner\" data-vce-do-apply=\"border margin background  el-d8f22d0d\"><div class=\"vce-col-content\" data-vce-element-content=\"true\" data-vce-do-apply=\"padding el-d8f22d0d\"><div class=\"vce-text-block\"><div class=\"vce-text-block-wrapper vce\" id=\"el-ea675238\" data-vce-do-apply=\"all el-ea675238\"><h2><strong><span lang=\"DE-CH\">IV-Stellen und Ausgleichskassen<\/span><\/strong>&nbsp;<\/h2><\/div><\/div><\/div><\/div><\/div><div class=\"vce-col vce-col--xs-100p vce-col--xs-visible vce-col--xs-last vce-col--xs-first vce-col--sm-100p vce-col--sm-visible vce-col--sm-last vce-col--sm-first vce-col--md-100p vce-col--md-visible vce-col--md-last vce-col--md-first vce-col--lg-100p vce-col--lg-visible vce-col--lg-last vce-col--lg-first vce-col--xl-auto vce-col--xl-visible vce-col--xl-last\" id=\"el-40b28bb3\"><div class=\"vce-col-inner\" data-vce-do-apply=\"border margin background  el-40b28bb3\"><div class=\"vce-col-content\" data-vce-element-content=\"true\" data-vce-do-apply=\"padding el-40b28bb3\"><div class=\"vce-widgets-container\"><div class=\"vce vce-widgets-wrapper\" id=\"el-133bb859\" data-vce-do-apply=\"all el-133bb859\">\t\t\t<a class=\"link-box padding-big\" href=\"https:\/\/www.bsv.admin.ch\/bsv\/de\/home\/sozialversicherungen\/iv.html\" target=\"_blank\" rel=\"noopener\">\r\n\t\t\t\t<div class=\"content\">\r\n\t\t\t\t\t\r\n\t\t\t\t\t\r\n\t\t\t\t\t\t\t\t\t\t<p>In jedem Kanton gibt es eine IV-Stelle. Sie entscheidet dar\u00fcber, auf welche Leistungen der IV die Versicherten Anspruch haben. F\u00fcr die Berechnung und Auszahlung der Taggelder und IV-Renten sind die Ausgleichskassen zust\u00e4ndig. Auf der Webseite des BSV finden Sie weitere Informationen zur Invalidenversicherung. <\/p>\r\n\t\t\t\t\t\t\t\t\t<\/div>\r\n\r\n\t\t\t\t\r\n\t\t\t\t\t<span class=\"link-box-button button\">\r\n\t\t\t\t\t\t<span class=\"icon-arrow\"><\/span>\r\n\t\t\t\t\t<\/span>\r\n\r\n\t\t\t\t\t\r\n\t\t\t\t\t\t\t\t\t\t<span class=\"link-box-button-hover-txt\">Mehr Infos<\/span>\r\n\t\t\t\t\t\r\n\t\t\t\t\t\t\t<\/a>\r\n\r\n\t\t<\/div><\/div><\/div><\/div><\/div><\/div><\/div><\/div><div class=\"vce-row-container\" data-vce-boxed-width=\"true\"><div class=\"vce-row vce-row--col-gap-30 vce-row-content--top\" id=\"el-4a38410d\" data-vce-do-apply=\"all el-4a38410d\"><div class=\"vce-row-content\" data-vce-element-content=\"true\"><div class=\"vce-col vce-col--md-auto vce-col--xs-1 vce-col--xs-last vce-col--xs-first vce-col--sm-last vce-col--sm-first vce-col--md-last vce-col--lg-last vce-col--xl-last vce-col--md-first vce-col--lg-first vce-col--xl-first\" id=\"el-7d79cf07\"><div class=\"vce-col-inner\" data-vce-do-apply=\"border margin background  el-7d79cf07\"><div class=\"vce-col-content\" data-vce-element-content=\"true\" data-vce-do-apply=\"padding el-7d79cf07\"><div class=\"vce-widgets-container\"><div class=\"vce vce-widgets-wrapper\" id=\"el-c5f93896\" data-vce-do-apply=\"all el-c5f93896\"><\/div><\/div><\/div><\/div><\/div><\/div><\/div><\/div>\n","protected":false},"excerpt":{"rendered":"<p>AHV Ausgleichskasse In\u00adva\u00adli\u00adden\u00adver\u00adsich\u00ader\u00adungDie Invalidenversicherung (IV) ist wie die AHV eine gesamtschweizerische obligatorische Versicherung mit einem versicherten Personenkreis der demjenigen in der AHV identisch ist. Die IV ist mit der AHV eng verbunden. Die AHV Ausgleichskassen nehmen verschiedene Aufgaben f\u00fcr die IV-Stellen wahr. Sie unterst\u00fctzen diese bei der Abkl\u00e4rung der versicherungsm\u00e4ssigen Voraussetzungen und berechnen die IV-Renten.Die [&hellip;]<\/p>\n","protected":false},"author":1,"featured_media":0,"parent":0,"menu_order":0,"comment_status":"closed","ping_status":"closed","template":"templates\/template-page.php","meta":{"_acf_changed":false,"footnotes":""},"class_list":["post-1775","page","type-page","status-publish","hentry"],"acf":[],"yoast_head":"<!-- This site is optimized with the Yoast SEO plugin v27.0 - https:\/\/yoast.com\/product\/yoast-seo-wordpress\/ -->\n<title>CCIH - Caisse de Compensation de l&#039;industrie horlog\u00e8re - AHV Ausgleichskasse IV<\/title>\n<meta name=\"robots\" content=\"index, follow, max-snippet:-1, max-image-preview:large, max-video-preview:-1\" \/>\n<link rel=\"canonical\" href=\"https:\/\/ccih51.ch\/de\/ahv-ausgleichskasse-iv\/\" \/>\n<meta property=\"og:locale\" content=\"de_DE\" \/>\n<meta property=\"og:type\" content=\"article\" \/>\n<meta property=\"og:title\" content=\"CCIH - Caisse de Compensation de l&#039;industrie horlog\u00e8re - AHV Ausgleichskasse IV\" \/>\n<meta property=\"og:description\" content=\"AHV Ausgleichskasse In\u00adva\u00adli\u00adden\u00adver\u00adsich\u00ader\u00adungDie Invalidenversicherung (IV) ist wie die AHV eine gesamtschweizerische obligatorische Versicherung mit einem versicherten Personenkreis der demjenigen in der AHV identisch ist. Die IV ist mit der AHV eng verbunden. Die AHV Ausgleichskassen nehmen verschiedene Aufgaben f\u00fcr die IV-Stellen wahr. Sie unterst\u00fctzen diese bei der Abkl\u00e4rung der versicherungsm\u00e4ssigen Voraussetzungen und berechnen die IV-Renten.Die [&hellip;]\" \/>\n<meta property=\"og:url\" content=\"https:\/\/ccih51.ch\/de\/ahv-ausgleichskasse-iv\/\" \/>\n<meta property=\"og:site_name\" content=\"CCIH - Caisse de Compensation de l&#039;industrie horlog\u00e8re\" \/>\n<meta property=\"article:modified_time\" content=\"2025-12-02T09:01:40+00:00\" \/>\n<meta name=\"twitter:card\" content=\"summary_large_image\" \/>\n<meta name=\"twitter:label1\" content=\"Gesch\u00e4tzte Lesezeit\" \/>\n\t<meta name=\"twitter:data1\" content=\"3\u00a0Minuten\" \/>\n<script type=\"application\/ld+json\" class=\"yoast-schema-graph\">{\"@context\":\"https:\/\/schema.org\",\"@graph\":[{\"@type\":\"WebPage\",\"@id\":\"https:\/\/ccih51.ch\/de\/ahv-ausgleichskasse-iv\/\",\"url\":\"https:\/\/ccih51.ch\/de\/ahv-ausgleichskasse-iv\/\",\"name\":\"CCIH - Caisse de Compensation de l&#039;industrie horlog\u00e8re - AHV Ausgleichskasse IV\",\"isPartOf\":{\"@id\":\"https:\/\/ccih51.ch\/#website\"},\"datePublished\":\"2019-07-29T13:56:04+00:00\",\"dateModified\":\"2025-12-02T09:01:40+00:00\",\"breadcrumb\":{\"@id\":\"https:\/\/ccih51.ch\/de\/ahv-ausgleichskasse-iv\/#breadcrumb\"},\"inLanguage\":\"de\",\"potentialAction\":[{\"@type\":\"ReadAction\",\"target\":[\"https:\/\/ccih51.ch\/de\/ahv-ausgleichskasse-iv\/\"]}]},{\"@type\":\"BreadcrumbList\",\"@id\":\"https:\/\/ccih51.ch\/de\/ahv-ausgleichskasse-iv\/#breadcrumb\",\"itemListElement\":[{\"@type\":\"ListItem\",\"position\":1,\"name\":\"Accueil\",\"item\":\"https:\/\/ccih51.ch\/de\/\"},{\"@type\":\"ListItem\",\"position\":2,\"name\":\"AHV Ausgleichskasse IV\"}]},{\"@type\":\"WebSite\",\"@id\":\"https:\/\/ccih51.ch\/#website\",\"url\":\"https:\/\/ccih51.ch\/\",\"name\":\"CCIH - Caisse de Compensation de l&#039;industrie horlog\u00e8re\",\"description\":\"Le site de la caisse de compensation de l\u2019industrie horlog\u00e8re CCIH no 51, compos\u00e9s de la caisse AVS et la caisse ALFA, donne des informations utiles sur les assurances sociales AVS\/AI\/APG et les allocations familiales.\",\"potentialAction\":[{\"@type\":\"SearchAction\",\"target\":{\"@type\":\"EntryPoint\",\"urlTemplate\":\"https:\/\/ccih51.ch\/?s={search_term_string}\"},\"query-input\":{\"@type\":\"PropertyValueSpecification\",\"valueRequired\":true,\"valueName\":\"search_term_string\"}}],\"inLanguage\":\"de\"}]}<\/script>\n<!-- \/ Yoast SEO plugin. -->","yoast_head_json":{"title":"CCIH - Caisse de Compensation de l&#039;industrie horlog\u00e8re - AHV Ausgleichskasse IV","robots":{"index":"index","follow":"follow","max-snippet":"max-snippet:-1","max-image-preview":"max-image-preview:large","max-video-preview":"max-video-preview:-1"},"canonical":"https:\/\/ccih51.ch\/de\/ahv-ausgleichskasse-iv\/","og_locale":"de_DE","og_type":"article","og_title":"CCIH - Caisse de Compensation de l&#039;industrie horlog\u00e8re - AHV Ausgleichskasse IV","og_description":"AHV Ausgleichskasse In\u00adva\u00adli\u00adden\u00adver\u00adsich\u00ader\u00adungDie Invalidenversicherung (IV) ist wie die AHV eine gesamtschweizerische obligatorische Versicherung mit einem versicherten Personenkreis der demjenigen in der AHV identisch ist. Die IV ist mit der AHV eng verbunden. Die AHV Ausgleichskassen nehmen verschiedene Aufgaben f\u00fcr die IV-Stellen wahr. Sie unterst\u00fctzen diese bei der Abkl\u00e4rung der versicherungsm\u00e4ssigen Voraussetzungen und berechnen die IV-Renten.Die [&hellip;]","og_url":"https:\/\/ccih51.ch\/de\/ahv-ausgleichskasse-iv\/","og_site_name":"CCIH - Caisse de Compensation de l&#039;industrie horlog\u00e8re","article_modified_time":"2025-12-02T09:01:40+00:00","twitter_card":"summary_large_image","twitter_misc":{"Gesch\u00e4tzte Lesezeit":"3\u00a0Minuten"},"schema":{"@context":"https:\/\/schema.org","@graph":[{"@type":"WebPage","@id":"https:\/\/ccih51.ch\/de\/ahv-ausgleichskasse-iv\/","url":"https:\/\/ccih51.ch\/de\/ahv-ausgleichskasse-iv\/","name":"CCIH - Caisse de Compensation de l&#039;industrie horlog\u00e8re - AHV Ausgleichskasse IV","isPartOf":{"@id":"https:\/\/ccih51.ch\/#website"},"datePublished":"2019-07-29T13:56:04+00:00","dateModified":"2025-12-02T09:01:40+00:00","breadcrumb":{"@id":"https:\/\/ccih51.ch\/de\/ahv-ausgleichskasse-iv\/#breadcrumb"},"inLanguage":"de","potentialAction":[{"@type":"ReadAction","target":["https:\/\/ccih51.ch\/de\/ahv-ausgleichskasse-iv\/"]}]},{"@type":"BreadcrumbList","@id":"https:\/\/ccih51.ch\/de\/ahv-ausgleichskasse-iv\/#breadcrumb","itemListElement":[{"@type":"ListItem","position":1,"name":"Accueil","item":"https:\/\/ccih51.ch\/de\/"},{"@type":"ListItem","position":2,"name":"AHV Ausgleichskasse IV"}]},{"@type":"WebSite","@id":"https:\/\/ccih51.ch\/#website","url":"https:\/\/ccih51.ch\/","name":"CCIH - Caisse de Compensation de l&#039;industrie horlog\u00e8re","description":"Le site de la caisse de compensation de l\u2019industrie horlog\u00e8re CCIH no 51, compos\u00e9s de la caisse AVS et la caisse ALFA, donne des informations utiles sur les assurances sociales AVS\/AI\/APG et les allocations familiales.","potentialAction":[{"@type":"SearchAction","target":{"@type":"EntryPoint","urlTemplate":"https:\/\/ccih51.ch\/?s={search_term_string}"},"query-input":{"@type":"PropertyValueSpecification","valueRequired":true,"valueName":"search_term_string"}}],"inLanguage":"de"}]}},"_links":{"self":[{"href":"https:\/\/ccih51.ch\/de\/wp-json\/wp\/v2\/pages\/1775","targetHints":{"allow":["GET"]}}],"collection":[{"href":"https:\/\/ccih51.ch\/de\/wp-json\/wp\/v2\/pages"}],"about":[{"href":"https:\/\/ccih51.ch\/de\/wp-json\/wp\/v2\/types\/page"}],"author":[{"embeddable":true,"href":"https:\/\/ccih51.ch\/de\/wp-json\/wp\/v2\/users\/1"}],"replies":[{"embeddable":true,"href":"https:\/\/ccih51.ch\/de\/wp-json\/wp\/v2\/comments?post=1775"}],"version-history":[{"count":9,"href":"https:\/\/ccih51.ch\/de\/wp-json\/wp\/v2\/pages\/1775\/revisions"}],"predecessor-version":[{"id":7007,"href":"https:\/\/ccih51.ch\/de\/wp-json\/wp\/v2\/pages\/1775\/revisions\/7007"}],"wp:attachment":[{"href":"https:\/\/ccih51.ch\/de\/wp-json\/wp\/v2\/media?parent=1775"}],"curies":[{"name":"wp","href":"https:\/\/api.w.org\/{rel}","templated":true}]}}