{"id":1790,"date":"2019-07-17T11:48:18","date_gmt":"2019-07-17T09:48:18","guid":{"rendered":"http:\/\/ccih51.ch\/caisse-avs-ac\/"},"modified":"2023-01-05T10:15:43","modified_gmt":"2023-01-05T09:15:43","slug":"ahv-ausgleichskasse-alv","status":"publish","type":"page","link":"https:\/\/ccih51.ch\/de\/ahv-ausgleichskasse-alv\/","title":{"rendered":"AHV Ausgleichskasse ALV"},"content":{"rendered":"<div class=\"vce-row-container\" data-vce-boxed-width=\"true\"><div class=\"vce-row vce-row--col-gap-0 container-gap-both-2  bg-light-grey vce-row-content--top\" id=\"el-47b4edbf\" data-vce-do-apply=\"all el-47b4edbf\"><div class=\"vce-row-content\" data-vce-element-content=\"true\"><div class=\"vce-col vce-col--xs-100p vce-col--xs-visible vce-col--xs-last vce-col--xs-first vce-col--sm-100p vce-col--sm-visible vce-col--sm-last vce-col--sm-first vce-col--md-100p vce-col--md-visible vce-col--md-last vce-col--md-first vce-col--lg-100p vce-col--lg-visible vce-col--lg-last vce-col--lg-first vce-col--xl-auto vce-col--xl-visible vce-col--xl-last vce-col--xl-first\" id=\"el-a8d6bdb4\"><div class=\"vce-col-inner\" data-vce-do-apply=\"border margin background  el-a8d6bdb4\"><div class=\"vce-col-content\" data-vce-element-content=\"true\" data-vce-do-apply=\"padding el-a8d6bdb4\"><div class=\"vce-text-block txt-large-size in-top-spacing-large three-quarter-content hyphenation\"><div class=\"vce-text-block-wrapper vce\" id=\"el-6ccf52b4\" data-vce-do-apply=\"all el-6ccf52b4\"><h3>AHV Ausgleichskasse<\/h3>\n<h1 class=\"no-margin-top\">Ar\u00adbeits\u00adlo\u00adsen\u00adver\u00adsich\u00ader\u00adung<\/h1><\/div><\/div><\/div><\/div><\/div><\/div><\/div><\/div><div class=\"vce-row-container\" data-vce-boxed-width=\"true\"><div class=\"vce-row vce-row--col-gap-30  in-top-spacing-large container-gap-both-2 bg-light-grey vce-row-content--top\" id=\"el-f8fb0b0d\" data-vce-do-apply=\"all el-f8fb0b0d\"><div class=\"vce-row-content\" data-vce-element-content=\"true\"><div class=\"vce-col vce-col--xs-100p vce-col--xs-visible vce-col--xs-last vce-col--xs-first vce-col--sm-100p vce-col--sm-visible vce-col--sm-last vce-col--sm-first vce-col--md-auto vce-col--md-visible vce-col--md-last vce-col--md-first vce-col--lg-auto vce-col--lg-visible vce-col--lg-last vce-col--lg-first vce-col--xl-auto vce-col--xl-visible vce-col--xl-last vce-col--xl-first\" id=\"el-9a5ca87b\"><div class=\"vce-col-inner\" data-vce-do-apply=\"border margin background  el-9a5ca87b\"><div class=\"vce-col-content\" data-vce-element-content=\"true\" data-vce-do-apply=\"padding el-9a5ca87b\"><div class=\"vce-text-block txt-large-size dark-red three-quarter-content\"><div class=\"vce-text-block-wrapper vce\" id=\"el-c43eef14\" data-vce-do-apply=\"all el-c43eef14\"><p>Die Arbeitslosenversicherung (ALV) ist, wie die Alters- und Hinterlassenenversicherung (AHV), eine obligatorische schweizerische Sozialversicherung. Alle in der Schweiz AHV-beitragspflichtige Arbeitnehmer und ihre Arbeitsgeber sind verpflichtet Beitr\u00e4ge an die ALV zu leisten. Arbeitgeber und Arbeitnehmer tragen je die H\u00e4lfte der Beitr\u00e4ge.<\/p><\/div><\/div><\/div><\/div><\/div><\/div><\/div><\/div><div class=\"vce-row-container\" data-vce-boxed-width=\"true\"><div class=\"vce-row vce-row--col-gap-30 in-bottom-spacing-huge  container-gap-both-2 bg-light-grey vce-row-content--top\" id=\"el-1f3a436a\" data-vce-do-apply=\"all el-1f3a436a\"><div class=\"vce-row-content\" data-vce-element-content=\"true\"><div class=\"vce-col vce-col--xs-100p vce-col--xs-visible vce-col--xs-last vce-col--xs-first vce-col--sm-100p vce-col--sm-visible vce-col--sm-last vce-col--sm-first vce-col--md-100p vce-col--md-visible vce-col--md-last vce-col--md-first vce-col--lg-100p vce-col--lg-visible vce-col--lg-last vce-col--lg-first vce-col--xl-auto vce-col--xl-visible vce-col--xl-first\" id=\"el-1e9b071a\"><div class=\"vce-col-inner\" data-vce-do-apply=\"border margin background  el-1e9b071a\"><div class=\"vce-col-content\" data-vce-element-content=\"true\" data-vce-do-apply=\"padding el-1e9b071a\"><div class=\"vce-text-block\"><div class=\"vce-text-block-wrapper vce\" id=\"el-33c8ee16\" data-vce-do-apply=\"all el-33c8ee16\"><p>W\u00e4hrend die Beitr\u00e4ge \u00fcber die Ausgleichskassen erhoben werden, werden die Leistungen regional durch die Arbeitslosenkassen ausbezahlt.<\/p><p>Die Arbeitslosenversicherung (ALV) gew\u00e4hrt angemessenen Ersatz bei Erwerbsausfall. Sie erbringt Leistungen bei Arbeitslosigkeit, Kurzarbeit, wetterbedingten Arbeitsausf\u00e4llen und bei der Zahlungsunf\u00e4higkeit des Arbeitgebers. Ebenso werden Wiedereingliederungsmassnahmen bezahlt.<\/p><\/div><\/div><\/div><\/div><\/div><div class=\"vce-col vce-col--xs-100p vce-col--xs-visible vce-col--xs-last vce-col--xs-first vce-col--sm-100p vce-col--sm-visible vce-col--sm-last vce-col--sm-first vce-col--md-100p vce-col--md-visible vce-col--md-last vce-col--md-first vce-col--lg-100p vce-col--lg-visible vce-col--lg-last vce-col--lg-first vce-col--xl-auto vce-col--xl-visible vce-col--xl-last\" id=\"el-931e54ba\"><div class=\"vce-col-inner\" data-vce-do-apply=\"border margin background  el-931e54ba\"><div class=\"vce-col-content\" data-vce-element-content=\"true\" data-vce-do-apply=\"padding el-931e54ba\"><div class=\"vce-text-block\"><div class=\"vce-text-block-wrapper vce\" id=\"el-32e22ca0\" data-vce-do-apply=\"all el-32e22ca0\"><p>Bis zu einem j\u00e4hrlichen H\u00f6chstbetrag von CHF 148'200 betr\u00e4gt der Beitragssatz an die ALV 2,2% des massgebenden Jahreslohnes. Dieser H\u00f6chstbetrag gilt f\u00fcr jedes einzelne Arbeitsverh\u00e4ltnis. Ab dem 1. Januar 2023 sind auf dem dar\u00fcber liegenden Lohnanteil keine ALV-Beitr\u00e4ge mehr geschuldet.<\/p><p>Anspruch gegen\u00fcber der ALV hat, wer arbeitslos ist und innerhalb von zwei Jahren mindestens 12 Monaten eine beitragspflichtige Besch\u00e4ftigung ausge\u00fcbt hat.<\/p><p>Die Leistungen werden aufgrund des versicherten Verdienstes berechnet. Das ausgerichtete Taggeld kann je nach pers\u00f6nlichen Verh\u00e4ltnissen 70% oder 80% des versicherten Verdienstes betragen. Das Taggeld wird je nach Erf\u00fcllung bestimmter Anspruchsvoraussetzungen \u00fcber eine Dauer von h\u00f6chstens 640 Tagen ausbezahlt.<\/p><\/div><\/div><\/div><\/div><\/div><\/div><\/div><\/div>\n","protected":false},"excerpt":{"rendered":"<p>AHV Ausgleichskasse Ar\u00adbeits\u00adlo\u00adsen\u00adver\u00adsich\u00ader\u00adungDie Arbeitslosenversicherung (ALV) ist, wie die Alters- und Hinterlassenenversicherung (AHV), eine obligatorische schweizerische Sozialversicherung. Alle in der Schweiz AHV-beitragspflichtige Arbeitnehmer und ihre Arbeitsgeber sind verpflichtet Beitr\u00e4ge an die ALV zu leisten. Arbeitgeber und Arbeitnehmer tragen je die H\u00e4lfte der Beitr\u00e4ge.W\u00e4hrend die Beitr\u00e4ge \u00fcber die Ausgleichskassen erhoben werden, werden die Leistungen regional durch die [&hellip;]<\/p>\n","protected":false},"author":1,"featured_media":0,"parent":0,"menu_order":0,"comment_status":"closed","ping_status":"closed","template":"templates\/template-page.php","meta":{"_acf_changed":false,"footnotes":""},"class_list":["post-1790","page","type-page","status-publish","hentry"],"acf":[],"yoast_head":"<!-- This site is optimized with the Yoast SEO plugin v27.0 - https:\/\/yoast.com\/product\/yoast-seo-wordpress\/ -->\n<title>CCIH - Caisse de Compensation de l&#039;industrie horlog\u00e8re - AHV Ausgleichskasse ALV<\/title>\n<meta name=\"robots\" content=\"index, follow, max-snippet:-1, max-image-preview:large, max-video-preview:-1\" \/>\n<link rel=\"canonical\" href=\"https:\/\/ccih51.ch\/de\/ahv-ausgleichskasse-alv\/\" \/>\n<meta property=\"og:locale\" content=\"de_DE\" \/>\n<meta property=\"og:type\" content=\"article\" \/>\n<meta property=\"og:title\" content=\"CCIH - Caisse de Compensation de l&#039;industrie horlog\u00e8re - AHV Ausgleichskasse ALV\" \/>\n<meta property=\"og:description\" content=\"AHV Ausgleichskasse Ar\u00adbeits\u00adlo\u00adsen\u00adver\u00adsich\u00ader\u00adungDie Arbeitslosenversicherung (ALV) ist, wie die Alters- und Hinterlassenenversicherung (AHV), eine obligatorische schweizerische Sozialversicherung. Alle in der Schweiz AHV-beitragspflichtige Arbeitnehmer und ihre Arbeitsgeber sind verpflichtet Beitr\u00e4ge an die ALV zu leisten. Arbeitgeber und Arbeitnehmer tragen je die H\u00e4lfte der Beitr\u00e4ge.W\u00e4hrend die Beitr\u00e4ge \u00fcber die Ausgleichskassen erhoben werden, werden die Leistungen regional durch die [&hellip;]\" \/>\n<meta property=\"og:url\" content=\"https:\/\/ccih51.ch\/de\/ahv-ausgleichskasse-alv\/\" \/>\n<meta property=\"og:site_name\" content=\"CCIH - Caisse de Compensation de l&#039;industrie horlog\u00e8re\" \/>\n<meta property=\"article:modified_time\" content=\"2023-01-05T09:15:43+00:00\" \/>\n<meta name=\"twitter:card\" content=\"summary_large_image\" \/>\n<meta name=\"twitter:label1\" content=\"Gesch\u00e4tzte Lesezeit\" \/>\n\t<meta name=\"twitter:data1\" content=\"1\u00a0Minute\" \/>\n<script type=\"application\/ld+json\" class=\"yoast-schema-graph\">{\"@context\":\"https:\/\/schema.org\",\"@graph\":[{\"@type\":\"WebPage\",\"@id\":\"https:\/\/ccih51.ch\/de\/ahv-ausgleichskasse-alv\/\",\"url\":\"https:\/\/ccih51.ch\/de\/ahv-ausgleichskasse-alv\/\",\"name\":\"CCIH - Caisse de Compensation de l&#039;industrie horlog\u00e8re - AHV Ausgleichskasse ALV\",\"isPartOf\":{\"@id\":\"https:\/\/ccih51.ch\/#website\"},\"datePublished\":\"2019-07-17T09:48:18+00:00\",\"dateModified\":\"2023-01-05T09:15:43+00:00\",\"breadcrumb\":{\"@id\":\"https:\/\/ccih51.ch\/de\/ahv-ausgleichskasse-alv\/#breadcrumb\"},\"inLanguage\":\"de\",\"potentialAction\":[{\"@type\":\"ReadAction\",\"target\":[\"https:\/\/ccih51.ch\/de\/ahv-ausgleichskasse-alv\/\"]}]},{\"@type\":\"BreadcrumbList\",\"@id\":\"https:\/\/ccih51.ch\/de\/ahv-ausgleichskasse-alv\/#breadcrumb\",\"itemListElement\":[{\"@type\":\"ListItem\",\"position\":1,\"name\":\"Accueil\",\"item\":\"https:\/\/ccih51.ch\/de\/\"},{\"@type\":\"ListItem\",\"position\":2,\"name\":\"AHV Ausgleichskasse ALV\"}]},{\"@type\":\"WebSite\",\"@id\":\"https:\/\/ccih51.ch\/#website\",\"url\":\"https:\/\/ccih51.ch\/\",\"name\":\"CCIH - Caisse de Compensation de l&#039;industrie horlog\u00e8re\",\"description\":\"Le site de la caisse de compensation de l\u2019industrie horlog\u00e8re CCIH no 51, compos\u00e9s de la caisse AVS et la caisse ALFA, donne des informations utiles sur les assurances sociales AVS\/AI\/APG et les allocations familiales.\",\"potentialAction\":[{\"@type\":\"SearchAction\",\"target\":{\"@type\":\"EntryPoint\",\"urlTemplate\":\"https:\/\/ccih51.ch\/?s={search_term_string}\"},\"query-input\":{\"@type\":\"PropertyValueSpecification\",\"valueRequired\":true,\"valueName\":\"search_term_string\"}}],\"inLanguage\":\"de\"}]}<\/script>\n<!-- \/ Yoast SEO plugin. -->","yoast_head_json":{"title":"CCIH - Caisse de Compensation de l&#039;industrie horlog\u00e8re - AHV Ausgleichskasse ALV","robots":{"index":"index","follow":"follow","max-snippet":"max-snippet:-1","max-image-preview":"max-image-preview:large","max-video-preview":"max-video-preview:-1"},"canonical":"https:\/\/ccih51.ch\/de\/ahv-ausgleichskasse-alv\/","og_locale":"de_DE","og_type":"article","og_title":"CCIH - Caisse de Compensation de l&#039;industrie horlog\u00e8re - AHV Ausgleichskasse ALV","og_description":"AHV Ausgleichskasse Ar\u00adbeits\u00adlo\u00adsen\u00adver\u00adsich\u00ader\u00adungDie Arbeitslosenversicherung (ALV) ist, wie die Alters- und Hinterlassenenversicherung (AHV), eine obligatorische schweizerische Sozialversicherung. Alle in der Schweiz AHV-beitragspflichtige Arbeitnehmer und ihre Arbeitsgeber sind verpflichtet Beitr\u00e4ge an die ALV zu leisten. Arbeitgeber und Arbeitnehmer tragen je die H\u00e4lfte der Beitr\u00e4ge.W\u00e4hrend die Beitr\u00e4ge \u00fcber die Ausgleichskassen erhoben werden, werden die Leistungen regional durch die [&hellip;]","og_url":"https:\/\/ccih51.ch\/de\/ahv-ausgleichskasse-alv\/","og_site_name":"CCIH - Caisse de Compensation de l&#039;industrie horlog\u00e8re","article_modified_time":"2023-01-05T09:15:43+00:00","twitter_card":"summary_large_image","twitter_misc":{"Gesch\u00e4tzte Lesezeit":"1\u00a0Minute"},"schema":{"@context":"https:\/\/schema.org","@graph":[{"@type":"WebPage","@id":"https:\/\/ccih51.ch\/de\/ahv-ausgleichskasse-alv\/","url":"https:\/\/ccih51.ch\/de\/ahv-ausgleichskasse-alv\/","name":"CCIH - Caisse de Compensation de l&#039;industrie horlog\u00e8re - AHV Ausgleichskasse ALV","isPartOf":{"@id":"https:\/\/ccih51.ch\/#website"},"datePublished":"2019-07-17T09:48:18+00:00","dateModified":"2023-01-05T09:15:43+00:00","breadcrumb":{"@id":"https:\/\/ccih51.ch\/de\/ahv-ausgleichskasse-alv\/#breadcrumb"},"inLanguage":"de","potentialAction":[{"@type":"ReadAction","target":["https:\/\/ccih51.ch\/de\/ahv-ausgleichskasse-alv\/"]}]},{"@type":"BreadcrumbList","@id":"https:\/\/ccih51.ch\/de\/ahv-ausgleichskasse-alv\/#breadcrumb","itemListElement":[{"@type":"ListItem","position":1,"name":"Accueil","item":"https:\/\/ccih51.ch\/de\/"},{"@type":"ListItem","position":2,"name":"AHV Ausgleichskasse ALV"}]},{"@type":"WebSite","@id":"https:\/\/ccih51.ch\/#website","url":"https:\/\/ccih51.ch\/","name":"CCIH - Caisse de Compensation de l&#039;industrie horlog\u00e8re","description":"Le site de la caisse de compensation de l\u2019industrie horlog\u00e8re CCIH no 51, compos\u00e9s de la caisse AVS et la caisse ALFA, donne des informations utiles sur les assurances sociales AVS\/AI\/APG et les allocations familiales.","potentialAction":[{"@type":"SearchAction","target":{"@type":"EntryPoint","urlTemplate":"https:\/\/ccih51.ch\/?s={search_term_string}"},"query-input":{"@type":"PropertyValueSpecification","valueRequired":true,"valueName":"search_term_string"}}],"inLanguage":"de"}]}},"_links":{"self":[{"href":"https:\/\/ccih51.ch\/de\/wp-json\/wp\/v2\/pages\/1790","targetHints":{"allow":["GET"]}}],"collection":[{"href":"https:\/\/ccih51.ch\/de\/wp-json\/wp\/v2\/pages"}],"about":[{"href":"https:\/\/ccih51.ch\/de\/wp-json\/wp\/v2\/types\/page"}],"author":[{"embeddable":true,"href":"https:\/\/ccih51.ch\/de\/wp-json\/wp\/v2\/users\/1"}],"replies":[{"embeddable":true,"href":"https:\/\/ccih51.ch\/de\/wp-json\/wp\/v2\/comments?post=1790"}],"version-history":[{"count":5,"href":"https:\/\/ccih51.ch\/de\/wp-json\/wp\/v2\/pages\/1790\/revisions"}],"predecessor-version":[{"id":5146,"href":"https:\/\/ccih51.ch\/de\/wp-json\/wp\/v2\/pages\/1790\/revisions\/5146"}],"wp:attachment":[{"href":"https:\/\/ccih51.ch\/de\/wp-json\/wp\/v2\/media?parent=1790"}],"curies":[{"name":"wp","href":"https:\/\/api.w.org\/{rel}","templated":true}]}}