{"id":1805,"date":"2019-07-31T10:26:50","date_gmt":"2019-07-31T08:26:50","guid":{"rendered":"http:\/\/ccih51.ch\/caisse-avs-autres\/"},"modified":"2025-04-03T10:54:38","modified_gmt":"2025-04-03T08:54:38","slug":"ahv-ausglichskasse-andere","status":"publish","type":"page","link":"https:\/\/ccih51.ch\/de\/ahv-ausglichskasse-andere\/","title":{"rendered":"AHV Ausgleichskasse Andere"},"content":{"rendered":"<div class=\"vce-row-container\" data-vce-boxed-width=\"true\"><div class=\"vce-row vce-row--col-gap-0 container-gap-both-2  light-grey-area in-bottom-spacing-large vce-row-content--top\" id=\"el-47b4edbf\" data-vce-do-apply=\"all el-47b4edbf\"><div class=\"vce-row-content\" data-vce-element-content=\"true\"><div class=\"vce-col vce-col--xs-100p vce-col--xs-visible vce-col--xs-last vce-col--xs-first vce-col--sm-100p vce-col--sm-visible vce-col--sm-last vce-col--sm-first vce-col--md-100p vce-col--md-visible vce-col--md-last vce-col--md-first vce-col--lg-100p vce-col--lg-visible vce-col--lg-last vce-col--lg-first vce-col--xl-auto vce-col--xl-visible vce-col--xl-last vce-col--xl-first\" id=\"el-a8d6bdb4\"><div class=\"vce-col-inner\" data-vce-do-apply=\"border margin background  el-a8d6bdb4\"><div class=\"vce-col-content\" data-vce-element-content=\"true\" data-vce-do-apply=\"padding el-a8d6bdb4\"><div class=\"vce-text-block txt-large-size in-top-spacing-large three-quarter-content\"><div class=\"vce-text-block-wrapper vce\" id=\"el-6ccf52b4\" data-vce-do-apply=\"all el-6ccf52b4\"><h3>AHV Ausgleichskasse<\/h3><h1 class=\"no-margin-top\">Andere<\/h1><\/div><\/div><div class=\"vce-row-container\" data-vce-boxed-width=\"true\"><div class=\"vce-row vce-row--col-gap-30 out-top-spacing-medium vce-row-content--top\" id=\"el-29ec9c14\" data-vce-do-apply=\"all el-29ec9c14\"><div class=\"vce-row-content\" data-vce-element-content=\"true\"><div class=\"vce-col vce-col--md-auto vce-col--xs-1 vce-col--xs-last vce-col--xs-first vce-col--sm-last vce-col--sm-first vce-col--md-first vce-col--lg-first vce-col--xl-first\" id=\"el-78600e51\"><div class=\"vce-col-inner\" data-vce-do-apply=\"border margin background  el-78600e51\"><div class=\"vce-col-content\" data-vce-element-content=\"true\" data-vce-do-apply=\"padding el-78600e51\"><div class=\"vce-widgets-container\"><div class=\"vce vce-widgets-wrapper\" id=\"el-a96bae0c\" data-vce-do-apply=\"all el-a96bae0c\">\t\t\t<a class=\"link-box padding-default\" href=\"#beitragss\u00e4tze\">\r\n\t\t\t\t<div class=\"content\">\r\n\t\t\t\t\t\r\n\t\t\t\t\t\t\t\t\t\t<h3>Beitragss\u00e4tze<\/h3>\r\n\t\t\t\t\t\r\n\t\t\t\t\t\t\t\t\t<\/div>\r\n\r\n\t\t\t\t\r\n\t\t\t\t\t<span class=\"link-box-button button\">\r\n\t\t\t\t\t\t<span class=\"icon-arrow\"><\/span>\r\n\t\t\t\t\t<\/span>\r\n\r\n\t\t\t\t\t\r\n\t\t\t\t\t\r\n\t\t\t\t\t\t\t<\/a>\r\n\r\n\t\t<\/div><\/div><\/div><\/div><\/div><div class=\"vce-col vce-col--md-auto vce-col--xs-1 vce-col--xs-last vce-col--xs-first vce-col--sm-last vce-col--sm-first\" id=\"el-66c3f53c\"><div class=\"vce-col-inner\" data-vce-do-apply=\"border margin background  el-66c3f53c\"><div class=\"vce-col-content\" data-vce-element-content=\"true\" data-vce-do-apply=\"padding el-66c3f53c\"><div class=\"vce-widgets-container\"><div class=\"vce vce-widgets-wrapper\" id=\"el-7f299154\" data-vce-do-apply=\"all el-7f299154\">\t\t\t<a class=\"link-box padding-default\" href=\"#co2-abgabe\">\r\n\t\t\t\t<div class=\"content\">\r\n\t\t\t\t\t\r\n\t\t\t\t\t\t\t\t\t\t<h3>CO\u00b2-Abgabe<\/h3>\r\n\t\t\t\t\t\r\n\t\t\t\t\t\t\t\t\t<\/div>\r\n\r\n\t\t\t\t\r\n\t\t\t\t\t<span class=\"link-box-button button\">\r\n\t\t\t\t\t\t<span class=\"icon-arrow\"><\/span>\r\n\t\t\t\t\t<\/span>\r\n\r\n\t\t\t\t\t\r\n\t\t\t\t\t\r\n\t\t\t\t\t\t\t<\/a>\r\n\r\n\t\t<\/div><\/div><\/div><\/div><\/div><div class=\"vce-col vce-col--md-auto vce-col--xs-1 vce-col--xs-last vce-col--xs-first vce-col--sm-last vce-col--sm-first vce-col--md-last vce-col--lg-last vce-col--xl-last\" id=\"el-fd19cd65\"><div class=\"vce-col-inner\" data-vce-do-apply=\"border margin background  el-fd19cd65\"><div class=\"vce-col-content\" data-vce-element-content=\"true\" data-vce-do-apply=\"padding el-fd19cd65\"><div class=\"vce-widgets-container\"><div class=\"vce vce-widgets-wrapper\" id=\"el-ea626fd3\" data-vce-do-apply=\"all el-ea626fd3\">\t\t\t<a class=\"link-box padding-default\" href=\"#kennzahlen\">\r\n\t\t\t\t<div class=\"content\">\r\n\t\t\t\t\t\r\n\t\t\t\t\t\t\t\t\t\t<h3>Kennzahlen 2024<\/h3>\r\n\t\t\t\t\t\r\n\t\t\t\t\t\t\t\t\t<\/div>\r\n\r\n\t\t\t\t\r\n\t\t\t\t\t<span class=\"link-box-button button\">\r\n\t\t\t\t\t\t<span class=\"icon-arrow\"><\/span>\r\n\t\t\t\t\t<\/span>\r\n\r\n\t\t\t\t\t\r\n\t\t\t\t\t\r\n\t\t\t\t\t\t\t<\/a>\r\n\r\n\t\t<\/div><\/div><\/div><\/div><\/div><\/div><\/div><\/div><\/div><\/div><\/div><\/div><\/div><\/div><div class=\"vce-row-container\" id=\"beitragss\u00e4tze\" data-vce-boxed-width=\"true\"><div class=\"vce-row vce-row--col-gap-30 in-v-spacing-huge vce-row-content--top\" id=\"el-18bbde67\" data-vce-do-apply=\"all el-18bbde67\"><div class=\"vce-row-content\" data-vce-element-content=\"true\"><div class=\"vce-col vce-col--md-auto vce-col--xs-1 vce-col--xs-last vce-col--xs-first vce-col--sm-last vce-col--sm-first vce-col--md-last vce-col--lg-last vce-col--xl-last vce-col--md-first vce-col--lg-first vce-col--xl-first\" id=\"el-b634be19\"><div class=\"vce-col-inner\" data-vce-do-apply=\"border margin background  el-b634be19\"><div class=\"vce-col-content\" data-vce-element-content=\"true\" data-vce-do-apply=\"padding el-b634be19\"><div class=\"vce-widgets-container hyphenation\"><div class=\"vce vce-widgets-wrapper\" id=\"el-399262cd\" data-vce-do-apply=\"all el-399262cd\">\r\n\t\t<div class=\"widget-highlight-box\">\r\n\t\t\t<div>\r\n\t\t\t\t<figure>\r\n\t\t\t\t\t<img src=\"\/wp-content\/uploads\/caisse-avs-autre-2.webp\" alt=\"\">\r\n\t\t\t\t<\/figure>\r\n\t\t\t<\/div>\r\n\t\t\t<div>\r\n\t\t\t\t\t\t\t\t<h2>Bei\u00adtrags\u00ads\u00e4\u00adtze<\/h2>\r\n\t\t\t\t\r\n\t\t\t\t\r\n\t\t\t<\/div>\r\n\r\n\t\t\t\r\n\t\t\t<footer>\r\n\t\t\t\t<div class=\"wrapper\">\r\n\t\t\t\t\t\t\t\t\t\t<a class=\"button\" href=\"https:\/\/www.bsv.admin.ch\/bsv\/de\/home\/sozialversicherungen\/ueberblick\/beitraege.html\" target=\"_blank\" rel=\"noopener\">\r\n\t\t\t\t\t\t<span class=\"icon-arrow\"><\/span>\r\n\t\t\t\t\t<\/a>\r\n\t\t\t\t<\/div>\r\n\t\t\t<\/footer>\r\n\r\n\t\t\t\r\n\t\t<\/div>\r\n\r\n\r\n\t\t<\/div><\/div><\/div><\/div><\/div><\/div><\/div><\/div><div class=\"vce-row-container\" id=\"co2-abgabe\" data-vce-boxed-width=\"true\"><div class=\"vce-row vce-row--col-gap-30  in-top-spacing-huge vce-row-content--top\" id=\"el-1f3a436a\" data-vce-do-apply=\"all el-1f3a436a\"><div class=\"vce-row-content\" data-vce-element-content=\"true\"><div class=\"vce-col vce-col--xs-100p vce-col--xs-visible vce-col--xs-last vce-col--xs-first vce-col--sm-100p vce-col--sm-visible vce-col--sm-last vce-col--sm-first vce-col--md-100p vce-col--md-visible vce-col--md-last vce-col--md-first vce-col--lg-100p vce-col--lg-visible vce-col--lg-last vce-col--lg-first vce-col--xl-auto vce-col--xl-visible vce-col--xl-first\" id=\"el-1e9b071a\"><div class=\"vce-col-inner\" data-vce-do-apply=\"border margin background  el-1e9b071a\"><div class=\"vce-col-content\" data-vce-element-content=\"true\" data-vce-do-apply=\"padding el-1e9b071a\"><div class=\"vce-single-image-container vce-single-image--align-left\"><div class=\"vce vce-single-image-wrapper\" id=\"el-1bd37cf1\" data-vce-do-apply=\"all el-1bd37cf1\"><figure><div class=\"vce-single-image-figure-inner\" style=\"width: 1024px;\"><div class=\"vce-single-image-inner vce-single-image--absolute\" style=\"width: 100%; padding-bottom: 66.6016%;\"><img loading=\"lazy\" decoding=\"async\" class=\"vce-single-image\"  width=\"1024\" height=\"682\" srcset=\"https:\/\/ccih51.ch\/wp-content\/uploads\/caisse-avs-autre-1024x683.webp 1024w, https:\/\/ccih51.ch\/wp-content\/uploads\/caisse-avs-autre-320x213.webp 320w, https:\/\/ccih51.ch\/wp-content\/uploads\/caisse-avs-autre-480x320.webp 480w, https:\/\/ccih51.ch\/wp-content\/uploads\/caisse-avs-autre-800x533.webp 800w\" src=\"https:\/\/ccih51.ch\/wp-content\/uploads\/caisse-avs-autre-1024x683.webp\" data-img-src=\"https:\/\/ccih51.ch\/wp-content\/uploads\/caisse-avs-autre.webp\" data-attachment-id=\"6424\"  alt=\"\" title=\"caisse-avs-autre\" \/><\/div><\/div><figcaption hidden=\"\"><\/figcaption><\/figure><\/div><\/div><\/div><\/div><\/div><div class=\"vce-col vce-col--xs-100p vce-col--xs-visible vce-col--xs-last vce-col--xs-first vce-col--sm-100p vce-col--sm-visible vce-col--sm-last vce-col--sm-first vce-col--md-100p vce-col--md-visible vce-col--md-last vce-col--md-first vce-col--lg-100p vce-col--lg-visible vce-col--lg-last vce-col--lg-first vce-col--xl-auto vce-col--xl-visible vce-col--xl-last\" id=\"el-931e54ba\"><div class=\"vce-col-inner\" data-vce-do-apply=\"border margin background  el-931e54ba\"><div class=\"vce-col-content\" data-vce-element-content=\"true\" data-vce-do-apply=\"padding el-931e54ba\"><div class=\"vce-text-block txt-large-size gap-right-1 gap-left-1 \"><div class=\"vce-text-block-wrapper vce\" id=\"el-c43eef14\" data-vce-do-apply=\"all el-c43eef14\"><h1 class=\"no-margin-top\">CO\u00b2-Abgabe<\/h1><\/div><\/div><div class=\"vce-text-block txt-large-size dark-red gap-right-1 gap-left-1 out-top-spacing-medium\"><div class=\"vce-text-block-wrapper vce\" id=\"el-58009e9b\" data-vce-do-apply=\"all el-58009e9b\"><p>Wer fossile Brennstoffe einkauft, bezahlt automatisch die CO\u00b2-Abgabe. <\/p><\/div><\/div><div class=\"vce-text-block gap-right-1 gap-left-1\"><div class=\"vce-text-block-wrapper vce\" id=\"el-33c8ee16\" data-vce-do-apply=\"all el-33c8ee16\"><p>Diese CO\u00b2-Abgabe ist ein zentrales Instrument zur Erreichung der gesetzlichen Klimaschutzziele. Sie ist eine Lenkungsabgabe und wird auf fossilen Brennstoffen wie Heiz\u00f6l oder Erdgas erhoben.<\/p><p>Treibhausgasintensive Unternehmen k\u00f6nnen sich von der CO\u00b2-Abgabe befreien lassen, wenn sie sich im Gegenzug zu einer Verminderung ihrer Treibhausgasemissionen verpflichten<\/p><p>J\u00e4hrlich werden rund zwei Drittel der Abgabeertr\u00e4ge verbrauchsunabh\u00e4ngig an Bev\u00f6lkerung und Wirtschaft zur\u00fcckverteilt. Ein Drittel (max. 450 Mio. Franken) fliesst in das Geb\u00e4udeprogramm zur F\u00f6rderung CO\u00b2-wirksamer Massnahmen wie z.B. energetischer Sanierungen oder erneuerbarer Energien.<\/p><p>Die R\u00fcckverteilung an die Bev\u00f6lkerung und die Wirtschaft erfolgt \u00fcber die Krankenversicherer und die AHV-Ausgleichskassen.<\/p><p>Die&nbsp;AHV-Ausgleichskassen&nbsp;verteilen die Gelder im Auftrag des Bundesamtes f\u00fcr Umwelt, indem sie den jeweiligen Betrag verrechnen oder auszahlen.<\/p><p>Die R\u00fcckverteilung basiert auf die deklarierte AHV-Lohnsumme. Der Verteilfaktor betr\u00e4gt im 2024 0.707\u2030. Somit erhalten die Arbeitgeber pro CHF 100'000 abgerechneter AHV-Lohnsumme des Jahres 2022 CHF 70.70 r\u00fcckverteilt. Massgebend f\u00fcr die Lohnsummenerhebung des Jahres 2022 ist die am 31. Oktober 2023 deklarierte Lohnsumme. Nachtr\u00e4glich korrigierte Lohnsummen aus Arbeitgeberkontrollen werden nicht ber\u00fccksichtigt.<\/p><p>Die Ausgleichskassen nehmen die Verteilung der Gelder in der Regel im&nbsp;September&nbsp;vor.<\/p><\/div><\/div><\/div><\/div><\/div><\/div><\/div><\/div><div class=\"vce-row-container\" id=\"kennzahlen\" data-vce-boxed-width=\"true\"><div class=\"vce-row vce-row--col-gap-30 cp-area out-top-spacing-huge gap-both-2 cp-table vce-row-content--top\" id=\"el-cf0bec92\" data-vce-do-apply=\"all el-cf0bec92\"><div class=\"vce-row-content\" data-vce-element-content=\"true\"><div class=\"vce-col vce-col--md-auto vce-col--xs-1 vce-col--xs-last vce-col--xs-first vce-col--sm-last vce-col--sm-first vce-col--md-last vce-col--lg-last vce-col--xl-last vce-col--md-first vce-col--lg-first vce-col--xl-first\" id=\"el-b2c5a726\"><div class=\"vce-col-inner\" data-vce-do-apply=\"border margin background  el-b2c5a726\"><div class=\"vce-col-content\" data-vce-element-content=\"true\" data-vce-do-apply=\"padding el-b2c5a726\"><div class=\"vce-text-block\"><div class=\"vce-text-block-wrapper vce\" id=\"el-f1574883\" data-vce-do-apply=\"all el-f1574883\"><h2>Kennzahlen 2024<\/h2><\/div><\/div><div class=\"vce-widgets-container\"><div class=\"vce vce-widgets-wrapper\" id=\"el-dd029083\" data-vce-do-apply=\"all el-dd029083\">\r\n\t\t<div class=\"table-widget table-widget-responsive\">\r\n\t\t\t<div class=\"table-widget-rows\">\r\n\t\t\t\t\r\n\t\t\t\t\r\n\t\t\t\t\t<div class=\"table-widget-row fg fg-12a fg-mm-4a\">\r\n\r\n\t\t\t\t\t\t\r\n\t\t\t\t\t\t\t<div class=\"table-widget-col\">\r\n\t\t\t\t\t\t\t\tMitglieder\t\t\t\t\t\t\t<\/div>\r\n\r\n\t\t\t\t\t\t\r\n\t\t\t\t\t\t\t\t\t\t\t\t\t<div class=\"table-widget-col\">\r\n\t\t\t\t\t\t\t\tArbeitgeber\t\t\t\t\t\t\t<\/div>\r\n\t\t\t\t\t\t\t\t\t\t\t\t\t<div class=\"table-widget-col\">\r\n\t\t\t\t\t\t\t\t841\t\t\t\t\t\t\t<\/div>\r\n\t\t\t\t\t\t\r\n\t\t\t\t\t<\/div>\r\n\r\n\t\t\t\t\r\n\t\t\t\t\t<div class=\"table-widget-row fg fg-12a fg-mm-4a\">\r\n\r\n\t\t\t\t\t\t\r\n\t\t\t\t\t\t\t<div class=\"table-widget-col\">\r\n\t\t\t\t\t\t\t\t&nbsp;\t\t\t\t\t\t\t<\/div>\r\n\r\n\t\t\t\t\t\t\r\n\t\t\t\t\t\t\t\t\t\t\t\t\t<div class=\"table-widget-col\">\r\n\t\t\t\t\t\t\t\tSelbst\u00e4ndigewerbende\t\t\t\t\t\t\t<\/div>\r\n\t\t\t\t\t\t\t\t\t\t\t\t\t<div class=\"table-widget-col\">\r\n\t\t\t\t\t\t\t\t5\t\t\t\t\t\t\t<\/div>\r\n\t\t\t\t\t\t\r\n\t\t\t\t\t<\/div>\r\n\r\n\t\t\t\t\r\n\t\t\t\t\t<div class=\"table-widget-row fg fg-12a fg-mm-4a\">\r\n\r\n\t\t\t\t\t\t\r\n\t\t\t\t\t\t\t<div class=\"table-widget-col\">\r\n\t\t\t\t\t\t\t\t&nbsp;\t\t\t\t\t\t\t<\/div>\r\n\r\n\t\t\t\t\t\t\r\n\t\t\t\t\t\t\t\t\t\t\t\t\t<div class=\"table-widget-col\">\r\n\t\t\t\t\t\t\t\tNichterwerbst\u00e4tige\t\t\t\t\t\t\t<\/div>\r\n\t\t\t\t\t\t\t\t\t\t\t\t\t<div class=\"table-widget-col\">\r\n\t\t\t\t\t\t\t\t802\t\t\t\t\t\t\t<\/div>\r\n\t\t\t\t\t\t\r\n\t\t\t\t\t<\/div>\r\n\r\n\t\t\t\t\r\n\t\t\t\t\t<div class=\"table-widget-row fg fg-12a fg-mm-4a\">\r\n\r\n\t\t\t\t\t\t\r\n\t\t\t\t\t\t\t<div class=\"table-widget-col\">\r\n\t\t\t\t\t\t\t\t&nbsp;\t\t\t\t\t\t\t<\/div>\r\n\r\n\t\t\t\t\t\t\r\n\t\t\t\t\t\t\t\t\t\t\t\t\t<div class=\"table-widget-col\">\r\n\t\t\t\t\t\t\t\t<b>Total<\/b>\t\t\t\t\t\t\t<\/div>\r\n\t\t\t\t\t\t\t\t\t\t\t\t\t<div class=\"table-widget-col\">\r\n\t\t\t\t\t\t\t\t<b>1'648<\/b>\t\t\t\t\t\t\t<\/div>\r\n\t\t\t\t\t\t\r\n\t\t\t\t\t<\/div>\r\n\r\n\t\t\t\t\r\n\t\t\t<\/div>\r\n\t\t<\/div><\/div><\/div><div class=\"vce-widgets-container\"><div class=\"vce vce-widgets-wrapper\" id=\"el-014fa0ae\" data-vce-do-apply=\"all el-014fa0ae\">\r\n\t\t<div class=\"table-widget table-widget-responsive\">\r\n\t\t\t<div class=\"table-widget-rows\">\r\n\t\t\t\t\r\n\t\t\t\t\r\n\t\t\t\t\t<div class=\"table-widget-row fg fg-12a fg-mm-4a\">\r\n\r\n\t\t\t\t\t\t\r\n\t\t\t\t\t\t\t<div class=\"table-widget-col\">\r\n\t\t\t\t\t\t\t\tBeitr\u00e4ge\t\t\t\t\t\t\t<\/div>\r\n\r\n\t\t\t\t\t\t\r\n\t\t\t\t\t\t\t\t\t\t\t\t\t<div class=\"table-widget-col\">\r\n\t\t\t\t\t\t\t\tAHV\/IV\/EO\t\t\t\t\t\t\t<\/div>\r\n\t\t\t\t\t\t\t\t\t\t\t\t\t<div class=\"table-widget-col\">\r\n\t\t\t\t\t\t\t\t610 Mio CHF\t\t\t\t\t\t\t<\/div>\r\n\t\t\t\t\t\t\r\n\t\t\t\t\t<\/div>\r\n\r\n\t\t\t\t\r\n\t\t\t<\/div>\r\n\t\t<\/div><\/div><\/div><div class=\"vce-widgets-container\"><div class=\"vce vce-widgets-wrapper\" id=\"el-cb17b9fd\" data-vce-do-apply=\"all el-cb17b9fd\">\r\n\t\t<div class=\"table-widget table-widget-responsive\">\r\n\t\t\t<div class=\"table-widget-rows\">\r\n\t\t\t\t\r\n\t\t\t\t\r\n\t\t\t\t\t<div class=\"table-widget-row fg fg-12a fg-mm-4a\">\r\n\r\n\t\t\t\t\t\t\r\n\t\t\t\t\t\t\t<div class=\"table-widget-col\">\r\n\t\t\t\t\t\t\t\tLeistungen\t\t\t\t\t\t\t<\/div>\r\n\r\n\t\t\t\t\t\t\r\n\t\t\t\t\t\t\t\t\t\t\t\t\t<div class=\"table-widget-col\">\r\n\t\t\t\t\t\t\t\tAHV\t\t\t\t\t\t\t<\/div>\r\n\t\t\t\t\t\t\t\t\t\t\t\t\t<div class=\"table-widget-col\">\r\n\t\t\t\t\t\t\t\t275 Mio CHF\t\t\t\t\t\t\t<\/div>\r\n\t\t\t\t\t\t\r\n\t\t\t\t\t<\/div>\r\n\r\n\t\t\t\t\r\n\t\t\t\t\t<div class=\"table-widget-row fg fg-12a fg-mm-4a\">\r\n\r\n\t\t\t\t\t\t\r\n\t\t\t\t\t\t\t<div class=\"table-widget-col\">\r\n\t\t\t\t\t\t\t\t&nbsp;\t\t\t\t\t\t\t<\/div>\r\n\r\n\t\t\t\t\t\t\r\n\t\t\t\t\t\t\t\t\t\t\t\t\t<div class=\"table-widget-col\">\r\n\t\t\t\t\t\t\t\tIV\t\t\t\t\t\t\t<\/div>\r\n\t\t\t\t\t\t\t\t\t\t\t\t\t<div class=\"table-widget-col\">\r\n\t\t\t\t\t\t\t\t30 Mio CHF\t\t\t\t\t\t\t<\/div>\r\n\t\t\t\t\t\t\r\n\t\t\t\t\t<\/div>\r\n\r\n\t\t\t\t\r\n\t\t\t\t\t<div class=\"table-widget-row fg fg-12a fg-mm-4a\">\r\n\r\n\t\t\t\t\t\t\r\n\t\t\t\t\t\t\t<div class=\"table-widget-col\">\r\n\t\t\t\t\t\t\t\t&nbsp;\t\t\t\t\t\t\t<\/div>\r\n\r\n\t\t\t\t\t\t\r\n\t\t\t\t\t\t\t\t\t\t\t\t\t<div class=\"table-widget-col\">\r\n\t\t\t\t\t\t\t\tEO\t\t\t\t\t\t\t<\/div>\r\n\t\t\t\t\t\t\t\t\t\t\t\t\t<div class=\"table-widget-col\">\r\n\t\t\t\t\t\t\t\t19 Mio CHF\t\t\t\t\t\t\t<\/div>\r\n\t\t\t\t\t\t\r\n\t\t\t\t\t<\/div>\r\n\r\n\t\t\t\t\r\n\t\t\t<\/div>\r\n\t\t<\/div><\/div><\/div><\/div><\/div><\/div><\/div><\/div><\/div>\n","protected":false},"excerpt":{"rendered":"<p>AHV AusgleichskasseAndereCO\u00b2-AbgabeWer fossile Brennstoffe einkauft, bezahlt automatisch die CO\u00b2-Abgabe. Diese CO\u00b2-Abgabe ist ein zentrales Instrument zur Erreichung der gesetzlichen Klimaschutzziele. Sie ist eine Lenkungsabgabe und wird auf fossilen Brennstoffen wie Heiz\u00f6l oder Erdgas erhoben.Treibhausgasintensive Unternehmen k\u00f6nnen sich von der CO\u00b2-Abgabe befreien lassen, wenn sie sich im Gegenzug zu einer Verminderung ihrer Treibhausgasemissionen verpflichtenJ\u00e4hrlich werden rund [&hellip;]<\/p>\n","protected":false},"author":1,"featured_media":0,"parent":0,"menu_order":0,"comment_status":"closed","ping_status":"closed","template":"templates\/template-page.php","meta":{"_acf_changed":false,"footnotes":""},"class_list":["post-1805","page","type-page","status-publish","hentry"],"acf":[],"yoast_head":"<!-- This site is optimized with the Yoast SEO plugin v27.4 - https:\/\/yoast.com\/product\/yoast-seo-wordpress\/ -->\n<title>CCIH - Caisse de Compensation de l&#039;industrie horlog\u00e8re - AHV Ausgleichskasse Andere<\/title>\n<meta name=\"robots\" content=\"index, follow, max-snippet:-1, max-image-preview:large, max-video-preview:-1\" \/>\n<link rel=\"canonical\" href=\"https:\/\/ccih51.ch\/de\/ahv-ausglichskasse-andere\/\" \/>\n<meta property=\"og:locale\" content=\"de_DE\" \/>\n<meta property=\"og:type\" content=\"article\" \/>\n<meta property=\"og:title\" content=\"CCIH - Caisse de Compensation de l&#039;industrie horlog\u00e8re - AHV Ausgleichskasse Andere\" \/>\n<meta property=\"og:description\" content=\"AHV AusgleichskasseAndereCO\u00b2-AbgabeWer fossile Brennstoffe einkauft, bezahlt automatisch die CO\u00b2-Abgabe. Diese CO\u00b2-Abgabe ist ein zentrales Instrument zur Erreichung der gesetzlichen Klimaschutzziele. Sie ist eine Lenkungsabgabe und wird auf fossilen Brennstoffen wie Heiz\u00f6l oder Erdgas erhoben.Treibhausgasintensive Unternehmen k\u00f6nnen sich von der CO\u00b2-Abgabe befreien lassen, wenn sie sich im Gegenzug zu einer Verminderung ihrer Treibhausgasemissionen verpflichtenJ\u00e4hrlich werden rund [&hellip;]\" \/>\n<meta property=\"og:url\" content=\"https:\/\/ccih51.ch\/de\/ahv-ausglichskasse-andere\/\" \/>\n<meta property=\"og:site_name\" content=\"CCIH - Caisse de Compensation de l&#039;industrie horlog\u00e8re\" \/>\n<meta property=\"article:modified_time\" content=\"2025-04-03T08:54:38+00:00\" \/>\n<meta name=\"twitter:card\" content=\"summary_large_image\" \/>\n<meta name=\"twitter:label1\" content=\"Gesch\u00e4tzte Lesezeit\" \/>\n\t<meta name=\"twitter:data1\" content=\"3\u00a0Minuten\" \/>\n<script type=\"application\/ld+json\" class=\"yoast-schema-graph\">{\"@context\":\"https:\\\/\\\/schema.org\",\"@graph\":[{\"@type\":\"WebPage\",\"@id\":\"https:\\\/\\\/ccih51.ch\\\/de\\\/ahv-ausglichskasse-andere\\\/\",\"url\":\"https:\\\/\\\/ccih51.ch\\\/de\\\/ahv-ausglichskasse-andere\\\/\",\"name\":\"CCIH - Caisse de Compensation de l&#039;industrie horlog\u00e8re - AHV Ausgleichskasse Andere\",\"isPartOf\":{\"@id\":\"https:\\\/\\\/ccih51.ch\\\/#website\"},\"datePublished\":\"2019-07-31T08:26:50+00:00\",\"dateModified\":\"2025-04-03T08:54:38+00:00\",\"breadcrumb\":{\"@id\":\"https:\\\/\\\/ccih51.ch\\\/de\\\/ahv-ausglichskasse-andere\\\/#breadcrumb\"},\"inLanguage\":\"de\",\"potentialAction\":[{\"@type\":\"ReadAction\",\"target\":[\"https:\\\/\\\/ccih51.ch\\\/de\\\/ahv-ausglichskasse-andere\\\/\"]}]},{\"@type\":\"BreadcrumbList\",\"@id\":\"https:\\\/\\\/ccih51.ch\\\/de\\\/ahv-ausglichskasse-andere\\\/#breadcrumb\",\"itemListElement\":[{\"@type\":\"ListItem\",\"position\":1,\"name\":\"Accueil\",\"item\":\"https:\\\/\\\/ccih51.ch\\\/de\\\/\"},{\"@type\":\"ListItem\",\"position\":2,\"name\":\"AHV Ausgleichskasse Andere\"}]},{\"@type\":\"WebSite\",\"@id\":\"https:\\\/\\\/ccih51.ch\\\/#website\",\"url\":\"https:\\\/\\\/ccih51.ch\\\/\",\"name\":\"CCIH - Caisse de Compensation de l&#039;industrie horlog\u00e8re\",\"description\":\"Le site de la caisse de compensation de l\u2019industrie horlog\u00e8re CCIH no 51, compos\u00e9s de la caisse AVS et la caisse ALFA, donne des informations utiles sur les assurances sociales AVS\\\/AI\\\/APG et les allocations familiales.\",\"potentialAction\":[{\"@type\":\"SearchAction\",\"target\":{\"@type\":\"EntryPoint\",\"urlTemplate\":\"https:\\\/\\\/ccih51.ch\\\/?s={search_term_string}\"},\"query-input\":{\"@type\":\"PropertyValueSpecification\",\"valueRequired\":true,\"valueName\":\"search_term_string\"}}],\"inLanguage\":\"de\"}]}<\/script>\n<!-- \/ Yoast SEO plugin. -->","yoast_head_json":{"title":"CCIH - Caisse de Compensation de l&#039;industrie horlog\u00e8re - AHV Ausgleichskasse Andere","robots":{"index":"index","follow":"follow","max-snippet":"max-snippet:-1","max-image-preview":"max-image-preview:large","max-video-preview":"max-video-preview:-1"},"canonical":"https:\/\/ccih51.ch\/de\/ahv-ausglichskasse-andere\/","og_locale":"de_DE","og_type":"article","og_title":"CCIH - Caisse de Compensation de l&#039;industrie horlog\u00e8re - AHV Ausgleichskasse Andere","og_description":"AHV AusgleichskasseAndereCO\u00b2-AbgabeWer fossile Brennstoffe einkauft, bezahlt automatisch die CO\u00b2-Abgabe. Diese CO\u00b2-Abgabe ist ein zentrales Instrument zur Erreichung der gesetzlichen Klimaschutzziele. Sie ist eine Lenkungsabgabe und wird auf fossilen Brennstoffen wie Heiz\u00f6l oder Erdgas erhoben.Treibhausgasintensive Unternehmen k\u00f6nnen sich von der CO\u00b2-Abgabe befreien lassen, wenn sie sich im Gegenzug zu einer Verminderung ihrer Treibhausgasemissionen verpflichtenJ\u00e4hrlich werden rund [&hellip;]","og_url":"https:\/\/ccih51.ch\/de\/ahv-ausglichskasse-andere\/","og_site_name":"CCIH - Caisse de Compensation de l&#039;industrie horlog\u00e8re","article_modified_time":"2025-04-03T08:54:38+00:00","twitter_card":"summary_large_image","twitter_misc":{"Gesch\u00e4tzte Lesezeit":"3\u00a0Minuten"},"schema":{"@context":"https:\/\/schema.org","@graph":[{"@type":"WebPage","@id":"https:\/\/ccih51.ch\/de\/ahv-ausglichskasse-andere\/","url":"https:\/\/ccih51.ch\/de\/ahv-ausglichskasse-andere\/","name":"CCIH - Caisse de Compensation de l&#039;industrie horlog\u00e8re - AHV Ausgleichskasse Andere","isPartOf":{"@id":"https:\/\/ccih51.ch\/#website"},"datePublished":"2019-07-31T08:26:50+00:00","dateModified":"2025-04-03T08:54:38+00:00","breadcrumb":{"@id":"https:\/\/ccih51.ch\/de\/ahv-ausglichskasse-andere\/#breadcrumb"},"inLanguage":"de","potentialAction":[{"@type":"ReadAction","target":["https:\/\/ccih51.ch\/de\/ahv-ausglichskasse-andere\/"]}]},{"@type":"BreadcrumbList","@id":"https:\/\/ccih51.ch\/de\/ahv-ausglichskasse-andere\/#breadcrumb","itemListElement":[{"@type":"ListItem","position":1,"name":"Accueil","item":"https:\/\/ccih51.ch\/de\/"},{"@type":"ListItem","position":2,"name":"AHV Ausgleichskasse Andere"}]},{"@type":"WebSite","@id":"https:\/\/ccih51.ch\/#website","url":"https:\/\/ccih51.ch\/","name":"CCIH - Caisse de Compensation de l&#039;industrie horlog\u00e8re","description":"Le site de la caisse de compensation de l\u2019industrie horlog\u00e8re CCIH no 51, compos\u00e9s de la caisse AVS et la caisse ALFA, donne des informations utiles sur les assurances sociales AVS\/AI\/APG et les allocations familiales.","potentialAction":[{"@type":"SearchAction","target":{"@type":"EntryPoint","urlTemplate":"https:\/\/ccih51.ch\/?s={search_term_string}"},"query-input":{"@type":"PropertyValueSpecification","valueRequired":true,"valueName":"search_term_string"}}],"inLanguage":"de"}]}},"_links":{"self":[{"href":"https:\/\/ccih51.ch\/de\/wp-json\/wp\/v2\/pages\/1805","targetHints":{"allow":["GET"]}}],"collection":[{"href":"https:\/\/ccih51.ch\/de\/wp-json\/wp\/v2\/pages"}],"about":[{"href":"https:\/\/ccih51.ch\/de\/wp-json\/wp\/v2\/types\/page"}],"author":[{"embeddable":true,"href":"https:\/\/ccih51.ch\/de\/wp-json\/wp\/v2\/users\/1"}],"replies":[{"embeddable":true,"href":"https:\/\/ccih51.ch\/de\/wp-json\/wp\/v2\/comments?post=1805"}],"version-history":[{"count":48,"href":"https:\/\/ccih51.ch\/de\/wp-json\/wp\/v2\/pages\/1805\/revisions"}],"predecessor-version":[{"id":6560,"href":"https:\/\/ccih51.ch\/de\/wp-json\/wp\/v2\/pages\/1805\/revisions\/6560"}],"wp:attachment":[{"href":"https:\/\/ccih51.ch\/de\/wp-json\/wp\/v2\/media?parent=1805"}],"curies":[{"name":"wp","href":"https:\/\/api.w.org\/{rel}","templated":true}]}}