{"id":1853,"date":"2019-07-31T11:16:41","date_gmt":"2019-07-31T09:16:41","guid":{"rendered":"http:\/\/ccih51.ch\/caisse-alfa-historique\/"},"modified":"2026-02-23T14:28:51","modified_gmt":"2026-02-23T13:28:51","slug":"fak-geschichte","status":"publish","type":"page","link":"https:\/\/ccih51.ch\/de\/fak-geschichte\/","title":{"rendered":"FAK Geschichte"},"content":{"rendered":"<div class=\"vce-row-container\" data-vce-boxed-width=\"true\"><div class=\"vce-row vce-row--col-gap-30 cp-area light-grey-area vce-row-content--top\" id=\"el-27049423\" data-vce-do-apply=\"all el-27049423\"><div class=\"vce-row-content\" data-vce-element-content=\"true\"><div class=\"vce-col vce-col--md-auto vce-col--xs-1 vce-col--xs-last vce-col--xs-first vce-col--sm-last vce-col--sm-first vce-col--md-last vce-col--lg-last vce-col--xl-last vce-col--md-first vce-col--lg-first vce-col--xl-first in-v-spacing-large\" id=\"el-ae6cbb1a\"><div class=\"vce-col-inner\" data-vce-do-apply=\"border margin background  el-ae6cbb1a\"><div class=\"vce-col-content\" data-vce-element-content=\"true\" data-vce-do-apply=\"padding el-ae6cbb1a\"><div class=\"vce-row-container\" data-vce-boxed-width=\"true\"><div class=\"vce-row vce-row--col-gap-30 container-gap-both-2 vce-row-content--top\" id=\"el-520369d7\" data-vce-do-apply=\"all el-520369d7\"><div class=\"vce-row-content\" data-vce-element-content=\"true\"><div class=\"vce-col vce-col--md-auto vce-col--xs-1 vce-col--xs-last vce-col--xs-first vce-col--sm-last vce-col--sm-first vce-col--md-last vce-col--lg-last vce-col--xl-last vce-col--md-first vce-col--lg-first vce-col--xl-first\" id=\"el-52dbbf47\"><div class=\"vce-col-inner\" data-vce-do-apply=\"border margin background  el-52dbbf47\"><div class=\"vce-col-content\" data-vce-element-content=\"true\" data-vce-do-apply=\"padding el-52dbbf47\"><div class=\"vce-text-block\"><div class=\"vce-text-block-wrapper vce\" id=\"el-7b38486e\" data-vce-do-apply=\"all el-7b38486e\"><h3>FAK<\/h3><h1 class=\"no-margin-top\">Geschichte<\/h1><\/div><\/div><\/div><\/div><\/div><\/div><\/div><\/div><div class=\"vce-row-container\" data-vce-boxed-width=\"true\"><div class=\"vce-row vce-row--col-gap-30 container-gap-both-2 out-top-spacing-large vce-row-content--top\" id=\"el-06396cfd\" data-vce-do-apply=\"all el-06396cfd\"><div class=\"vce-row-content\" data-vce-element-content=\"true\"><div class=\"vce-col vce-col--md-auto vce-col--xs-1 vce-col--xs-last vce-col--xs-first vce-col--sm-last vce-col--sm-first vce-col--md-last vce-col--lg-last vce-col--xl-last vce-col--md-first vce-col--lg-first vce-col--xl-first\" id=\"el-402c9e1a\"><div class=\"vce-col-inner\" data-vce-do-apply=\"border margin background  el-402c9e1a\"><div class=\"vce-col-content\" data-vce-element-content=\"true\" data-vce-do-apply=\"padding el-402c9e1a\"><div class=\"vce-text-block txt-large-size dark-red three-quarter-content\"><div class=\"vce-text-block-wrapper vce\" id=\"el-af41b913\" data-vce-do-apply=\"all el-af41b913\"><p>Verschiedene in Verbindung mit der Schweizerischen Kammer der Uhrenindustrie stehende Instanzen haben bereits im 1941 die Entrichtung von Kinderzulagen \u00fcber Familienausgleichskassen gepr\u00fcft. Die Gr\u00fcndungsversammlung der Vereinigung der Ausgleichskasse f\u00fcr Familienzulagen der Uhrenindustrie (FAK der Uhrenindustrie) vom 17. Dezember 1941 hat dann schliesslich die ersten Statuten erstellt und angenommen, mit Wirkung auf den 1. Januar 1942. Die monatlichen Zulagen betrugen CHF 8 pro Kind und wurden bereits ab dem ersten Kind ausbezahlt. Die Anzahl Kinder, die Anspruch auf Kinderzulagen hatten, betrug etwa 12'500.<\/p><\/div><\/div><\/div><\/div><\/div><\/div><\/div><\/div><\/div><\/div><\/div><\/div><\/div><\/div><div class=\"vce-row-container\" data-vce-boxed-width=\"true\"><div class=\"vce-row vce-row--col-gap-30 container-gap-both-2 out-top-spacing-large vce-row-content--top\" id=\"el-6e1e0c1d\" data-vce-do-apply=\"all el-6e1e0c1d\"><div class=\"vce-row-content\" data-vce-element-content=\"true\"><div class=\"vce-col vce-col--xs-100p vce-col--xs-visible vce-col--xs-last vce-col--xs-first vce-col--sm-100p vce-col--sm-visible vce-col--sm-last vce-col--sm-first vce-col--md-100p vce-col--md-visible vce-col--md-last vce-col--md-first vce-col--lg-100p vce-col--lg-visible vce-col--lg-last vce-col--lg-first vce-col--xl-auto vce-col--xl-visible vce-col--xl-first\" id=\"el-cf2018a2\"><div class=\"vce-col-inner\" data-vce-do-apply=\"border margin background  el-cf2018a2\"><div class=\"vce-col-content\" data-vce-element-content=\"true\" data-vce-do-apply=\"padding el-cf2018a2\"><div class=\"vce-single-image-container vce-single-image--align-left\"><div class=\"vce vce-single-image-wrapper\" id=\"el-f41b7975\" data-vce-do-apply=\"all el-f41b7975\"><figure><div class=\"vce-single-image-figure-inner\" style=\"width: 1024px;\"><div class=\"vce-single-image-inner vce-single-image--absolute\" style=\"width: 100%; padding-bottom: 66.6016%;\"><img loading=\"lazy\" decoding=\"async\" class=\"vce-single-image\"  width=\"1024\" height=\"682\" srcset=\"https:\/\/ccih51.ch\/wp-content\/uploads\/caisse-alfa-historique-1024x683.webp 1024w, https:\/\/ccih51.ch\/wp-content\/uploads\/caisse-alfa-historique-320x213.webp 320w, https:\/\/ccih51.ch\/wp-content\/uploads\/caisse-alfa-historique-480x320.webp 480w, https:\/\/ccih51.ch\/wp-content\/uploads\/caisse-alfa-historique-800x533.webp 800w\" src=\"https:\/\/ccih51.ch\/wp-content\/uploads\/caisse-alfa-historique-1024x683.webp\" data-img-src=\"https:\/\/ccih51.ch\/wp-content\/uploads\/caisse-alfa-historique.webp\" data-attachment-id=\"6406\"  alt=\"\" title=\"caisse-alfa-historique\" \/><\/div><\/div><figcaption hidden=\"\"><\/figcaption><\/figure><\/div><\/div><\/div><\/div><\/div><div class=\"vce-col vce-col--xs-100p vce-col--xs-visible vce-col--xs-last vce-col--xs-first vce-col--sm-100p vce-col--sm-visible vce-col--sm-last vce-col--sm-first vce-col--md-100p vce-col--md-visible vce-col--md-last vce-col--md-first vce-col--lg-100p vce-col--lg-visible vce-col--lg-last vce-col--lg-first vce-col--xl-auto vce-col--xl-visible vce-col--xl-last\" id=\"el-60069c26\"><div class=\"vce-col-inner\" data-vce-do-apply=\"border margin background  el-60069c26\"><div class=\"vce-col-content\" data-vce-element-content=\"true\" data-vce-do-apply=\"padding el-60069c26\"><div class=\"vce-text-block\"><div class=\"vce-text-block-wrapper vce\" id=\"el-7fa33f1b\" data-vce-do-apply=\"all el-7fa33f1b\"><p>Die FAK der Uhrenindustrie war eine der ersten schweizerische Ausgleichskasse f\u00fcr Familienzulagen und die einzige, die Zulagen bereits an das erste Kind entrichtete. Die wenig anderen Kassen richteten Beitr\u00e4ge f\u00fcr das zweite oder dritte Kind aus.<\/p><p>Bereits im 1943 wurde eine Haushaltungszulage von CHF 25 eingef\u00fchrt, im 1946 eine Geburtszulage von CHF 100. Im 1965 wurden erstmals Ausbildungszulagen in der H\u00f6he von CHF 50 ausbezahlt.<\/p><p>Der Schweizerischen Kammer der Uhrenindustrie standen f\u00fcr die Verwaltung der FAK elf Agenturen zur Verf\u00fcgung, die im direkten Gesch\u00e4ftskontakt mit den Migliedern der ihnen angeschlossenen Arbeitgeberorganisationen waren. Die Einbindung der 11 bestehenden Agenturen war eine Folge der bereits existierenden Struktur f\u00fcr die Milit\u00e4rkasse, die \u00ab Ausgleichskasse der Uhrenindustrie f\u00fcr Erwerbsersatz bei Milit\u00e4rdienst \u00bb. Heute hat die FAK der Uhrenindustrie eine Zentralverwaltung und 2 B\u00fcros.<\/p><\/div><\/div><\/div><\/div><\/div><\/div><\/div><\/div><div class=\"vce-row-container\" data-vce-boxed-width=\"true\"><div class=\"vce-row vce-row--col-gap-30 dark-area out-top-spacing-huge vce-row-content--top\" id=\"el-fda5f015\" data-vce-do-apply=\"all el-fda5f015\"><div class=\"vce-row-content\" data-vce-element-content=\"true\"><div class=\"vce-col vce-col--md-auto vce-col--xs-1 vce-col--xs-last vce-col--xs-first vce-col--sm-last vce-col--sm-first vce-col--md-last vce-col--lg-last vce-col--xl-last vce-col--md-first vce-col--lg-first vce-col--xl-first\" id=\"el-5a4da732\"><div class=\"vce-col-inner\" data-vce-do-apply=\"border margin background  el-5a4da732\"><div class=\"vce-col-content\" data-vce-element-content=\"true\" data-vce-do-apply=\"padding el-5a4da732\"><div class=\"vce-row-container\" data-vce-boxed-width=\"true\"><div class=\"vce-row vce-row--col-gap-30 container-gap-both-2 out-top-spacing-large three-quarter-content vce-row-content--top\" id=\"el-6b503de5\" data-vce-do-apply=\"all el-6b503de5\"><div class=\"vce-row-content\" data-vce-element-content=\"true\"><div class=\"vce-col vce-col--md-auto vce-col--xs-1 vce-col--xs-last vce-col--xs-first vce-col--sm-last vce-col--sm-first vce-col--md-last vce-col--lg-last vce-col--xl-last vce-col--md-first vce-col--lg-first vce-col--xl-first\" id=\"el-50191eac\"><div class=\"vce-col-inner\" data-vce-do-apply=\"border margin background  el-50191eac\"><div class=\"vce-col-content\" data-vce-element-content=\"true\" data-vce-do-apply=\"padding el-50191eac\"><div class=\"vce-text-block txt-large-size\"><div class=\"vce-text-block-wrapper vce\" id=\"el-e6e76b2a\" data-vce-do-apply=\"all el-e6e76b2a\"><p>Im Gr\u00fcndungsjahr 1942 der FAK der Uhrenindustrie hatte noch kein einziger Kanton eine Gesetzgebung f\u00fcr Familienzulagen erlassen.<\/p><\/div><\/div><\/div><\/div><\/div><\/div><\/div><\/div><div class=\"vce-row-container\" data-vce-boxed-width=\"true\"><div class=\"vce-row vce-row--col-gap-30 container-gap-both-2 out-bottom-spacing-large vce-row-content--top\" id=\"el-3000d9a4\" data-vce-do-apply=\"all el-3000d9a4\"><div class=\"vce-row-content\" data-vce-element-content=\"true\"><div class=\"vce-col vce-col--xs-100p vce-col--xs-visible vce-col--xs-last vce-col--xs-first vce-col--sm-100p vce-col--sm-visible vce-col--sm-last vce-col--sm-first vce-col--md-100p vce-col--md-visible vce-col--md-last vce-col--md-first vce-col--lg-100p vce-col--lg-visible vce-col--lg-last vce-col--lg-first vce-col--xl-auto vce-col--xl-visible vce-col--xl-first\" id=\"el-294f7288\"><div class=\"vce-col-inner\" data-vce-do-apply=\"border margin background  el-294f7288\"><div class=\"vce-col-content\" data-vce-element-content=\"true\" data-vce-do-apply=\"padding el-294f7288\"><div class=\"vce-text-block\"><div class=\"vce-text-block-wrapper vce\" id=\"el-11fd7d46\" data-vce-do-apply=\"all el-11fd7d46\"><p>Der erste Kanton war Waadt im 1943, gefolgt von Genf im 1944, Freiburg, Neuenburg und Luzern im 1945 und Wallis im 1949. Das Schlusslicht war Appenzell Ausserrhoden im 1965. Der im 1978 gegr\u00fcndete Kanton Jura hat ebenfalls eine Gesetz f\u00fcr Familienzulagen erlassen. Auf Bundesebene trat das Familienzulagegesetz schliesslich im 2009 in Kraft.<\/p>\n<p>Seit 1961 bezahlt der \u00ab Ausgleichsdienst f\u00fcr zus\u00e4tzliche Entsch\u00e4digung bei Milit\u00e4rdienst&nbsp;\u00bb einen Ausgleich der Lasten, die sich aus der Bezahlung der L\u00f6hne an die Arbeitnehmer(innen) und den ausgerichteten Entsch\u00e4digungen der bundesrechtlichen Erwerbsersatzordnung und kantonaler Bestimmungen ergeben.<\/p>\n<p>Im Rahmen der im 2005 eingef\u00fchrten Mutterschaftversicherung auf Bundesebene ist dieser Ausgleichsdienst f\u00fcr die Mutterschaft erweitert worden.<\/p><\/div><\/div><\/div><\/div><\/div><div class=\"vce-col vce-col--xs-100p vce-col--xs-visible vce-col--xs-last vce-col--xs-first vce-col--sm-100p vce-col--sm-visible vce-col--sm-last vce-col--sm-first vce-col--md-100p vce-col--md-visible vce-col--md-last vce-col--md-first vce-col--lg-100p vce-col--lg-visible vce-col--lg-last vce-col--lg-first vce-col--xl-auto vce-col--xl-visible vce-col--xl-last\" id=\"el-6ece120d\"><div class=\"vce-col-inner\" data-vce-do-apply=\"border margin background  el-6ece120d\"><div class=\"vce-col-content\" data-vce-element-content=\"true\" data-vce-do-apply=\"padding el-6ece120d\"><div class=\"vce-text-block\"><div class=\"vce-text-block-wrapper vce\" id=\"el-9135b1ff\" data-vce-do-apply=\"all el-9135b1ff\"><p>Im 1971 wurde die FAK der Uhrenindustrie damit beauftragt, die Beitr\u00e4ge f\u00fcr Prevhor zu erheben, auf derselben Basis wie die FAK-Beitr\u00e4ge. Prevhor wurde im 1971 gegr\u00fcndet. Diese Institution, die vollumf\u00e4nglich von den Arbeitgebern finanziert wird, bezweckt die Ausgabe von Prevhor-Zertifikaten an berechtigte Arbeitnehmer. Dar\u00fcber hinaus deckt sie einen Teil der Kosten f\u00fcr die berufliche Aus- und Weiterbildung der den Gesamtarbeitsvertr\u00e4gen unterstellten Betriebe und Arbeitnehmerorganisationen.<\/p>\n<p>Die Einf\u00fchrung der Informatik im 1989 war ein Meilenstein in Bezug auf die Organisation.<\/p>\n<p>Aufgrund der revidierten Gesamtarbeitsvertr\u00e4gen wurde im 2017 die Arbeitgeberbeteiligung f\u00fcr die Krankenversicherung der Kinder durch eine Erg\u00e4nzungs-Kinderzulage \/Ausbildungszulage ersetzt. Letztere wurde somit von CHF 30 auf CHF 82.50 erh\u00f6ht.<\/p><\/div><\/div><\/div><\/div><\/div><\/div><\/div><\/div><\/div><\/div><\/div><\/div><\/div><\/div><div class=\"vce-row-container\" data-vce-boxed-width=\"true\"><div class=\"vce-row vce-row--col-gap-30 container-gap-both-2 out-top-spacing-large vce-row-content--top\" id=\"el-36d3046e\" data-vce-do-apply=\"all el-36d3046e\"><div class=\"vce-row-content\" data-vce-element-content=\"true\"><div class=\"vce-col vce-col--md-auto vce-col--xs-1 vce-col--xs-last vce-col--xs-first vce-col--sm-last vce-col--sm-first vce-col--md-last vce-col--lg-last vce-col--xl-last vce-col--md-first vce-col--lg-first vce-col--xl-first\" id=\"el-157524e6\"><div class=\"vce-col-inner\" data-vce-do-apply=\"border margin background  el-157524e6\"><div class=\"vce-col-content\" data-vce-element-content=\"true\" data-vce-do-apply=\"padding el-157524e6\"><div class=\"vce-text-block\" id=\"agences\"><div class=\"vce-text-block-wrapper vce\" id=\"el-3398d476\" data-vce-do-apply=\"all el-3398d476\"><h2>Heute<\/h2><\/div><\/div><div class=\"vce-text-block txt-large-size dark-red three-quarter-content\"><div class=\"vce-text-block-wrapper vce\" id=\"el-313cf701\" data-vce-do-apply=\"all el-313cf701\"><p>&nbsp;Die FAK der Uhrenindustrie z\u00e4hlt 759 affilierte Unternehmen und 59'600 Versicherte. Im Durchschnitt werden monatlich 25\u2019000 Kinderzulagen, 8\u2019200 Ausbildungszulagen und 43'000 Erg\u00e4nzungszulagen ausbezahlt.<\/p><\/div><\/div><\/div><\/div><\/div><\/div><\/div><\/div><div class=\"vce-row-container\" data-vce-boxed-width=\"true\"><div class=\"vce-row vce-row--col-gap-30 container-gap-both-2 sct-organes out-top-spacing-medium vce-row-content--top\" id=\"el-6811ff4b\" data-vce-do-apply=\"all el-6811ff4b\"><div class=\"vce-row-content\" data-vce-element-content=\"true\"><div class=\"vce-col vce-col--xs-100p vce-col--xs-visible vce-col--xs-last vce-col--xs-first vce-col--sm-100p vce-col--sm-visible vce-col--sm-last vce-col--sm-first vce-col--md-auto vce-col--md-visible vce-col--md-first vce-col--lg-auto vce-col--lg-visible vce-col--lg-first vce-col--xl-auto vce-col--xl-visible vce-col--xl-first\" id=\"el-9062578f\"><div class=\"vce-col-inner\" data-vce-do-apply=\"border margin background  el-9062578f\"><div class=\"vce-col-content\" data-vce-element-content=\"true\" data-vce-do-apply=\"padding el-9062578f\"><div class=\"vce-text-block\"><div class=\"vce-text-block-wrapper vce\" id=\"el-dea932e9\" data-vce-do-apply=\"all el-dea932e9\"><p><span class=\"txt-medium-size\">Pr\u00e4sident<br><\/span><span class=\"grey\">Philippe Bauer<\/span><\/p><\/div><\/div><\/div><\/div><\/div><div class=\"vce-col vce-col--xs-100p vce-col--xs-visible vce-col--xs-last vce-col--xs-first vce-col--sm-100p vce-col--sm-visible vce-col--sm-last vce-col--sm-first vce-col--md-auto vce-col--md-visible vce-col--md-last vce-col--lg-auto vce-col--lg-visible vce-col--lg-last vce-col--xl-auto vce-col--xl-visible vce-col--xl-last\" id=\"el-ea3d6a21\"><div class=\"vce-col-inner\" data-vce-do-apply=\"border margin background  el-ea3d6a21\"><div class=\"vce-col-content\" data-vce-element-content=\"true\" data-vce-do-apply=\"padding el-ea3d6a21\"><div class=\"vce-text-block\"><div class=\"vce-text-block-wrapper vce\" id=\"el-b9832c4e\" data-vce-do-apply=\"all el-b9832c4e\"><p><span class=\"txt-medium-size\">Direktor<br><\/span><span class=\"grey\">Christian von Sury<\/span><\/p><\/div><\/div><\/div><\/div><\/div><\/div><\/div><\/div><div class=\"vce-row-container\" data-vce-boxed-width=\"true\"><div class=\"vce-row vce-row--col-gap-30 container-gap-both-2 sct-organes out-top-spacing-small vce-row-content--top\" id=\"el-7cb4699f\" data-vce-do-apply=\"all el-7cb4699f\"><div class=\"vce-row-content\" data-vce-element-content=\"true\"><div class=\"vce-col vce-col--md-auto vce-col--xs-1 vce-col--xs-last vce-col--xs-first vce-col--sm-last vce-col--sm-first vce-col--md-first vce-col--lg-first vce-col--xl-first\" id=\"el-f973ab53\"><div class=\"vce-col-inner\" data-vce-do-apply=\"border margin background  el-f973ab53\"><div class=\"vce-col-content\" data-vce-element-content=\"true\" data-vce-do-apply=\"padding el-f973ab53\"><div class=\"vce-text-block\"><div class=\"vce-text-block-wrapper vce\" id=\"el-ad07dcc7\" data-vce-do-apply=\"all el-ad07dcc7\"><p><span class=\"txt-medium-size\">Ehemalige Pr\u00e4sidenten<\/span><br><span class=\"grey\">Dominique Cl\u00e9ment<br>Emile Charroton<br>Eric Jeanmonod<br>Jean-Jacques Ducommun<br>Blaise Clerc<br>Edgar Primault<br>Max Petitpierre<br>Albert Rais<\/span><\/p><p>&nbsp;<\/p><\/div><\/div><\/div><\/div><\/div><div class=\"vce-col vce-col--md-auto vce-col--xs-1 vce-col--xs-last vce-col--xs-first vce-col--sm-last vce-col--sm-first vce-col--md-last vce-col--lg-last vce-col--xl-last\" id=\"el-e43afac7\"><div class=\"vce-col-inner\" data-vce-do-apply=\"border margin background  el-e43afac7\"><div class=\"vce-col-content\" data-vce-element-content=\"true\" data-vce-do-apply=\"padding el-e43afac7\"><div class=\"vce-text-block\"><div class=\"vce-text-block-wrapper vce\" id=\"el-edae6d69\" data-vce-do-apply=\"all el-edae6d69\"><p><span class=\"txt-medium-size\">Ehemalige Verwalter<br><\/span><span class=\"grey\">Jean-Michel L\u00fcthy<br>Rudolf Berner<br>Andr\u00e9 Pettavel<br>Albert Amez-Droz<\/span><\/p><\/div><\/div><\/div><\/div><\/div><\/div><\/div><\/div>\n","protected":false},"excerpt":{"rendered":"<p>FAKGeschichteVerschiedene in Verbindung mit der Schweizerischen Kammer der Uhrenindustrie stehende Instanzen haben bereits im 1941 die Entrichtung von Kinderzulagen \u00fcber Familienausgleichskassen gepr\u00fcft. Die Gr\u00fcndungsversammlung der Vereinigung der Ausgleichskasse f\u00fcr Familienzulagen der Uhrenindustrie (FAK der Uhrenindustrie) vom 17. Dezember 1941 hat dann schliesslich die ersten Statuten erstellt und angenommen, mit Wirkung auf den 1. Januar 1942. [&hellip;]<\/p>\n","protected":false},"author":1,"featured_media":0,"parent":0,"menu_order":0,"comment_status":"closed","ping_status":"closed","template":"templates\/template-page.php","meta":{"_acf_changed":false,"footnotes":""},"class_list":["post-1853","page","type-page","status-publish","hentry"],"acf":[],"yoast_head":"<!-- This site is optimized with the Yoast SEO plugin v27.0 - https:\/\/yoast.com\/product\/yoast-seo-wordpress\/ -->\n<title>CCIH - Caisse de Compensation de l&#039;industrie horlog\u00e8re - FAK Geschichte<\/title>\n<meta name=\"robots\" content=\"index, follow, max-snippet:-1, max-image-preview:large, max-video-preview:-1\" \/>\n<link rel=\"canonical\" href=\"https:\/\/ccih51.ch\/de\/fak-geschichte\/\" \/>\n<meta property=\"og:locale\" content=\"de_DE\" \/>\n<meta property=\"og:type\" content=\"article\" \/>\n<meta property=\"og:title\" content=\"CCIH - Caisse de Compensation de l&#039;industrie horlog\u00e8re - FAK Geschichte\" \/>\n<meta property=\"og:description\" content=\"FAKGeschichteVerschiedene in Verbindung mit der Schweizerischen Kammer der Uhrenindustrie stehende Instanzen haben bereits im 1941 die Entrichtung von Kinderzulagen \u00fcber Familienausgleichskassen gepr\u00fcft. Die Gr\u00fcndungsversammlung der Vereinigung der Ausgleichskasse f\u00fcr Familienzulagen der Uhrenindustrie (FAK der Uhrenindustrie) vom 17. Dezember 1941 hat dann schliesslich die ersten Statuten erstellt und angenommen, mit Wirkung auf den 1. Januar 1942. [&hellip;]\" \/>\n<meta property=\"og:url\" content=\"https:\/\/ccih51.ch\/de\/fak-geschichte\/\" \/>\n<meta property=\"og:site_name\" content=\"CCIH - Caisse de Compensation de l&#039;industrie horlog\u00e8re\" \/>\n<meta property=\"article:modified_time\" content=\"2026-02-23T13:28:51+00:00\" \/>\n<meta name=\"twitter:card\" content=\"summary_large_image\" \/>\n<meta name=\"twitter:label1\" content=\"Gesch\u00e4tzte Lesezeit\" \/>\n\t<meta name=\"twitter:data1\" content=\"2\u00a0Minuten\" \/>\n<script type=\"application\/ld+json\" class=\"yoast-schema-graph\">{\"@context\":\"https:\/\/schema.org\",\"@graph\":[{\"@type\":\"WebPage\",\"@id\":\"https:\/\/ccih51.ch\/de\/fak-geschichte\/\",\"url\":\"https:\/\/ccih51.ch\/de\/fak-geschichte\/\",\"name\":\"CCIH - Caisse de Compensation de l&#039;industrie horlog\u00e8re - FAK Geschichte\",\"isPartOf\":{\"@id\":\"https:\/\/ccih51.ch\/#website\"},\"datePublished\":\"2019-07-31T09:16:41+00:00\",\"dateModified\":\"2026-02-23T13:28:51+00:00\",\"breadcrumb\":{\"@id\":\"https:\/\/ccih51.ch\/de\/fak-geschichte\/#breadcrumb\"},\"inLanguage\":\"de\",\"potentialAction\":[{\"@type\":\"ReadAction\",\"target\":[\"https:\/\/ccih51.ch\/de\/fak-geschichte\/\"]}]},{\"@type\":\"BreadcrumbList\",\"@id\":\"https:\/\/ccih51.ch\/de\/fak-geschichte\/#breadcrumb\",\"itemListElement\":[{\"@type\":\"ListItem\",\"position\":1,\"name\":\"Accueil\",\"item\":\"https:\/\/ccih51.ch\/de\/\"},{\"@type\":\"ListItem\",\"position\":2,\"name\":\"FAK Geschichte\"}]},{\"@type\":\"WebSite\",\"@id\":\"https:\/\/ccih51.ch\/#website\",\"url\":\"https:\/\/ccih51.ch\/\",\"name\":\"CCIH - Caisse de Compensation de l&#039;industrie horlog\u00e8re\",\"description\":\"Le site de la caisse de compensation de l\u2019industrie horlog\u00e8re CCIH no 51, compos\u00e9s de la caisse AVS et la caisse ALFA, donne des informations utiles sur les assurances sociales AVS\/AI\/APG et les allocations familiales.\",\"potentialAction\":[{\"@type\":\"SearchAction\",\"target\":{\"@type\":\"EntryPoint\",\"urlTemplate\":\"https:\/\/ccih51.ch\/?s={search_term_string}\"},\"query-input\":{\"@type\":\"PropertyValueSpecification\",\"valueRequired\":true,\"valueName\":\"search_term_string\"}}],\"inLanguage\":\"de\"}]}<\/script>\n<!-- \/ Yoast SEO plugin. -->","yoast_head_json":{"title":"CCIH - Caisse de Compensation de l&#039;industrie horlog\u00e8re - FAK Geschichte","robots":{"index":"index","follow":"follow","max-snippet":"max-snippet:-1","max-image-preview":"max-image-preview:large","max-video-preview":"max-video-preview:-1"},"canonical":"https:\/\/ccih51.ch\/de\/fak-geschichte\/","og_locale":"de_DE","og_type":"article","og_title":"CCIH - Caisse de Compensation de l&#039;industrie horlog\u00e8re - FAK Geschichte","og_description":"FAKGeschichteVerschiedene in Verbindung mit der Schweizerischen Kammer der Uhrenindustrie stehende Instanzen haben bereits im 1941 die Entrichtung von Kinderzulagen \u00fcber Familienausgleichskassen gepr\u00fcft. Die Gr\u00fcndungsversammlung der Vereinigung der Ausgleichskasse f\u00fcr Familienzulagen der Uhrenindustrie (FAK der Uhrenindustrie) vom 17. Dezember 1941 hat dann schliesslich die ersten Statuten erstellt und angenommen, mit Wirkung auf den 1. Januar 1942. [&hellip;]","og_url":"https:\/\/ccih51.ch\/de\/fak-geschichte\/","og_site_name":"CCIH - Caisse de Compensation de l&#039;industrie horlog\u00e8re","article_modified_time":"2026-02-23T13:28:51+00:00","twitter_card":"summary_large_image","twitter_misc":{"Gesch\u00e4tzte Lesezeit":"2\u00a0Minuten"},"schema":{"@context":"https:\/\/schema.org","@graph":[{"@type":"WebPage","@id":"https:\/\/ccih51.ch\/de\/fak-geschichte\/","url":"https:\/\/ccih51.ch\/de\/fak-geschichte\/","name":"CCIH - Caisse de Compensation de l&#039;industrie horlog\u00e8re - FAK Geschichte","isPartOf":{"@id":"https:\/\/ccih51.ch\/#website"},"datePublished":"2019-07-31T09:16:41+00:00","dateModified":"2026-02-23T13:28:51+00:00","breadcrumb":{"@id":"https:\/\/ccih51.ch\/de\/fak-geschichte\/#breadcrumb"},"inLanguage":"de","potentialAction":[{"@type":"ReadAction","target":["https:\/\/ccih51.ch\/de\/fak-geschichte\/"]}]},{"@type":"BreadcrumbList","@id":"https:\/\/ccih51.ch\/de\/fak-geschichte\/#breadcrumb","itemListElement":[{"@type":"ListItem","position":1,"name":"Accueil","item":"https:\/\/ccih51.ch\/de\/"},{"@type":"ListItem","position":2,"name":"FAK Geschichte"}]},{"@type":"WebSite","@id":"https:\/\/ccih51.ch\/#website","url":"https:\/\/ccih51.ch\/","name":"CCIH - Caisse de Compensation de l&#039;industrie horlog\u00e8re","description":"Le site de la caisse de compensation de l\u2019industrie horlog\u00e8re CCIH no 51, compos\u00e9s de la caisse AVS et la caisse ALFA, donne des informations utiles sur les assurances sociales AVS\/AI\/APG et les allocations familiales.","potentialAction":[{"@type":"SearchAction","target":{"@type":"EntryPoint","urlTemplate":"https:\/\/ccih51.ch\/?s={search_term_string}"},"query-input":{"@type":"PropertyValueSpecification","valueRequired":true,"valueName":"search_term_string"}}],"inLanguage":"de"}]}},"_links":{"self":[{"href":"https:\/\/ccih51.ch\/de\/wp-json\/wp\/v2\/pages\/1853","targetHints":{"allow":["GET"]}}],"collection":[{"href":"https:\/\/ccih51.ch\/de\/wp-json\/wp\/v2\/pages"}],"about":[{"href":"https:\/\/ccih51.ch\/de\/wp-json\/wp\/v2\/types\/page"}],"author":[{"embeddable":true,"href":"https:\/\/ccih51.ch\/de\/wp-json\/wp\/v2\/users\/1"}],"replies":[{"embeddable":true,"href":"https:\/\/ccih51.ch\/de\/wp-json\/wp\/v2\/comments?post=1853"}],"version-history":[{"count":18,"href":"https:\/\/ccih51.ch\/de\/wp-json\/wp\/v2\/pages\/1853\/revisions"}],"predecessor-version":[{"id":7119,"href":"https:\/\/ccih51.ch\/de\/wp-json\/wp\/v2\/pages\/1853\/revisions\/7119"}],"wp:attachment":[{"href":"https:\/\/ccih51.ch\/de\/wp-json\/wp\/v2\/media?parent=1853"}],"curies":[{"name":"wp","href":"https:\/\/api.w.org\/{rel}","templated":true}]}}