{"id":1866,"date":"2019-07-31T16:21:18","date_gmt":"2019-07-31T14:21:18","guid":{"rendered":"http:\/\/ccih51.ch\/caisse-alfa-membres\/"},"modified":"2026-03-05T09:34:08","modified_gmt":"2026-03-05T08:34:08","slug":"fak-mitglieder","status":"publish","type":"page","link":"https:\/\/ccih51.ch\/de\/fak-mitglieder\/","title":{"rendered":"FAK Mitglieder"},"content":{"rendered":"<div class=\"vce-row-container\" data-vce-boxed-width=\"true\"><div class=\"vce-row vce-row--col-gap-30 fp-area light-grey-area in-v-spacing-large vce-row-content--top\" id=\"el-10e5e8b2\" data-vce-do-apply=\"all el-10e5e8b2\"><div class=\"vce-row-content\" data-vce-element-content=\"true\"><div class=\"vce-col vce-col--md-auto vce-col--xs-1 vce-col--xs-last vce-col--xs-first vce-col--sm-last vce-col--sm-first vce-col--md-last vce-col--lg-last vce-col--xl-last vce-col--md-first vce-col--lg-first vce-col--xl-first\" id=\"el-84a8f3ef\"><div class=\"vce-col-inner\" data-vce-do-apply=\"border margin background  el-84a8f3ef\"><div class=\"vce-col-content\" data-vce-element-content=\"true\" data-vce-do-apply=\"padding el-84a8f3ef\"><div class=\"vce-text-block container-gap-both-2 in-v-spacing-larg\"><div class=\"vce-text-block-wrapper vce\" id=\"el-d1e1834a\" data-vce-do-apply=\"all el-d1e1834a\"><h3>FAK<\/h3><h1 class=\"no-margin-top\">Mitglieder<\/h1><\/div><\/div><div class=\"vce-text-block out-top-spacing-huge gap-left-2 three-quarter-content txt-large-size dark-red\"><div class=\"vce-text-block-wrapper vce\" id=\"el-363328a7\" data-vce-do-apply=\"all el-363328a7\"><p>Die Unternehmen welche einer der f\u00fcnf Arbeitgeber- bzw. sektoriellen Verb\u00e4nde, welche ihrerseits Kollektivmitglieder unserer ALFA Kasse sind, angeh\u00f6ren, treten unserem Verband obligatorisch bei.<\/p><\/div><\/div><div class=\"vce-text-block gap-left-2 three-quarter-content\"><div class=\"vce-text-block-wrapper vce\" id=\"el-bb426cf9\" data-vce-do-apply=\"all el-bb426cf9\"><p>In Ausnahmef\u00e4llen kann der Vorstand ebenfalls \"angeschlossene Firmen\" ohne Mitgliedeigenschaft, als Unternehmen der Uhren- und Mikrotechnikindustrie zulassen, welches nicht einem Verband, der Kollektivmitglied ist, angeh\u00f6rt.<\/p><p>Im Kanton Wallis haben die Walliser Arbeitgeber die gesetzliche Pflicht sich an die anerkannte oder zugelassene Familienausgleichskasse ihres T\u00e4tigkeitssektors anzuschliessen. Bei der FAK der Uhrenindustrie werden diese Unternehmen, auch Dissidenten genannt, aufgrund von besonderen Bedingungen, automatisch an unsere Agentur 3 in Genf angeschlossen.<\/p><\/div><\/div><\/div><\/div><\/div><\/div><\/div><\/div><div class=\"vce-row-container\" data-vce-boxed-width=\"true\"><div class=\"vce-row vce-row--col-gap-30 container-gap-both-2 out-top-spacing-huge vce-row-content--top\" id=\"el-cf83a6b9\" data-vce-do-apply=\"all el-cf83a6b9\"><div class=\"vce-row-content\" data-vce-element-content=\"true\"><div class=\"vce-col vce-col--md-auto vce-col--xs-1 vce-col--xs-last vce-col--xs-first vce-col--sm-last vce-col--sm-first vce-col--md-last vce-col--lg-last vce-col--xl-last vce-col--md-first vce-col--lg-first vce-col--xl-first\" id=\"el-c85aeb1d\"><div class=\"vce-col-inner\" data-vce-do-apply=\"border margin background  el-c85aeb1d\"><div class=\"vce-col-content\" data-vce-element-content=\"true\" data-vce-do-apply=\"padding el-c85aeb1d\"><div class=\"vce-text-block\"><div class=\"vce-text-block-wrapper vce\" id=\"el-efb9b3cc\" data-vce-do-apply=\"all el-efb9b3cc\"><h2>Liste der gemeinsamen Mitglieder der Kasse<\/h2><\/div><\/div><\/div><\/div><\/div><\/div><\/div><\/div><div class=\"vce-row-container\" data-vce-boxed-width=\"true\"><div class=\"vce-row vce-row--col-gap-30 gap-both-2 vce-row-content--top\" id=\"el-c42e9b9c\" data-vce-do-apply=\"all el-c42e9b9c\"><div class=\"vce-row-content\" data-vce-element-content=\"true\"><div class=\"vce-col vce-col--md-auto vce-col--xs-1 vce-col--xs-last vce-col--xs-first vce-col--sm-last vce-col--sm-first vce-col--md-last vce-col--lg-last vce-col--xl-last vce-col--md-first vce-col--lg-first vce-col--xl-first\" id=\"el-5616a13c\"><div class=\"vce-col-inner\" data-vce-do-apply=\"border margin background  el-5616a13c\"><div class=\"vce-col-content\" data-vce-element-content=\"true\" data-vce-do-apply=\"padding el-5616a13c\"><div class=\"vce-row-container\" data-vce-boxed-width=\"true\"><div class=\"vce-row vce-row--col-gap-30 out-top-spacing-medium vce-row-content--top\" id=\"el-cab04b76\" data-vce-do-apply=\"all el-cab04b76\"><div class=\"vce-row-content\" data-vce-element-content=\"true\"><div class=\"vce-col vce-col--md-auto vce-col--xs-1 vce-col--xs-last vce-col--xs-first vce-col--sm-last vce-col--sm-first vce-col--md-first vce-col--lg-first vce-col--xl-first\" id=\"el-07248595\"><div class=\"vce-col-inner\" data-vce-do-apply=\"border margin background  el-07248595\"><div class=\"vce-col-content\" data-vce-element-content=\"true\" data-vce-do-apply=\"padding el-07248595\"><div class=\"vce-text-block text-box  out-bottom-spacing-small\"><div class=\"vce-text-block-wrapper vce\" id=\"el-17141c4c\" data-vce-do-apply=\"all el-17141c4c\"><h3><strong>Association patronale des industries de l'arc-horloger (apiah)<\/strong><\/h3><p>Rue du Temple-Allemand 47<br>Case postale 51<br>2301 La Chaux-de-Fonds<\/p><hr><p>T. <a href=\"tel:+0041323444615\">032 \/ 344 46 15<\/a><\/p><hr><p><a href=\"mailto:apiah@arc-horloger.ch\">apiah@arc-horloger.ch<\/a><\/p><hr><p>Generalsekret\u00e4rin:<br>Frau S\u00e9verine Favre<\/p><\/div><\/div><div class=\"vce-text-block text-box  out-bottom-spacing-small\"><div class=\"vce-text-block-wrapper vce\" id=\"el-091ee1b2\" data-vce-do-apply=\"all el-091ee1b2\"><h3><strong>Union des fabricants d'horlogerie de Gen\u00e8ve, Vaud et Valais (UFGVV)<\/strong><\/h3><p>Rue du 31-D\u00e9cembre 70<br>1207 Gen\u00e8ve<\/p><hr><p>T. <a href=\"tel:+0041228070091\">022 \/ 807 00 91<\/a><\/p><hr><p><a href=\"mailto:ufgvv@ufgvv.ch\">ufgvv@ufgvv.ch<\/a><\/p><hr><p>Generalsekret\u00e4rin:<br>Frau Nathalie Bloch<\/p><\/div><\/div><div class=\"vce-text-block text-box  out-bottom-spacing-small\"><div class=\"vce-text-block-wrapper vce\" id=\"el-84bc7e51\" data-vce-do-apply=\"all el-84bc7e51\"><h3><strong>Association Swatch Group Industries<\/strong><\/h3><p>Fbg du Lac 6<br>2501 Bienne<\/p><hr><p>T. <a href=\"tel:+0041323436811\">032 \/ 343 68 11<\/a><\/p><hr><p><a href=\"mailto:stephanie.pantet@swatchgroup.com\">stephanie.pantet@swatchgroup.com<\/a><\/p><hr><p>Generalsekret\u00e4rin:<br>Frau St\u00e9phanie Pantet<\/p><\/div><\/div><\/div><\/div><\/div><div class=\"vce-col vce-col--md-auto vce-col--xs-1 vce-col--xs-last vce-col--xs-first vce-col--sm-last vce-col--sm-first vce-col--md-last vce-col--lg-last vce-col--xl-last\" id=\"el-71e0349b\"><div class=\"vce-col-inner\" data-vce-do-apply=\"border margin background  el-71e0349b\"><div class=\"vce-col-content\" data-vce-element-content=\"true\" data-vce-do-apply=\"padding el-71e0349b\"><div class=\"vce-text-block text-box  out-bottom-spacing-small\"><div class=\"vce-text-block-wrapper vce\" id=\"el-b8636695\" data-vce-do-apply=\"all el-b8636695\"><h3><strong>Association patronale de l'horlogerie et de la microtechnique (APHM)<\/strong><\/h3><p>Silbergasse 6<br>Postfach<br>2501 Biel<\/p><hr><p>T. <a href=\"tel:+0041323288000\">032 \/ 328 80 00<\/a><\/p><hr><p><a href=\"mailto:adm@aphm-cc514.ch\">adm@aphm-cc514.ch<\/a><\/p><hr><p>Generalsekret\u00e4rin:<br>Frau Chantal Brunner<\/p><\/div><\/div><div class=\"vce-text-block text-box  out-bottom-spacing-small\"><div class=\"vce-text-block-wrapper vce\" id=\"el-68aba34b\" data-vce-do-apply=\"all el-68aba34b\"><h3><strong>Verband deutschschweizerischer Uhrenfabrikanten (VdU)<\/strong><\/h3><p>R\u00f6tistrasse 22<br>4500 Solothurn<\/p><hr><p>T. <a href=\"tel:+0041326225223\">032 \/ 622 52 23<\/a><\/p><hr><p><a href=\"mailto:ainfo@vdu.ch\">info@vdu.ch<\/a><\/p><hr><p><a href=\"http:\/\/vdu.ch\/\" target=\"_blank\" rel=\"noopener\">www.vdu.ch<\/a><\/p><hr><p>Generalsekret\u00e4r:<br>Herr Thomas F\u00fcrst<\/p><\/div><\/div><\/div><\/div><\/div><\/div><\/div><\/div><\/div><\/div><\/div><\/div><\/div><\/div>\n","protected":false},"excerpt":{"rendered":"<p>FAKMitgliederDie Unternehmen welche einer der f\u00fcnf Arbeitgeber- bzw. sektoriellen Verb\u00e4nde, welche ihrerseits Kollektivmitglieder unserer ALFA Kasse sind, angeh\u00f6ren, treten unserem Verband obligatorisch bei.In Ausnahmef\u00e4llen kann der Vorstand ebenfalls &#8222;angeschlossene Firmen&#8220; ohne Mitgliedeigenschaft, als Unternehmen der Uhren- und Mikrotechnikindustrie zulassen, welches nicht einem Verband, der Kollektivmitglied ist, angeh\u00f6rt.Im Kanton Wallis haben die Walliser Arbeitgeber die gesetzliche [&hellip;]<\/p>\n","protected":false},"author":1,"featured_media":0,"parent":0,"menu_order":0,"comment_status":"closed","ping_status":"closed","template":"templates\/template-page.php","meta":{"_acf_changed":false,"footnotes":""},"class_list":["post-1866","page","type-page","status-publish","hentry"],"acf":[],"yoast_head":"<!-- This site is optimized with the Yoast SEO plugin v27.0 - https:\/\/yoast.com\/product\/yoast-seo-wordpress\/ -->\n<title>CCIH - Caisse de Compensation de l&#039;industrie horlog\u00e8re - FAK Mitglieder<\/title>\n<meta name=\"robots\" content=\"index, follow, max-snippet:-1, max-image-preview:large, max-video-preview:-1\" \/>\n<link rel=\"canonical\" href=\"https:\/\/ccih51.ch\/de\/fak-mitglieder\/\" \/>\n<meta property=\"og:locale\" content=\"de_DE\" \/>\n<meta property=\"og:type\" content=\"article\" \/>\n<meta property=\"og:title\" content=\"CCIH - Caisse de Compensation de l&#039;industrie horlog\u00e8re - FAK Mitglieder\" \/>\n<meta property=\"og:description\" content=\"FAKMitgliederDie Unternehmen welche einer der f\u00fcnf Arbeitgeber- bzw. sektoriellen Verb\u00e4nde, welche ihrerseits Kollektivmitglieder unserer ALFA Kasse sind, angeh\u00f6ren, treten unserem Verband obligatorisch bei.In Ausnahmef\u00e4llen kann der Vorstand ebenfalls &quot;angeschlossene Firmen&quot; ohne Mitgliedeigenschaft, als Unternehmen der Uhren- und Mikrotechnikindustrie zulassen, welches nicht einem Verband, der Kollektivmitglied ist, angeh\u00f6rt.Im Kanton Wallis haben die Walliser Arbeitgeber die gesetzliche [&hellip;]\" \/>\n<meta property=\"og:url\" content=\"https:\/\/ccih51.ch\/de\/fak-mitglieder\/\" \/>\n<meta property=\"og:site_name\" content=\"CCIH - Caisse de Compensation de l&#039;industrie horlog\u00e8re\" \/>\n<meta property=\"article:modified_time\" content=\"2026-03-05T08:34:08+00:00\" \/>\n<meta name=\"twitter:card\" content=\"summary_large_image\" \/>\n<meta name=\"twitter:label1\" content=\"Gesch\u00e4tzte Lesezeit\" \/>\n\t<meta name=\"twitter:data1\" content=\"1\u00a0Minute\" \/>\n<script type=\"application\/ld+json\" class=\"yoast-schema-graph\">{\"@context\":\"https:\/\/schema.org\",\"@graph\":[{\"@type\":\"WebPage\",\"@id\":\"https:\/\/ccih51.ch\/de\/fak-mitglieder\/\",\"url\":\"https:\/\/ccih51.ch\/de\/fak-mitglieder\/\",\"name\":\"CCIH - Caisse de Compensation de l&#039;industrie horlog\u00e8re - FAK Mitglieder\",\"isPartOf\":{\"@id\":\"https:\/\/ccih51.ch\/#website\"},\"datePublished\":\"2019-07-31T14:21:18+00:00\",\"dateModified\":\"2026-03-05T08:34:08+00:00\",\"breadcrumb\":{\"@id\":\"https:\/\/ccih51.ch\/de\/fak-mitglieder\/#breadcrumb\"},\"inLanguage\":\"de\",\"potentialAction\":[{\"@type\":\"ReadAction\",\"target\":[\"https:\/\/ccih51.ch\/de\/fak-mitglieder\/\"]}]},{\"@type\":\"BreadcrumbList\",\"@id\":\"https:\/\/ccih51.ch\/de\/fak-mitglieder\/#breadcrumb\",\"itemListElement\":[{\"@type\":\"ListItem\",\"position\":1,\"name\":\"Accueil\",\"item\":\"https:\/\/ccih51.ch\/de\/\"},{\"@type\":\"ListItem\",\"position\":2,\"name\":\"FAK Mitglieder\"}]},{\"@type\":\"WebSite\",\"@id\":\"https:\/\/ccih51.ch\/#website\",\"url\":\"https:\/\/ccih51.ch\/\",\"name\":\"CCIH - Caisse de Compensation de l&#039;industrie horlog\u00e8re\",\"description\":\"Le site de la caisse de compensation de l\u2019industrie horlog\u00e8re CCIH no 51, compos\u00e9s de la caisse AVS et la caisse ALFA, donne des informations utiles sur les assurances sociales AVS\/AI\/APG et les allocations familiales.\",\"potentialAction\":[{\"@type\":\"SearchAction\",\"target\":{\"@type\":\"EntryPoint\",\"urlTemplate\":\"https:\/\/ccih51.ch\/?s={search_term_string}\"},\"query-input\":{\"@type\":\"PropertyValueSpecification\",\"valueRequired\":true,\"valueName\":\"search_term_string\"}}],\"inLanguage\":\"de\"}]}<\/script>\n<!-- \/ Yoast SEO plugin. -->","yoast_head_json":{"title":"CCIH - Caisse de Compensation de l&#039;industrie horlog\u00e8re - FAK Mitglieder","robots":{"index":"index","follow":"follow","max-snippet":"max-snippet:-1","max-image-preview":"max-image-preview:large","max-video-preview":"max-video-preview:-1"},"canonical":"https:\/\/ccih51.ch\/de\/fak-mitglieder\/","og_locale":"de_DE","og_type":"article","og_title":"CCIH - Caisse de Compensation de l&#039;industrie horlog\u00e8re - FAK Mitglieder","og_description":"FAKMitgliederDie Unternehmen welche einer der f\u00fcnf Arbeitgeber- bzw. sektoriellen Verb\u00e4nde, welche ihrerseits Kollektivmitglieder unserer ALFA Kasse sind, angeh\u00f6ren, treten unserem Verband obligatorisch bei.In Ausnahmef\u00e4llen kann der Vorstand ebenfalls \"angeschlossene Firmen\" ohne Mitgliedeigenschaft, als Unternehmen der Uhren- und Mikrotechnikindustrie zulassen, welches nicht einem Verband, der Kollektivmitglied ist, angeh\u00f6rt.Im Kanton Wallis haben die Walliser Arbeitgeber die gesetzliche [&hellip;]","og_url":"https:\/\/ccih51.ch\/de\/fak-mitglieder\/","og_site_name":"CCIH - Caisse de Compensation de l&#039;industrie horlog\u00e8re","article_modified_time":"2026-03-05T08:34:08+00:00","twitter_card":"summary_large_image","twitter_misc":{"Gesch\u00e4tzte Lesezeit":"1\u00a0Minute"},"schema":{"@context":"https:\/\/schema.org","@graph":[{"@type":"WebPage","@id":"https:\/\/ccih51.ch\/de\/fak-mitglieder\/","url":"https:\/\/ccih51.ch\/de\/fak-mitglieder\/","name":"CCIH - Caisse de Compensation de l&#039;industrie horlog\u00e8re - FAK Mitglieder","isPartOf":{"@id":"https:\/\/ccih51.ch\/#website"},"datePublished":"2019-07-31T14:21:18+00:00","dateModified":"2026-03-05T08:34:08+00:00","breadcrumb":{"@id":"https:\/\/ccih51.ch\/de\/fak-mitglieder\/#breadcrumb"},"inLanguage":"de","potentialAction":[{"@type":"ReadAction","target":["https:\/\/ccih51.ch\/de\/fak-mitglieder\/"]}]},{"@type":"BreadcrumbList","@id":"https:\/\/ccih51.ch\/de\/fak-mitglieder\/#breadcrumb","itemListElement":[{"@type":"ListItem","position":1,"name":"Accueil","item":"https:\/\/ccih51.ch\/de\/"},{"@type":"ListItem","position":2,"name":"FAK Mitglieder"}]},{"@type":"WebSite","@id":"https:\/\/ccih51.ch\/#website","url":"https:\/\/ccih51.ch\/","name":"CCIH - Caisse de Compensation de l&#039;industrie horlog\u00e8re","description":"Le site de la caisse de compensation de l\u2019industrie horlog\u00e8re CCIH no 51, compos\u00e9s de la caisse AVS et la caisse ALFA, donne des informations utiles sur les assurances sociales AVS\/AI\/APG et les allocations familiales.","potentialAction":[{"@type":"SearchAction","target":{"@type":"EntryPoint","urlTemplate":"https:\/\/ccih51.ch\/?s={search_term_string}"},"query-input":{"@type":"PropertyValueSpecification","valueRequired":true,"valueName":"search_term_string"}}],"inLanguage":"de"}]}},"_links":{"self":[{"href":"https:\/\/ccih51.ch\/de\/wp-json\/wp\/v2\/pages\/1866","targetHints":{"allow":["GET"]}}],"collection":[{"href":"https:\/\/ccih51.ch\/de\/wp-json\/wp\/v2\/pages"}],"about":[{"href":"https:\/\/ccih51.ch\/de\/wp-json\/wp\/v2\/types\/page"}],"author":[{"embeddable":true,"href":"https:\/\/ccih51.ch\/de\/wp-json\/wp\/v2\/users\/1"}],"replies":[{"embeddable":true,"href":"https:\/\/ccih51.ch\/de\/wp-json\/wp\/v2\/comments?post=1866"}],"version-history":[{"count":14,"href":"https:\/\/ccih51.ch\/de\/wp-json\/wp\/v2\/pages\/1866\/revisions"}],"predecessor-version":[{"id":7124,"href":"https:\/\/ccih51.ch\/de\/wp-json\/wp\/v2\/pages\/1866\/revisions\/7124"}],"wp:attachment":[{"href":"https:\/\/ccih51.ch\/de\/wp-json\/wp\/v2\/media?parent=1866"}],"curies":[{"name":"wp","href":"https:\/\/api.w.org\/{rel}","templated":true}]}}