{"id":1877,"date":"2019-08-05T09:53:10","date_gmt":"2019-08-05T07:53:10","guid":{"rendered":"http:\/\/ccih51.ch\/caisse-alfa-prestations-supplementaires\/"},"modified":"2025-04-03T15:02:35","modified_gmt":"2025-04-03T13:02:35","slug":"fak-zusatzleistungen-fak-der-uhrenindustrie","status":"publish","type":"page","link":"https:\/\/ccih51.ch\/de\/fak-zusatzleistungen-fak-der-uhrenindustrie\/","title":{"rendered":"FAK Zusatzleistungen FAK der Uhrenindustrie"},"content":{"rendered":"<div class=\"vce-row-container\" data-vce-boxed-width=\"true\"><div class=\"vce-row vce-row--col-gap-0 container-gap-both-2  bg-light-grey vce-row-content--top\" id=\"el-47b4edbf\" data-vce-do-apply=\"all el-47b4edbf\"><div class=\"vce-row-content\" data-vce-element-content=\"true\"><div class=\"vce-col vce-col--xs-100p vce-col--xs-visible vce-col--xs-last vce-col--xs-first vce-col--sm-100p vce-col--sm-visible vce-col--sm-last vce-col--sm-first vce-col--md-auto vce-col--md-visible vce-col--md-last vce-col--md-first vce-col--lg-auto vce-col--lg-visible vce-col--lg-last vce-col--lg-first vce-col--xl-auto vce-col--xl-visible vce-col--xl-last vce-col--xl-first\" id=\"el-a8d6bdb4\"><div class=\"vce-col-inner\" data-vce-do-apply=\"border margin background  el-a8d6bdb4\"><div class=\"vce-col-content\" data-vce-element-content=\"true\" data-vce-do-apply=\"padding el-a8d6bdb4\"><div class=\"vce-text-block txt-large-size out-top-spacing-large hyphenation\"><div class=\"vce-text-block-wrapper vce\" id=\"el-6ccf52b4\" data-vce-do-apply=\"all el-6ccf52b4\"><h3>FAK<\/h3>\n<h1 class=\"no-margin-top\">Zu\u00adsatz\u00adlei\u00adstung\u00aden FAK der Uhrenindustrie<\/h1><\/div><\/div><\/div><\/div><\/div><\/div><\/div><\/div><div class=\"vce-row-container\" data-vce-boxed-width=\"true\"><div class=\"vce-row vce-row--col-gap-30 in-bottom-spacing-huge  in-top-spacing-large container-gap-both-2 bg-light-grey vce-row-content--top\" id=\"el-f8fb0b0d\" data-vce-do-apply=\"all el-f8fb0b0d\"><div class=\"vce-row-content\" data-vce-element-content=\"true\"><div class=\"vce-col vce-col--xs-100p vce-col--xs-visible vce-col--xs-last vce-col--xs-first vce-col--sm-100p vce-col--sm-visible vce-col--sm-last vce-col--sm-first vce-col--md-100p vce-col--md-visible vce-col--md-last vce-col--md-first vce-col--lg-100p vce-col--lg-visible vce-col--lg-last vce-col--lg-first vce-col--xl-auto vce-col--xl-visible vce-col--xl-first\" id=\"el-9a5ca87b\"><div class=\"vce-col-inner\" data-vce-do-apply=\"border margin background  el-9a5ca87b\"><div class=\"vce-col-content\" data-vce-element-content=\"true\" data-vce-do-apply=\"padding el-9a5ca87b\"><div class=\"vce-text-block txt-large-size dark-red\"><div class=\"vce-text-block-wrapper vce\" id=\"el-201c1f48\" data-vce-do-apply=\"all el-201c1f48\"><p>Die Zusatzleistungen, auch statutarische oder konventionnelle Leistungen genannt, sind die folgenden:<\/p><\/div><\/div><div class=\"vce-text-block\"><div class=\"vce-text-block-wrapper vce\" id=\"el-ae87e991\" data-vce-do-apply=\"all el-ae87e991\"><ul>\n<li>Erg\u00e4nzungs-Kinderzulage\/Ausbildungszulage von CHF 82.50 pro Monat<\/li>\n<li>Geburts-\/Adoptionszulage von CHF 1'000 falls nicht bereits in den kantonalen Bestimmungen vorgesehen<\/li>\n<li>Erg\u00e4nzungszulage f\u00fcr den Ausgleich der Lasten, die sich aus der Bezahlung der L\u00f6hne bei obligatorischen schweizerischen Milit\u00e4rdienst oder Mutterschaft ergeben<\/li>\n<li>die Zusatzdeckung wird bei Mutterschaft gem\u00e4ss den konventionnellen Bestimmungen bis zu einer Dauer von maximal 19 Wochen gew\u00e4hrt<\/li>\n<\/ul>\n<p>Diese werden gem\u00e4ss den Bestimmungen des Ausf\u00fchrungsreglementes f\u00fcr Familienzulagen (<a class=\"link\" href=\"\/wp-content\/uploads\/Ausfu\u0308hrungsreglement-07-2019d.pdf\" target=\"_blank\" rel=\"noopener\">Reglement ALFA<\/a>) und des Reglementes betreffend den Ausgleichsdienst f\u00fcr zus\u00e4tzliche Entsch\u00e4digungen bei Milit\u00e4rdienst und Mutterschaft der FAK der Uhrenindustrie gew\u00e4hrt (<a class=\"link\" href=\"wp-content\/uploads\/regl-acmm-version-allemande-01-01.09.pdf\" target=\"_blank\" rel=\"noopener\">Reglement ZEMM<\/a>).<\/p><\/div><\/div><div class=\"vce-text-block\"><div class=\"vce-text-block-wrapper vce\" id=\"el-4bce25cb\" data-vce-do-apply=\"all el-4bce25cb\"><\/div><\/div><\/div><\/div><\/div><div class=\"vce-col vce-col--xs-100p vce-col--xs-visible vce-col--xs-last vce-col--xs-first vce-col--sm-100p vce-col--sm-visible vce-col--sm-last vce-col--sm-first vce-col--md-100p vce-col--md-visible vce-col--md-last vce-col--md-first vce-col--lg-100p vce-col--lg-visible vce-col--lg-last vce-col--lg-first vce-col--xl-auto vce-col--xl-visible vce-col--xl-last\" id=\"el-5341315b\"><div class=\"vce-col-inner\" data-vce-do-apply=\"border margin background  el-5341315b\"><div class=\"vce-col-content\" data-vce-element-content=\"true\" data-vce-do-apply=\"padding el-5341315b\"><div class=\"vce-single-image-container vce-single-image--align-left\"><div class=\"vce vce-single-image-wrapper\" id=\"el-32bdc7f1\" data-vce-do-apply=\"all el-32bdc7f1\"><figure><div class=\"vce-single-image-figure-inner\" style=\"width: 855px;\"><div class=\"vce-single-image-inner vce-single-image--absolute\" style=\"width: 100%; padding-bottom: 119.766%;\"><img loading=\"lazy\" decoding=\"async\" class=\"vce-single-image\"  width=\"855\" height=\"1024\" srcset=\"https:\/\/ccih51.ch\/wp-content\/uploads\/caisse-alfa-prest-supp-320x383.webp 320w, https:\/\/ccih51.ch\/wp-content\/uploads\/caisse-alfa-prest-supp-480x574.webp 480w, https:\/\/ccih51.ch\/wp-content\/uploads\/caisse-alfa-prest-supp-800x957.webp 800w, https:\/\/ccih51.ch\/wp-content\/uploads\/caisse-alfa-prest-supp-855x1024.webp 855w\" src=\"https:\/\/ccih51.ch\/wp-content\/uploads\/caisse-alfa-prest-supp-855x1024.webp\" data-img-src=\"https:\/\/ccih51.ch\/wp-content\/uploads\/caisse-alfa-prest-supp.webp\" data-attachment-id=\"6413\"  alt=\"\" title=\"caisse-alfa-prest-supp\" \/><\/div><\/div><figcaption hidden=\"\"><\/figcaption><\/figure><\/div><\/div><div class=\"vce-widgets-container no-margin-bottom\"><div class=\"vce vce-widgets-wrapper\" id=\"el-0ceb7e78\" data-vce-do-apply=\"all el-0ceb7e78\"><div class=\"external-link-widget\">\r\n\t\t\t<a href=\"\/wp-content\/uploads\/Ausfu\u0308hrungsreglement-07-2019d.pdf\" class=\"icon-arrow\" target=\"_blank\">Reglement ALFA<\/a>\r\n\t\t<\/div><\/div><\/div><div class=\"vce-widgets-container no-margin-bottom\"><div class=\"vce vce-widgets-wrapper\" id=\"el-7913869d\" data-vce-do-apply=\"all el-7913869d\"><div class=\"external-link-widget\">\r\n\t\t\t<a href=\"\/wp-content\/uploads\/regl-acmm-version-allemande-01-01.09.pdf\" class=\"icon-arrow\" target=\"_blank\">Reglement ZEMM<\/a>\r\n\t\t<\/div><\/div><\/div><\/div><\/div><\/div><\/div><\/div><\/div><div class=\"vce-row-container\" data-vce-boxed-width=\"true\"><div class=\"vce-row vce-row--col-gap-30 out-top-spacing-huge container-gap-both-2 vce-row-content--top\" id=\"el-757d50b2\" data-vce-do-apply=\"all el-757d50b2\"><div class=\"vce-row-content\" data-vce-element-content=\"true\"><div class=\"vce-col vce-col--xs-100p vce-col--xs-visible vce-col--xs-last vce-col--xs-first vce-col--sm-100p vce-col--sm-visible vce-col--sm-last vce-col--sm-first vce-col--md-100p vce-col--md-visible vce-col--md-last vce-col--md-first vce-col--lg-100p vce-col--lg-visible vce-col--lg-last vce-col--lg-first vce-col--xl-auto vce-col--xl-visible vce-col--xl-first\" id=\"el-71db1142\"><div class=\"vce-col-inner\" data-vce-do-apply=\"border margin background  el-71db1142\"><div class=\"vce-col-content\" data-vce-element-content=\"true\" data-vce-do-apply=\"padding el-71db1142\"><div class=\"vce-text-block txt-large-size dark-red\"><div class=\"vce-text-block-wrapper vce\" id=\"el-6ac213d5\" data-vce-do-apply=\"all el-6ac213d5\"><p>Finanzierung<\/p><\/div><\/div><\/div><\/div><\/div><div class=\"vce-col vce-col--xs-100p vce-col--xs-visible vce-col--xs-last vce-col--xs-first vce-col--sm-100p vce-col--sm-visible vce-col--sm-last vce-col--sm-first vce-col--md-100p vce-col--md-visible vce-col--md-last vce-col--md-first vce-col--lg-100p vce-col--lg-visible vce-col--lg-last vce-col--lg-first vce-col--xl-auto vce-col--xl-visible vce-col--xl-last\" id=\"el-9604247a\"><div class=\"vce-col-inner\" data-vce-do-apply=\"border margin background  el-9604247a\"><div class=\"vce-col-content\" data-vce-element-content=\"true\" data-vce-do-apply=\"padding el-9604247a\"><div class=\"vcv-row-control-wrapper\"><\/div><\/div><\/div><\/div><\/div><\/div><\/div><div class=\"vce-row-container\" data-vce-boxed-width=\"true\"><div class=\"vce-row vce-row--col-gap-30  container-gap-both-2 vce-row-content--top\" id=\"el-ab37b5aa\" data-vce-do-apply=\"all el-ab37b5aa\"><div class=\"vce-row-content\" data-vce-element-content=\"true\"><div class=\"vce-col vce-col--xs-100p vce-col--xs-visible vce-col--xs-last vce-col--xs-first vce-col--sm-100p vce-col--sm-visible vce-col--sm-last vce-col--sm-first vce-col--md-100p vce-col--md-visible vce-col--md-last vce-col--md-first vce-col--lg-100p vce-col--lg-visible vce-col--lg-last vce-col--lg-first vce-col--xl-auto vce-col--xl-visible vce-col--xl-first\" id=\"el-a73d6eb7\"><div class=\"vce-col-inner\" data-vce-do-apply=\"border margin background  el-a73d6eb7\"><div class=\"vce-col-content\" data-vce-element-content=\"true\" data-vce-do-apply=\"padding el-a73d6eb7\"><div class=\"vce-text-block\"><div class=\"vce-text-block-wrapper vce\" id=\"el-2a4c63c8\" data-vce-do-apply=\"all el-2a4c63c8\"><p>Die Beitr\u00e4ge werden generell auf die AHV-Lohnsumme erhoben. Mit Ausnahme des Kanton Wallis, in welchem die Arbeitnehmer(innen) an der Finanzierung der Familienzulagen mit 0.17% beteiligt sind, werden die Beitr\u00e4ge ausschliesslich durch die Arbeitgeber finanziert. Die Delegiertenversammlung hat den globalen Beitragssatz wie folgt festgelegt:<\/p>\n<p>2.45% der AHV-Beitragspflicht unterstellten Einkommen.<\/p><\/div><\/div><\/div><\/div><\/div><div class=\"vce-col vce-col--xs-100p vce-col--xs-visible vce-col--xs-last vce-col--xs-first vce-col--sm-100p vce-col--sm-visible vce-col--sm-last vce-col--sm-first vce-col--md-100p vce-col--md-visible vce-col--md-last vce-col--md-first vce-col--lg-100p vce-col--lg-visible vce-col--lg-last vce-col--lg-first vce-col--xl-auto vce-col--xl-visible vce-col--xl-last\" id=\"el-107cb7bc\"><div class=\"vce-col-inner\" data-vce-do-apply=\"border margin background  el-107cb7bc\"><div class=\"vce-col-content\" data-vce-element-content=\"true\" data-vce-do-apply=\"padding el-107cb7bc\"><div class=\"vce-text-block\"><div class=\"vce-text-block-wrapper vce\" id=\"el-18edc59a\" data-vce-do-apply=\"all el-18edc59a\"><p>In neun Kantonen werden h\u00f6here Beitragss\u00e4tze angewandt, da diese Kantone h\u00f6here Beitr\u00e4ge entrichten als die in bundesrechtlichen und statutarischen Bestimmungen geltenden. Darin miteinbezogen ist die Finanzierung f\u00fcr die Kosten des Lastenausgleiches in bestimmten Kantonen, wie auch die Beitragserhebung f\u00fcr bestimmte kantonale Zusatzleistungen.<\/p><\/div><\/div><\/div><\/div><\/div><\/div><\/div><\/div>","protected":false},"excerpt":{"rendered":"<p>FAK Zu\u00adsatz\u00adlei\u00adstung\u00aden FAK der UhrenindustrieDie Zusatzleistungen, auch statutarische oder konventionnelle Leistungen genannt, sind die folgenden: Erg\u00e4nzungs-Kinderzulage\/Ausbildungszulage von CHF 82.50 pro Monat Geburts-\/Adoptionszulage von CHF 1&#8217;000 falls nicht bereits in den kantonalen Bestimmungen vorgesehen Erg\u00e4nzungszulage f\u00fcr den Ausgleich der Lasten, die sich aus der Bezahlung der L\u00f6hne bei obligatorischen schweizerischen Milit\u00e4rdienst oder Mutterschaft ergeben die Zusatzdeckung [&hellip;]<\/p>\n","protected":false},"author":1,"featured_media":0,"parent":0,"menu_order":0,"comment_status":"closed","ping_status":"closed","template":"templates\/template-page.php","meta":{"_acf_changed":false,"footnotes":""},"class_list":["post-1877","page","type-page","status-publish","hentry"],"acf":[],"yoast_head":"<!-- This site is optimized with the Yoast SEO plugin v27.0 - https:\/\/yoast.com\/product\/yoast-seo-wordpress\/ -->\n<title>CCIH - Caisse de Compensation de l&#039;industrie horlog\u00e8re - FAK Zusatzleistungen FAK der Uhrenindustrie<\/title>\n<meta name=\"robots\" content=\"index, follow, max-snippet:-1, max-image-preview:large, max-video-preview:-1\" \/>\n<link rel=\"canonical\" href=\"https:\/\/ccih51.ch\/de\/fak-zusatzleistungen-fak-der-uhrenindustrie\/\" \/>\n<meta property=\"og:locale\" content=\"de_DE\" \/>\n<meta property=\"og:type\" content=\"article\" \/>\n<meta property=\"og:title\" content=\"CCIH - Caisse de Compensation de l&#039;industrie horlog\u00e8re - FAK Zusatzleistungen FAK der Uhrenindustrie\" \/>\n<meta property=\"og:description\" content=\"FAK Zu\u00adsatz\u00adlei\u00adstung\u00aden FAK der UhrenindustrieDie Zusatzleistungen, auch statutarische oder konventionnelle Leistungen genannt, sind die folgenden: Erg\u00e4nzungs-Kinderzulage\/Ausbildungszulage von CHF 82.50 pro Monat Geburts-\/Adoptionszulage von CHF 1&#039;000 falls nicht bereits in den kantonalen Bestimmungen vorgesehen Erg\u00e4nzungszulage f\u00fcr den Ausgleich der Lasten, die sich aus der Bezahlung der L\u00f6hne bei obligatorischen schweizerischen Milit\u00e4rdienst oder Mutterschaft ergeben die Zusatzdeckung [&hellip;]\" \/>\n<meta property=\"og:url\" content=\"https:\/\/ccih51.ch\/de\/fak-zusatzleistungen-fak-der-uhrenindustrie\/\" \/>\n<meta property=\"og:site_name\" content=\"CCIH - Caisse de Compensation de l&#039;industrie horlog\u00e8re\" \/>\n<meta property=\"article:modified_time\" content=\"2025-04-03T13:02:35+00:00\" \/>\n<meta name=\"twitter:card\" content=\"summary_large_image\" \/>\n<meta name=\"twitter:label1\" content=\"Gesch\u00e4tzte Lesezeit\" \/>\n\t<meta name=\"twitter:data1\" content=\"2\u00a0Minuten\" \/>\n<script type=\"application\/ld+json\" class=\"yoast-schema-graph\">{\"@context\":\"https:\/\/schema.org\",\"@graph\":[{\"@type\":\"WebPage\",\"@id\":\"https:\/\/ccih51.ch\/de\/fak-zusatzleistungen-fak-der-uhrenindustrie\/\",\"url\":\"https:\/\/ccih51.ch\/de\/fak-zusatzleistungen-fak-der-uhrenindustrie\/\",\"name\":\"CCIH - Caisse de Compensation de l&#039;industrie horlog\u00e8re - FAK Zusatzleistungen FAK der Uhrenindustrie\",\"isPartOf\":{\"@id\":\"https:\/\/ccih51.ch\/#website\"},\"datePublished\":\"2019-08-05T07:53:10+00:00\",\"dateModified\":\"2025-04-03T13:02:35+00:00\",\"breadcrumb\":{\"@id\":\"https:\/\/ccih51.ch\/de\/fak-zusatzleistungen-fak-der-uhrenindustrie\/#breadcrumb\"},\"inLanguage\":\"de\",\"potentialAction\":[{\"@type\":\"ReadAction\",\"target\":[\"https:\/\/ccih51.ch\/de\/fak-zusatzleistungen-fak-der-uhrenindustrie\/\"]}]},{\"@type\":\"BreadcrumbList\",\"@id\":\"https:\/\/ccih51.ch\/de\/fak-zusatzleistungen-fak-der-uhrenindustrie\/#breadcrumb\",\"itemListElement\":[{\"@type\":\"ListItem\",\"position\":1,\"name\":\"Accueil\",\"item\":\"https:\/\/ccih51.ch\/de\/\"},{\"@type\":\"ListItem\",\"position\":2,\"name\":\"FAK Zusatzleistungen FAK der Uhrenindustrie\"}]},{\"@type\":\"WebSite\",\"@id\":\"https:\/\/ccih51.ch\/#website\",\"url\":\"https:\/\/ccih51.ch\/\",\"name\":\"CCIH - Caisse de Compensation de l&#039;industrie horlog\u00e8re\",\"description\":\"Le site de la caisse de compensation de l\u2019industrie horlog\u00e8re CCIH no 51, compos\u00e9s de la caisse AVS et la caisse ALFA, donne des informations utiles sur les assurances sociales AVS\/AI\/APG et les allocations familiales.\",\"potentialAction\":[{\"@type\":\"SearchAction\",\"target\":{\"@type\":\"EntryPoint\",\"urlTemplate\":\"https:\/\/ccih51.ch\/?s={search_term_string}\"},\"query-input\":{\"@type\":\"PropertyValueSpecification\",\"valueRequired\":true,\"valueName\":\"search_term_string\"}}],\"inLanguage\":\"de\"}]}<\/script>\n<!-- \/ Yoast SEO plugin. -->","yoast_head_json":{"title":"CCIH - Caisse de Compensation de l&#039;industrie horlog\u00e8re - FAK Zusatzleistungen FAK der Uhrenindustrie","robots":{"index":"index","follow":"follow","max-snippet":"max-snippet:-1","max-image-preview":"max-image-preview:large","max-video-preview":"max-video-preview:-1"},"canonical":"https:\/\/ccih51.ch\/de\/fak-zusatzleistungen-fak-der-uhrenindustrie\/","og_locale":"de_DE","og_type":"article","og_title":"CCIH - Caisse de Compensation de l&#039;industrie horlog\u00e8re - FAK Zusatzleistungen FAK der Uhrenindustrie","og_description":"FAK Zu\u00adsatz\u00adlei\u00adstung\u00aden FAK der UhrenindustrieDie Zusatzleistungen, auch statutarische oder konventionnelle Leistungen genannt, sind die folgenden: Erg\u00e4nzungs-Kinderzulage\/Ausbildungszulage von CHF 82.50 pro Monat Geburts-\/Adoptionszulage von CHF 1'000 falls nicht bereits in den kantonalen Bestimmungen vorgesehen Erg\u00e4nzungszulage f\u00fcr den Ausgleich der Lasten, die sich aus der Bezahlung der L\u00f6hne bei obligatorischen schweizerischen Milit\u00e4rdienst oder Mutterschaft ergeben die Zusatzdeckung [&hellip;]","og_url":"https:\/\/ccih51.ch\/de\/fak-zusatzleistungen-fak-der-uhrenindustrie\/","og_site_name":"CCIH - Caisse de Compensation de l&#039;industrie horlog\u00e8re","article_modified_time":"2025-04-03T13:02:35+00:00","twitter_card":"summary_large_image","twitter_misc":{"Gesch\u00e4tzte Lesezeit":"2\u00a0Minuten"},"schema":{"@context":"https:\/\/schema.org","@graph":[{"@type":"WebPage","@id":"https:\/\/ccih51.ch\/de\/fak-zusatzleistungen-fak-der-uhrenindustrie\/","url":"https:\/\/ccih51.ch\/de\/fak-zusatzleistungen-fak-der-uhrenindustrie\/","name":"CCIH - Caisse de Compensation de l&#039;industrie horlog\u00e8re - FAK Zusatzleistungen FAK der Uhrenindustrie","isPartOf":{"@id":"https:\/\/ccih51.ch\/#website"},"datePublished":"2019-08-05T07:53:10+00:00","dateModified":"2025-04-03T13:02:35+00:00","breadcrumb":{"@id":"https:\/\/ccih51.ch\/de\/fak-zusatzleistungen-fak-der-uhrenindustrie\/#breadcrumb"},"inLanguage":"de","potentialAction":[{"@type":"ReadAction","target":["https:\/\/ccih51.ch\/de\/fak-zusatzleistungen-fak-der-uhrenindustrie\/"]}]},{"@type":"BreadcrumbList","@id":"https:\/\/ccih51.ch\/de\/fak-zusatzleistungen-fak-der-uhrenindustrie\/#breadcrumb","itemListElement":[{"@type":"ListItem","position":1,"name":"Accueil","item":"https:\/\/ccih51.ch\/de\/"},{"@type":"ListItem","position":2,"name":"FAK Zusatzleistungen FAK der Uhrenindustrie"}]},{"@type":"WebSite","@id":"https:\/\/ccih51.ch\/#website","url":"https:\/\/ccih51.ch\/","name":"CCIH - Caisse de Compensation de l&#039;industrie horlog\u00e8re","description":"Le site de la caisse de compensation de l\u2019industrie horlog\u00e8re CCIH no 51, compos\u00e9s de la caisse AVS et la caisse ALFA, donne des informations utiles sur les assurances sociales AVS\/AI\/APG et les allocations familiales.","potentialAction":[{"@type":"SearchAction","target":{"@type":"EntryPoint","urlTemplate":"https:\/\/ccih51.ch\/?s={search_term_string}"},"query-input":{"@type":"PropertyValueSpecification","valueRequired":true,"valueName":"search_term_string"}}],"inLanguage":"de"}]}},"_links":{"self":[{"href":"https:\/\/ccih51.ch\/de\/wp-json\/wp\/v2\/pages\/1877","targetHints":{"allow":["GET"]}}],"collection":[{"href":"https:\/\/ccih51.ch\/de\/wp-json\/wp\/v2\/pages"}],"about":[{"href":"https:\/\/ccih51.ch\/de\/wp-json\/wp\/v2\/types\/page"}],"author":[{"embeddable":true,"href":"https:\/\/ccih51.ch\/de\/wp-json\/wp\/v2\/users\/1"}],"replies":[{"embeddable":true,"href":"https:\/\/ccih51.ch\/de\/wp-json\/wp\/v2\/comments?post=1877"}],"version-history":[{"count":18,"href":"https:\/\/ccih51.ch\/de\/wp-json\/wp\/v2\/pages\/1877\/revisions"}],"predecessor-version":[{"id":6567,"href":"https:\/\/ccih51.ch\/de\/wp-json\/wp\/v2\/pages\/1877\/revisions\/6567"}],"wp:attachment":[{"href":"https:\/\/ccih51.ch\/de\/wp-json\/wp\/v2\/media?parent=1877"}],"curies":[{"name":"wp","href":"https:\/\/api.w.org\/{rel}","templated":true}]}}