{"id":1889,"date":"2019-08-28T13:53:04","date_gmt":"2019-08-28T11:53:04","guid":{"rendered":"http:\/\/ccih51.ch\/caisse-alfa-autres\/"},"modified":"2025-12-04T08:03:02","modified_gmt":"2025-12-04T07:03:02","slug":"fak-andere","status":"publish","type":"page","link":"https:\/\/ccih51.ch\/de\/fak-andere\/","title":{"rendered":"FAK Andere"},"content":{"rendered":"<div class=\"vce-row-container\" data-vce-boxed-width=\"true\"><div class=\"vce-row vce-row--col-gap-30 cp-area light-grey-area vce-row-content--top\" id=\"el-27049423\" data-vce-do-apply=\"all el-27049423\"><div class=\"vce-row-content\" data-vce-element-content=\"true\"><div class=\"vce-col vce-col--md-auto vce-col--xs-1 vce-col--xs-last vce-col--xs-first vce-col--sm-last vce-col--sm-first vce-col--md-last vce-col--lg-last vce-col--xl-last vce-col--md-first vce-col--lg-first vce-col--xl-first in-v-spacing-large\" id=\"el-ae6cbb1a\"><div class=\"vce-col-inner\" data-vce-do-apply=\"border margin background  el-ae6cbb1a\"><div class=\"vce-col-content\" data-vce-element-content=\"true\" data-vce-do-apply=\"padding el-ae6cbb1a\"><div class=\"vce-row-container\" data-vce-boxed-width=\"true\"><div class=\"vce-row vce-row--col-gap-30 container-gap-both-2 vce-row-content--top\" id=\"el-520369d7\" data-vce-do-apply=\"all el-520369d7\"><div class=\"vce-row-content\" data-vce-element-content=\"true\"><div class=\"vce-col vce-col--md-auto vce-col--xs-1 vce-col--xs-last vce-col--xs-first vce-col--sm-last vce-col--sm-first vce-col--md-last vce-col--lg-last vce-col--xl-last vce-col--md-first vce-col--lg-first vce-col--xl-first\" id=\"el-52dbbf47\"><div class=\"vce-col-inner\" data-vce-do-apply=\"border margin background  el-52dbbf47\"><div class=\"vce-col-content\" data-vce-element-content=\"true\" data-vce-do-apply=\"padding el-52dbbf47\"><div class=\"vce-text-block\"><div class=\"vce-text-block-wrapper vce\" id=\"el-7b38486e\" data-vce-do-apply=\"all el-7b38486e\"><h3>FAK<\/h3><h1 class=\"no-margin-top\">Andere<\/h1><\/div><\/div><div class=\"vce-row-container\" data-vce-boxed-width=\"true\"><div class=\"vce-row vce-row--col-gap-30 out-top-spacing-huge  vce-row-content--top\" id=\"el-fcc81e8e\" data-vce-do-apply=\"all el-fcc81e8e\"><div class=\"vce-row-content\" data-vce-element-content=\"true\"><div class=\"vce-col vce-col--md-auto vce-col--xs-1 vce-col--xs-last vce-col--xs-first vce-col--sm-last vce-col--sm-first vce-col--md-first vce-col--lg-first vce-col--xl-first\" id=\"el-2881e0d4\"><div class=\"vce-col-inner\" data-vce-do-apply=\"border margin background  el-2881e0d4\"><div class=\"vce-col-content\" data-vce-element-content=\"true\" data-vce-do-apply=\"padding el-2881e0d4\"><div class=\"vce-single-image-container vce-single-image--align-left\"><div class=\"vce vce-single-image-wrapper\" id=\"el-597bcf0c\" data-vce-do-apply=\"all el-597bcf0c\"><figure><div class=\"vce-single-image-figure-inner\" style=\"width: 1024px;\"><div class=\"vce-single-image-inner vce-single-image--absolute\" style=\"width: 100%; padding-bottom: 66.6016%;\"><img loading=\"lazy\" decoding=\"async\" class=\"vce-single-image\"  width=\"1024\" height=\"682\" srcset=\"https:\/\/ccih51.ch\/wp-content\/uploads\/caisse-alfa-autres-1024x683.webp 1024w, https:\/\/ccih51.ch\/wp-content\/uploads\/caisse-alfa-autres-320x213.webp 320w, https:\/\/ccih51.ch\/wp-content\/uploads\/caisse-alfa-autres-480x320.webp 480w, https:\/\/ccih51.ch\/wp-content\/uploads\/caisse-alfa-autres-800x533.webp 800w\" src=\"https:\/\/ccih51.ch\/wp-content\/uploads\/caisse-alfa-autres-1024x683.webp\" data-img-src=\"https:\/\/ccih51.ch\/wp-content\/uploads\/caisse-alfa-autres.webp\" data-attachment-id=\"6416\"  alt=\"\" title=\"caisse-alfa-autres\" \/><\/div><\/div><figcaption hidden=\"\"><\/figcaption><\/figure><\/div><\/div><\/div><\/div><\/div><div class=\"vce-col vce-col--md-auto vce-col--xs-1 vce-col--xs-last vce-col--xs-first vce-col--sm-last vce-col--sm-first vce-col--md-last vce-col--lg-last vce-col--xl-last no-margin-bottom\" id=\"el-a04c9788\"><div class=\"vce-col-inner\" data-vce-do-apply=\"border margin background  el-a04c9788\"><div class=\"vce-col-content\" data-vce-element-content=\"true\" data-vce-do-apply=\"padding el-a04c9788\"><div class=\"vce-widgets-container max-width-full \"><div class=\"vce vce-widgets-wrapper\" id=\"el-d38a8190\" data-vce-do-apply=\"all el-d38a8190\"><div class=\"external-link-widget\">\r\n\t\t\t<a href=\"https:\/\/ccih51.ch\/wp-content\/uploads\/Taux-de-cotisations-2026-d.pdf\" class=\"icon-document\" target=\"_blank\">Beitragss\u00e4tze<\/a>\r\n\t\t<\/div><\/div><\/div><div class=\"vce-widgets-container max-width-full \"><div class=\"vce vce-widgets-wrapper\" id=\"el-0acd0db0\" data-vce-do-apply=\"all el-0acd0db0\"><div class=\"external-link-widget\">\r\n\t\t\t<a href=\"\/wp-content\/uploads\/Ausfu\u0308hrungsreglement-07-2019d.pdf\" class=\"icon-document\" target=\"_blank\">Ausfu\u0308hrungsreglement<\/a>\r\n\t\t<\/div><\/div><\/div><div class=\"vce-widgets-container max-width-full \"><div class=\"vce vce-widgets-wrapper\" id=\"el-9593feeb\" data-vce-do-apply=\"all el-9593feeb\"><div class=\"external-link-widget\">\r\n\t\t\t<a href=\"\/wp-content\/uploads\/regl-acmm-version-allemande-01-01.09.pdf\" class=\"icon-document\" target=\"_blank\">Reglement ZEMM<\/a>\r\n\t\t<\/div><\/div><\/div><\/div><\/div><\/div><\/div><\/div><\/div><\/div><\/div><\/div><\/div><\/div><\/div><\/div><\/div><\/div><\/div><\/div><\/div><div class=\"vce-row-container\" data-vce-boxed-width=\"true\"><div class=\"vce-row vce-row--col-gap-30 cp-area out-top-spacing-huge gap-both-2 cp-table vce-row-content--top\" id=\"el-c3c175d8\" data-vce-do-apply=\"all el-c3c175d8\"><div class=\"vce-row-content\" data-vce-element-content=\"true\"><div class=\"vce-col vce-col--md-auto vce-col--xs-1 vce-col--xs-last vce-col--xs-first vce-col--sm-last vce-col--sm-first vce-col--md-last vce-col--lg-last vce-col--xl-last vce-col--md-first vce-col--lg-first vce-col--xl-first\" id=\"el-ceab3d27\"><div class=\"vce-col-inner\" data-vce-do-apply=\"border margin background  el-ceab3d27\"><div class=\"vce-col-content\" data-vce-element-content=\"true\" data-vce-do-apply=\"padding el-ceab3d27\"><div class=\"vce-text-block\"><div class=\"vce-text-block-wrapper vce\" id=\"el-56492134\" data-vce-do-apply=\"all el-56492134\"><h2>Kennzahlen 2024<\/h2><\/div><\/div><div class=\"vce-widgets-container\"><div class=\"vce vce-widgets-wrapper\" id=\"el-1d507267\" data-vce-do-apply=\"all el-1d507267\">\r\n\t\t<div class=\"table-widget table-widget-responsive\">\r\n\t\t\t<div class=\"table-widget-rows\">\r\n\t\t\t\t\r\n\t\t\t\t\r\n\t\t\t\t\t<div class=\"table-widget-row fg fg-12a fg-mm-4a\">\r\n\r\n\t\t\t\t\t\t\r\n\t\t\t\t\t\t\t<div class=\"table-widget-col\">\r\n\t\t\t\t\t\t\t\tMitglieder\t\t\t\t\t\t\t<\/div>\r\n\r\n\t\t\t\t\t\t\r\n\t\t\t\t\t\t\t\t\t\t\t\t\t<div class=\"table-widget-col\">\r\n\t\t\t\t\t\t\t\tArbeitgeber\t\t\t\t\t\t\t<\/div>\r\n\t\t\t\t\t\t\t\t\t\t\t\t\t<div class=\"table-widget-col\">\r\n\t\t\t\t\t\t\t\t759\t\t\t\t\t\t\t<\/div>\r\n\t\t\t\t\t\t\r\n\t\t\t\t\t<\/div>\r\n\r\n\t\t\t\t\r\n\t\t\t\t\t<div class=\"table-widget-row fg fg-12a fg-mm-4a\">\r\n\r\n\t\t\t\t\t\t\r\n\t\t\t\t\t\t\t<div class=\"table-widget-col\">\r\n\t\t\t\t\t\t\t\t&nbsp;\t\t\t\t\t\t\t<\/div>\r\n\r\n\t\t\t\t\t\t\r\n\t\t\t\t\t\t\t\t\t\t\t\t\t<div class=\"table-widget-col\">\r\n\t\t\t\t\t\t\t\tArbeitnehmer\t\t\t\t\t\t\t<\/div>\r\n\t\t\t\t\t\t\t\t\t\t\t\t\t<div class=\"table-widget-col\">\r\n\t\t\t\t\t\t\t\t59'600\t\t\t\t\t\t\t<\/div>\r\n\t\t\t\t\t\t\r\n\t\t\t\t\t<\/div>\r\n\r\n\t\t\t\t\r\n\t\t\t\t\t<div class=\"table-widget-row fg fg-12a fg-mm-4a\">\r\n\r\n\t\t\t\t\t\t\r\n\t\t\t\t\t\t\t<div class=\"table-widget-col\">\r\n\t\t\t\t\t\t\t\t&nbsp;\t\t\t\t\t\t\t<\/div>\r\n\r\n\t\t\t\t\t\t\r\n\t\t\t\t\t\t\t\t\t\t\t\t\t<div class=\"table-widget-col\">\r\n\t\t\t\t\t\t\t\tKinderzulagen\/Ausbildungszulagen\t\t\t\t\t\t\t<\/div>\r\n\t\t\t\t\t\t\t\t\t\t\t\t\t<div class=\"table-widget-col\">\r\n\t\t\t\t\t\t\t\t33'300\t\t\t\t\t\t\t<\/div>\r\n\t\t\t\t\t\t\r\n\t\t\t\t\t<\/div>\r\n\r\n\t\t\t\t\r\n\t\t\t\t\t<div class=\"table-widget-row fg fg-12a fg-mm-4a\">\r\n\r\n\t\t\t\t\t\t\r\n\t\t\t\t\t\t\t<div class=\"table-widget-col\">\r\n\t\t\t\t\t\t\t\t&nbsp;\t\t\t\t\t\t\t<\/div>\r\n\r\n\t\t\t\t\t\t\r\n\t\t\t\t\t\t\t\t\t\t\t\t\t<div class=\"table-widget-col\">\r\n\t\t\t\t\t\t\t\tErg\u00e4nzungszulagen\t\t\t\t\t\t\t<\/div>\r\n\t\t\t\t\t\t\t\t\t\t\t\t\t<div class=\"table-widget-col\">\r\n\t\t\t\t\t\t\t\t43'000\t\t\t\t\t\t\t<\/div>\r\n\t\t\t\t\t\t\r\n\t\t\t\t\t<\/div>\r\n\r\n\t\t\t\t\r\n\t\t\t<\/div>\r\n\t\t<\/div><\/div><\/div><div class=\"vce-widgets-container\"><div class=\"vce vce-widgets-wrapper\" id=\"el-d29e34da\" data-vce-do-apply=\"all el-d29e34da\">\r\n\t\t<div class=\"table-widget table-widget-responsive\">\r\n\t\t\t<div class=\"table-widget-rows\">\r\n\t\t\t\t\r\n\t\t\t\t\r\n\t\t\t\t\t<div class=\"table-widget-row fg fg-12a fg-mm-4a\">\r\n\r\n\t\t\t\t\t\t\r\n\t\t\t\t\t\t\t<div class=\"table-widget-col\">\r\n\t\t\t\t\t\t\t\tLeistungen\t\t\t\t\t\t\t<\/div>\r\n\r\n\t\t\t\t\t\t\r\n\t\t\t\t\t\t\t\t\t\t\t\t\t<div class=\"table-widget-col\">\r\n\t\t\t\t\t\t\t\tKinderzulagen\/Ausbildungszulagen\t\t\t\t\t\t\t<\/div>\r\n\t\t\t\t\t\t\t\t\t\t\t\t\t<div class=\"table-widget-col\">\r\n\t\t\t\t\t\t\t\t107 Mio CHF\t\t\t\t\t\t\t<\/div>\r\n\t\t\t\t\t\t\r\n\t\t\t\t\t<\/div>\r\n\r\n\t\t\t\t\r\n\t\t\t\t\t<div class=\"table-widget-row fg fg-12a fg-mm-4a\">\r\n\r\n\t\t\t\t\t\t\r\n\t\t\t\t\t\t\t<div class=\"table-widget-col\">\r\n\t\t\t\t\t\t\t\t&nbsp;\t\t\t\t\t\t\t<\/div>\r\n\r\n\t\t\t\t\t\t\r\n\t\t\t\t\t\t\t\t\t\t\t\t\t<div class=\"table-widget-col\">\r\n\t\t\t\t\t\t\t\tErg\u00e4nzungszulagen\t\t\t\t\t\t\t<\/div>\r\n\t\t\t\t\t\t\t\t\t\t\t\t\t<div class=\"table-widget-col\">\r\n\t\t\t\t\t\t\t\t43 Mio CHF\t\t\t\t\t\t\t<\/div>\r\n\t\t\t\t\t\t\r\n\t\t\t\t\t<\/div>\r\n\r\n\t\t\t\t\r\n\t\t\t\t\t<div class=\"table-widget-row fg fg-12a fg-mm-4a\">\r\n\r\n\t\t\t\t\t\t\r\n\t\t\t\t\t\t\t<div class=\"table-widget-col\">\r\n\t\t\t\t\t\t\t\t&nbsp;\t\t\t\t\t\t\t<\/div>\r\n\r\n\t\t\t\t\t\t\r\n\t\t\t\t\t\t\t\t\t\t\t\t\t<div class=\"table-widget-col\">\r\n\t\t\t\t\t\t\t\tZus\u00e4tzliche Entsch\u00e4digungen bei Milit\u00e4rdienst\t\t\t\t\t\t\t<\/div>\r\n\t\t\t\t\t\t\t\t\t\t\t\t\t<div class=\"table-widget-col\">\r\n\t\t\t\t\t\t\t\t1 Mio CHF\t\t\t\t\t\t\t<\/div>\r\n\t\t\t\t\t\t\r\n\t\t\t\t\t<\/div>\r\n\r\n\t\t\t\t\r\n\t\t\t\t\t<div class=\"table-widget-row fg fg-12a fg-mm-4a\">\r\n\r\n\t\t\t\t\t\t\r\n\t\t\t\t\t\t\t<div class=\"table-widget-col\">\r\n\t\t\t\t\t\t\t\t&nbsp;\t\t\t\t\t\t\t<\/div>\r\n\r\n\t\t\t\t\t\t\r\n\t\t\t\t\t\t\t\t\t\t\t\t\t<div class=\"table-widget-col\">\r\n\t\t\t\t\t\t\t\tZus\u00e4tzliche Entsch\u00e4digungen bei Mutterschaft\t\t\t\t\t\t\t<\/div>\r\n\t\t\t\t\t\t\t\t\t\t\t\t\t<div class=\"table-widget-col\">\r\n\t\t\t\t\t\t\t\t8 Mio CHF\t\t\t\t\t\t\t<\/div>\r\n\t\t\t\t\t\t\r\n\t\t\t\t\t<\/div>\r\n\r\n\t\t\t\t\r\n\t\t\t<\/div>\r\n\t\t<\/div><\/div><\/div><\/div><\/div><\/div><\/div><\/div><\/div>\n","protected":false},"excerpt":{"rendered":"<p>FAKAndereKennzahlen 2024<\/p>\n","protected":false},"author":1,"featured_media":0,"parent":0,"menu_order":0,"comment_status":"closed","ping_status":"closed","template":"templates\/template-page.php","meta":{"_acf_changed":false,"footnotes":""},"class_list":["post-1889","page","type-page","status-publish","hentry"],"acf":[],"yoast_head":"<!-- This site is optimized with the Yoast SEO plugin v27.0 - https:\/\/yoast.com\/product\/yoast-seo-wordpress\/ -->\n<title>CCIH - Caisse de Compensation de l&#039;industrie horlog\u00e8re - FAK Andere<\/title>\n<meta name=\"robots\" content=\"index, follow, max-snippet:-1, max-image-preview:large, max-video-preview:-1\" \/>\n<link rel=\"canonical\" href=\"https:\/\/ccih51.ch\/de\/fak-andere\/\" \/>\n<meta property=\"og:locale\" content=\"de_DE\" \/>\n<meta property=\"og:type\" content=\"article\" \/>\n<meta property=\"og:title\" content=\"CCIH - Caisse de Compensation de l&#039;industrie horlog\u00e8re - FAK Andere\" \/>\n<meta property=\"og:description\" content=\"FAKAndereKennzahlen 2024\" \/>\n<meta property=\"og:url\" content=\"https:\/\/ccih51.ch\/de\/fak-andere\/\" \/>\n<meta property=\"og:site_name\" content=\"CCIH - Caisse de Compensation de l&#039;industrie horlog\u00e8re\" \/>\n<meta property=\"article:modified_time\" content=\"2025-12-04T07:03:02+00:00\" \/>\n<meta name=\"twitter:card\" content=\"summary_large_image\" \/>\n<meta name=\"twitter:label1\" content=\"Gesch\u00e4tzte Lesezeit\" \/>\n\t<meta name=\"twitter:data1\" content=\"2\u00a0Minuten\" \/>\n<script type=\"application\/ld+json\" class=\"yoast-schema-graph\">{\"@context\":\"https:\/\/schema.org\",\"@graph\":[{\"@type\":\"WebPage\",\"@id\":\"https:\/\/ccih51.ch\/de\/fak-andere\/\",\"url\":\"https:\/\/ccih51.ch\/de\/fak-andere\/\",\"name\":\"CCIH - Caisse de Compensation de l&#039;industrie horlog\u00e8re - FAK Andere\",\"isPartOf\":{\"@id\":\"https:\/\/ccih51.ch\/#website\"},\"datePublished\":\"2019-08-28T11:53:04+00:00\",\"dateModified\":\"2025-12-04T07:03:02+00:00\",\"breadcrumb\":{\"@id\":\"https:\/\/ccih51.ch\/de\/fak-andere\/#breadcrumb\"},\"inLanguage\":\"de\",\"potentialAction\":[{\"@type\":\"ReadAction\",\"target\":[\"https:\/\/ccih51.ch\/de\/fak-andere\/\"]}]},{\"@type\":\"BreadcrumbList\",\"@id\":\"https:\/\/ccih51.ch\/de\/fak-andere\/#breadcrumb\",\"itemListElement\":[{\"@type\":\"ListItem\",\"position\":1,\"name\":\"Accueil\",\"item\":\"https:\/\/ccih51.ch\/de\/\"},{\"@type\":\"ListItem\",\"position\":2,\"name\":\"FAK Andere\"}]},{\"@type\":\"WebSite\",\"@id\":\"https:\/\/ccih51.ch\/#website\",\"url\":\"https:\/\/ccih51.ch\/\",\"name\":\"CCIH - Caisse de Compensation de l&#039;industrie horlog\u00e8re\",\"description\":\"Le site de la caisse de compensation de l\u2019industrie horlog\u00e8re CCIH no 51, compos\u00e9s de la caisse AVS et la caisse ALFA, donne des informations utiles sur les assurances sociales AVS\/AI\/APG et les allocations familiales.\",\"potentialAction\":[{\"@type\":\"SearchAction\",\"target\":{\"@type\":\"EntryPoint\",\"urlTemplate\":\"https:\/\/ccih51.ch\/?s={search_term_string}\"},\"query-input\":{\"@type\":\"PropertyValueSpecification\",\"valueRequired\":true,\"valueName\":\"search_term_string\"}}],\"inLanguage\":\"de\"}]}<\/script>\n<!-- \/ Yoast SEO plugin. -->","yoast_head_json":{"title":"CCIH - Caisse de Compensation de l&#039;industrie horlog\u00e8re - FAK Andere","robots":{"index":"index","follow":"follow","max-snippet":"max-snippet:-1","max-image-preview":"max-image-preview:large","max-video-preview":"max-video-preview:-1"},"canonical":"https:\/\/ccih51.ch\/de\/fak-andere\/","og_locale":"de_DE","og_type":"article","og_title":"CCIH - Caisse de Compensation de l&#039;industrie horlog\u00e8re - FAK Andere","og_description":"FAKAndereKennzahlen 2024","og_url":"https:\/\/ccih51.ch\/de\/fak-andere\/","og_site_name":"CCIH - Caisse de Compensation de l&#039;industrie horlog\u00e8re","article_modified_time":"2025-12-04T07:03:02+00:00","twitter_card":"summary_large_image","twitter_misc":{"Gesch\u00e4tzte Lesezeit":"2\u00a0Minuten"},"schema":{"@context":"https:\/\/schema.org","@graph":[{"@type":"WebPage","@id":"https:\/\/ccih51.ch\/de\/fak-andere\/","url":"https:\/\/ccih51.ch\/de\/fak-andere\/","name":"CCIH - Caisse de Compensation de l&#039;industrie horlog\u00e8re - FAK Andere","isPartOf":{"@id":"https:\/\/ccih51.ch\/#website"},"datePublished":"2019-08-28T11:53:04+00:00","dateModified":"2025-12-04T07:03:02+00:00","breadcrumb":{"@id":"https:\/\/ccih51.ch\/de\/fak-andere\/#breadcrumb"},"inLanguage":"de","potentialAction":[{"@type":"ReadAction","target":["https:\/\/ccih51.ch\/de\/fak-andere\/"]}]},{"@type":"BreadcrumbList","@id":"https:\/\/ccih51.ch\/de\/fak-andere\/#breadcrumb","itemListElement":[{"@type":"ListItem","position":1,"name":"Accueil","item":"https:\/\/ccih51.ch\/de\/"},{"@type":"ListItem","position":2,"name":"FAK Andere"}]},{"@type":"WebSite","@id":"https:\/\/ccih51.ch\/#website","url":"https:\/\/ccih51.ch\/","name":"CCIH - Caisse de Compensation de l&#039;industrie horlog\u00e8re","description":"Le site de la caisse de compensation de l\u2019industrie horlog\u00e8re CCIH no 51, compos\u00e9s de la caisse AVS et la caisse ALFA, donne des informations utiles sur les assurances sociales AVS\/AI\/APG et les allocations familiales.","potentialAction":[{"@type":"SearchAction","target":{"@type":"EntryPoint","urlTemplate":"https:\/\/ccih51.ch\/?s={search_term_string}"},"query-input":{"@type":"PropertyValueSpecification","valueRequired":true,"valueName":"search_term_string"}}],"inLanguage":"de"}]}},"_links":{"self":[{"href":"https:\/\/ccih51.ch\/de\/wp-json\/wp\/v2\/pages\/1889","targetHints":{"allow":["GET"]}}],"collection":[{"href":"https:\/\/ccih51.ch\/de\/wp-json\/wp\/v2\/pages"}],"about":[{"href":"https:\/\/ccih51.ch\/de\/wp-json\/wp\/v2\/types\/page"}],"author":[{"embeddable":true,"href":"https:\/\/ccih51.ch\/de\/wp-json\/wp\/v2\/users\/1"}],"replies":[{"embeddable":true,"href":"https:\/\/ccih51.ch\/de\/wp-json\/wp\/v2\/comments?post=1889"}],"version-history":[{"count":41,"href":"https:\/\/ccih51.ch\/de\/wp-json\/wp\/v2\/pages\/1889\/revisions"}],"predecessor-version":[{"id":7028,"href":"https:\/\/ccih51.ch\/de\/wp-json\/wp\/v2\/pages\/1889\/revisions\/7028"}],"wp:attachment":[{"href":"https:\/\/ccih51.ch\/de\/wp-json\/wp\/v2\/media?parent=1889"}],"curies":[{"name":"wp","href":"https:\/\/api.w.org\/{rel}","templated":true}]}}