{"id":1895,"date":"2019-08-05T10:13:03","date_gmt":"2019-08-05T08:13:03","guid":{"rendered":"http:\/\/ccih51.ch\/mandats-cantonaux\/"},"modified":"2026-01-05T10:35:40","modified_gmt":"2026-01-05T09:35:40","slug":"kantonale-mandate","status":"publish","type":"page","link":"https:\/\/ccih51.ch\/de\/kantonale-mandate\/","title":{"rendered":"Kantonale Mandate"},"content":{"rendered":"<div class=\"vce-row-container\" data-vce-boxed-width=\"true\"><div class=\"vce-row vce-row--col-gap-30 bg-light-grey container-gap-both-2 vce-row-content--top\" id=\"el-6f9b026d\" data-vce-do-apply=\"all el-6f9b026d\"><div class=\"vce-row-content\" data-vce-element-content=\"true\"><div class=\"vce-col vce-col--md-auto vce-col--xs-1 vce-col--xs-last vce-col--xs-first vce-col--sm-last vce-col--sm-first vce-col--md-last vce-col--lg-last vce-col--xl-last vce-col--md-first vce-col--lg-first vce-col--xl-first\" id=\"el-79b88f6b\"><div class=\"vce-col-inner\" data-vce-do-apply=\"border margin background  el-79b88f6b\"><div class=\"vce-col-content\" data-vce-element-content=\"true\" data-vce-do-apply=\"padding el-79b88f6b\"><div class=\"vce-text-block in-top-spacing-large\"><div class=\"vce-text-block-wrapper vce\" id=\"el-abdfb02e\" data-vce-do-apply=\"all el-abdfb02e\"><h3>\u00dcbrige Dienstleistungen<\/h3><h1 class=\"no-margin-top\">Kantonale Mandate<\/h1><\/div><\/div><div class=\"vce-text-block in-top-spacing-large txt-large-size dark-red three-quarter-content\"><div class=\"vce-text-block-wrapper vce\" id=\"el-a946e4ac\" data-vce-do-apply=\"all el-a946e4ac\"><p>Die kantonalen politischen Beh\u00f6rden haben der FAK der Uhrenindustrie die Aufgabe der Beitragserhebung f\u00fcr gewisse Zusatzleistungen \u00fcbertragen.<\/p><\/div><\/div><div class=\"vce-text-block in-bottom-spacing-huge three-quarter-content\"><div class=\"vce-text-block-wrapper vce\" id=\"el-15e698a5\" data-vce-do-apply=\"all el-15e698a5\"><p>Diese Beitr\u00e4ge werden mit der Monatsabrechnung mit dem kantonalen Beitragssatz abgerechnet. Ausnahme: F\u00fcr die Berufsbildungsfonds der Kantone Genf und Zurich erfolgt die Erhebung separat.<\/p><\/div><\/div><\/div><\/div><\/div><\/div><\/div><\/div><div class=\"vce-row-container\" data-vce-boxed-width=\"true\"><div class=\"vce-row vce-row--col-gap-30 cp-area out-top-spacing-huge gap-both-2 cp-table vce-row-content--top\" id=\"el-c629e2e9\" data-vce-do-apply=\"all el-c629e2e9\"><div class=\"vce-row-content\" data-vce-element-content=\"true\"><div class=\"vce-col vce-col--md-auto vce-col--xs-1 vce-col--xs-last vce-col--xs-first vce-col--sm-last vce-col--sm-first vce-col--md-last vce-col--lg-last vce-col--xl-last vce-col--md-first vce-col--lg-first vce-col--xl-first\" id=\"el-d3085d5c\"><div class=\"vce-col-inner\" data-vce-do-apply=\"border margin background  el-d3085d5c\"><div class=\"vce-col-content\" data-vce-element-content=\"true\" data-vce-do-apply=\"padding el-d3085d5c\"><div class=\"vce-text-block\"><div class=\"vce-text-block-wrapper vce\" id=\"el-4581b378\" data-vce-do-apply=\"all el-4581b378\"><h2>Im Detail<\/h2><h4 class=\"dark-red\">Die % beziehen sich auf die Lohnsumme<\/h4><\/div><\/div><div class=\"vce-widgets-container\"><div class=\"vce vce-widgets-wrapper\" id=\"el-d15019b1\" data-vce-do-apply=\"all el-d15019b1\">\r\n\t\t<div class=\"table-widget table-widget-responsive\">\r\n\t\t\t<div class=\"table-widget-rows\">\r\n\t\t\t\t\r\n\t\t\t\t\r\n\t\t\t\t\t<div class=\"table-widget-row fg fg-12a fg-mm-4a\">\r\n\r\n\t\t\t\t\t\t\r\n\t\t\t\t\t\t\t<div class=\"table-widget-col\">\r\n\t\t\t\t\t\t\t\tFreiburg\t\t\t\t\t\t\t<\/div>\r\n\r\n\t\t\t\t\t\t\r\n\t\t\t\t\t\t\t\t\t\t\t\t\t<div class=\"table-widget-col\">\r\n\t\t\t\t\t\t\t\tFamilienerg\u00e4nzende Tagesbetreuung\t\t\t\t\t\t\t<\/div>\r\n\t\t\t\t\t\t\t\t\t\t\t\t\t<div class=\"table-widget-col\">\r\n\t\t\t\t\t\t\t\t0.04%\t\t\t\t\t\t\t<\/div>\r\n\t\t\t\t\t\t\r\n\t\t\t\t\t<\/div>\r\n\r\n\t\t\t\t\r\n\t\t\t\t\t<div class=\"table-widget-row fg fg-12a fg-mm-4a\">\r\n\r\n\t\t\t\t\t\t\r\n\t\t\t\t\t\t\t<div class=\"table-widget-col\">\r\n\t\t\t\t\t\t\t\t&nbsp;\t\t\t\t\t\t\t<\/div>\r\n\r\n\t\t\t\t\t\t\r\n\t\t\t\t\t\t\t\t\t\t\t\t\t<div class=\"table-widget-col\">\r\n\t\t\t\t\t\t\t\tBerufsbildung\t\t\t\t\t\t\t<\/div>\r\n\t\t\t\t\t\t\t\t\t\t\t\t\t<div class=\"table-widget-col\">\r\n\t\t\t\t\t\t\t\t0.04%\t\t\t\t\t\t\t<\/div>\r\n\t\t\t\t\t\t\r\n\t\t\t\t\t<\/div>\r\n\r\n\t\t\t\t\r\n\t\t\t<\/div>\r\n\t\t<\/div><\/div><\/div><div class=\"vce-widgets-container\"><div class=\"vce vce-widgets-wrapper\" id=\"el-085541db\" data-vce-do-apply=\"all el-085541db\">\r\n\t\t<div class=\"table-widget table-widget-responsive\">\r\n\t\t\t<div class=\"table-widget-rows\">\r\n\t\t\t\t\r\n\t\t\t\t\r\n\t\t\t\t\t<div class=\"table-widget-row fg fg-12a fg-mm-4a\">\r\n\r\n\t\t\t\t\t\t\r\n\t\t\t\t\t\t\t<div class=\"table-widget-col\">\r\n\t\t\t\t\t\t\t\tGenf\t\t\t\t\t\t\t<\/div>\r\n\r\n\t\t\t\t\t\t\r\n\t\t\t\t\t\t\t\t\t\t\t\t\t<div class=\"table-widget-col\">\r\n\t\t\t\t\t\t\t\tBerufsbildung\t\t\t\t\t\t\t<\/div>\r\n\t\t\t\t\t\t\t\t\t\t\t\t\t<div class=\"table-widget-col\">\r\n\t\t\t\t\t\t\t\tselon MS (taux variable)\t\t\t\t\t\t\t<\/div>\r\n\t\t\t\t\t\t\r\n\t\t\t\t\t<\/div>\r\n\r\n\t\t\t\t\r\n\t\t\t\t\t<div class=\"table-widget-row fg fg-12a fg-mm-4a\">\r\n\r\n\t\t\t\t\t\t\r\n\t\t\t\t\t\t\t<div class=\"table-widget-col\">\r\n\t\t\t\t\t\t\t\t&nbsp;\t\t\t\t\t\t\t<\/div>\r\n\r\n\t\t\t\t\t\t\r\n\t\t\t\t\t\t\t\t\t\t\t\t\t<div class=\"table-widget-col\">\r\n\t\t\t\t\t\t\t\tAccueil pr\u00e9scolaire\t\t\t\t\t\t\t<\/div>\r\n\t\t\t\t\t\t\t\t\t\t\t\t\t<div class=\"table-widget-col\">\r\n\t\t\t\t\t\t\t\t0.07%\t\t\t\t\t\t\t<\/div>\r\n\t\t\t\t\t\t\r\n\t\t\t\t\t<\/div>\r\n\r\n\t\t\t\t\r\n\t\t\t<\/div>\r\n\t\t<\/div><\/div><\/div><div class=\"vce-widgets-container\"><div class=\"vce vce-widgets-wrapper\" id=\"el-5d65fc8a\" data-vce-do-apply=\"all el-5d65fc8a\">\r\n\t\t<div class=\"table-widget table-widget-responsive\">\r\n\t\t\t<div class=\"table-widget-rows\">\r\n\t\t\t\t\r\n\t\t\t\t\r\n\t\t\t\t\t<div class=\"table-widget-row fg fg-12a fg-mm-4a\">\r\n\r\n\t\t\t\t\t\t\r\n\t\t\t\t\t\t\t<div class=\"table-widget-col\">\r\n\t\t\t\t\t\t\t\tJura\t\t\t\t\t\t\t<\/div>\r\n\r\n\t\t\t\t\t\t\r\n\t\t\t\t\t\t\t\t\t\t\t\t\t<div class=\"table-widget-col\">\r\n\t\t\t\t\t\t\t\tBerufsbildung\t\t\t\t\t\t\t<\/div>\r\n\t\t\t\t\t\t\t\t\t\t\t\t\t<div class=\"table-widget-col\">\r\n\t\t\t\t\t\t\t\t0.10%\t\t\t\t\t\t\t<\/div>\r\n\t\t\t\t\t\t\r\n\t\t\t\t\t<\/div>\r\n\r\n\t\t\t\t\r\n\t\t\t<\/div>\r\n\t\t<\/div><\/div><\/div><div class=\"vce-widgets-container\"><div class=\"vce vce-widgets-wrapper\" id=\"el-88fbbfdf\" data-vce-do-apply=\"all el-88fbbfdf\">\r\n\t\t<div class=\"table-widget table-widget-responsive\">\r\n\t\t\t<div class=\"table-widget-rows\">\r\n\t\t\t\t\r\n\t\t\t\t\r\n\t\t\t\t\t<div class=\"table-widget-row fg fg-12a fg-mm-4a\">\r\n\r\n\t\t\t\t\t\t\r\n\t\t\t\t\t\t\t<div class=\"table-widget-col\">\r\n\t\t\t\t\t\t\t\tLuzern\t\t\t\t\t\t\t<\/div>\r\n\r\n\t\t\t\t\t\t\r\n\t\t\t\t\t\t\t\t\t\t\t\t\t<div class=\"table-widget-col\">\r\n\t\t\t\t\t\t\t\tArbeitslosenhilfefonds\t\t\t\t\t\t\t<\/div>\r\n\t\t\t\t\t\t\t\t\t\t\t\t\t<div class=\"table-widget-col\">\r\n\t\t\t\t\t\t\t\t0.005%\t\t\t\t\t\t\t<\/div>\r\n\t\t\t\t\t\t\r\n\t\t\t\t\t<\/div>\r\n\r\n\t\t\t\t\r\n\t\t\t<\/div>\r\n\t\t<\/div><\/div><\/div><div class=\"vce-widgets-container\"><div class=\"vce vce-widgets-wrapper\" id=\"el-41a1b679\" data-vce-do-apply=\"all el-41a1b679\">\r\n\t\t<div class=\"table-widget table-widget-responsive\">\r\n\t\t\t<div class=\"table-widget-rows\">\r\n\t\t\t\t\r\n\t\t\t\t\r\n\t\t\t\t\t<div class=\"table-widget-row fg fg-12a fg-mm-4a\">\r\n\r\n\t\t\t\t\t\t\r\n\t\t\t\t\t\t\t<div class=\"table-widget-col\">\r\n\t\t\t\t\t\t\t\tNeuenburg\t\t\t\t\t\t\t<\/div>\r\n\r\n\t\t\t\t\t\t\r\n\t\t\t\t\t\t\t\t\t\t\t\t\t<div class=\"table-widget-col\">\r\n\t\t\t\t\t\t\t\tFamilienerg\u00e4nzende Tagesbetreuung\t\t\t\t\t\t\t<\/div>\r\n\t\t\t\t\t\t\t\t\t\t\t\t\t<div class=\"table-widget-col\">\r\n\t\t\t\t\t\t\t\t0.180%\t\t\t\t\t\t\t<\/div>\r\n\t\t\t\t\t\t\r\n\t\t\t\t\t<\/div>\r\n\r\n\t\t\t\t\r\n\t\t\t\t\t<div class=\"table-widget-row fg fg-12a fg-mm-4a\">\r\n\r\n\t\t\t\t\t\t\r\n\t\t\t\t\t\t\t<div class=\"table-widget-col\">\r\n\t\t\t\t\t\t\t\t&nbsp;\t\t\t\t\t\t\t<\/div>\r\n\r\n\t\t\t\t\t\t\r\n\t\t\t\t\t\t\t\t\t\t\t\t\t<div class=\"table-widget-col\">\r\n\t\t\t\t\t\t\t\tBerufsbildungsfond\t\t\t\t\t\t\t<\/div>\r\n\t\t\t\t\t\t\t\t\t\t\t\t\t<div class=\"table-widget-col\">\r\n\t\t\t\t\t\t\t\t0.507%\t\t\t\t\t\t\t<\/div>\r\n\t\t\t\t\t\t\r\n\t\t\t\t\t<\/div>\r\n\r\n\t\t\t\t\r\n\t\t\t<\/div>\r\n\t\t<\/div><\/div><\/div><div class=\"vce-widgets-container\"><div class=\"vce vce-widgets-wrapper\" id=\"el-d236b285\" data-vce-do-apply=\"all el-d236b285\">\r\n\t\t<div class=\"table-widget table-widget-responsive\">\r\n\t\t\t<div class=\"table-widget-rows\">\r\n\t\t\t\t\r\n\t\t\t\t\r\n\t\t\t\t\t<div class=\"table-widget-row fg fg-12a fg-mm-4a\">\r\n\r\n\t\t\t\t\t\t\r\n\t\t\t\t\t\t\t<div class=\"table-widget-col\">\r\n\t\t\t\t\t\t\t\tSolothurn\t\t\t\t\t\t\t<\/div>\r\n\r\n\t\t\t\t\t\t\r\n\t\t\t\t\t\t\t\t\t\t\t\t\t<div class=\"table-widget-col\">\r\n\t\t\t\t\t\t\t\tErg\u00e4nzungsleistung Familien\t\t\t\t\t\t\t<\/div>\r\n\t\t\t\t\t\t\t\t\t\t\t\t\t<div class=\"table-widget-col\">\r\n\t\t\t\t\t\t\t\t0.120%\t\t\t\t\t\t\t<\/div>\r\n\t\t\t\t\t\t\r\n\t\t\t\t\t<\/div>\r\n\r\n\t\t\t\t\r\n\t\t\t<\/div>\r\n\t\t<\/div><\/div><\/div><div class=\"vce-widgets-container\"><div class=\"vce vce-widgets-wrapper\" id=\"el-892ffc0d\" data-vce-do-apply=\"all el-892ffc0d\">\r\n\t\t<div class=\"table-widget table-widget-responsive\">\r\n\t\t\t<div class=\"table-widget-rows\">\r\n\t\t\t\t\r\n\t\t\t\t\r\n\t\t\t\t\t<div class=\"table-widget-row fg fg-12a fg-mm-4a\">\r\n\r\n\t\t\t\t\t\t\r\n\t\t\t\t\t\t\t<div class=\"table-widget-col\">\r\n\t\t\t\t\t\t\t\tTessin\t\t\t\t\t\t\t<\/div>\r\n\r\n\t\t\t\t\t\t\r\n\t\t\t\t\t\t\t\t\t\t\t\t\t<div class=\"table-widget-col\">\r\n\t\t\t\t\t\t\t\tFamilienerg\u00e4nzende Tagesbetreuung\t\t\t\t\t\t\t<\/div>\r\n\t\t\t\t\t\t\t\t\t\t\t\t\t<div class=\"table-widget-col\">\r\n\t\t\t\t\t\t\t\t0.150%\t\t\t\t\t\t\t<\/div>\r\n\t\t\t\t\t\t\r\n\t\t\t\t\t<\/div>\r\n\r\n\t\t\t\t\r\n\t\t\t\t\t<div class=\"table-widget-row fg fg-12a fg-mm-4a\">\r\n\r\n\t\t\t\t\t\t\r\n\t\t\t\t\t\t\t<div class=\"table-widget-col\">\r\n\t\t\t\t\t\t\t\t&nbsp;\t\t\t\t\t\t\t<\/div>\r\n\r\n\t\t\t\t\t\t\r\n\t\t\t\t\t\t\t\t\t\t\t\t\t<div class=\"table-widget-col\">\r\n\t\t\t\t\t\t\t\tElternzuschlag\t\t\t\t\t\t\t<\/div>\r\n\t\t\t\t\t\t\t\t\t\t\t\t\t<div class=\"table-widget-col\">\r\n\t\t\t\t\t\t\t\t0.150%\t\t\t\t\t\t\t<\/div>\r\n\t\t\t\t\t\t\r\n\t\t\t\t\t<\/div>\r\n\r\n\t\t\t\t\r\n\t\t\t\t\t<div class=\"table-widget-row fg fg-12a fg-mm-4a\">\r\n\r\n\t\t\t\t\t\t\r\n\t\t\t\t\t\t\t<div class=\"table-widget-col\">\r\n\t\t\t\t\t\t\t\t&nbsp;\t\t\t\t\t\t\t<\/div>\r\n\r\n\t\t\t\t\t\t\r\n\t\t\t\t\t\t\t\t\t\t\t\t\t<div class=\"table-widget-col\">\r\n\t\t\t\t\t\t\t\tBeteiligungszuschlag bei Adoption\t\t\t\t\t\t\t<\/div>\r\n\t\t\t\t\t\t\t\t\t\t\t\t\t<div class=\"table-widget-col\">\r\n\t\t\t\t\t\t\t\t0.0%\t\t\t\t\t\t\t<\/div>\r\n\t\t\t\t\t\t\r\n\t\t\t\t\t<\/div>\r\n\r\n\t\t\t\t\r\n\t\t\t<\/div>\r\n\t\t<\/div><\/div><\/div><div class=\"vce-widgets-container\"><div class=\"vce vce-widgets-wrapper\" id=\"el-957cd216\" data-vce-do-apply=\"all el-957cd216\">\r\n\t\t<div class=\"table-widget table-widget-responsive\">\r\n\t\t\t<div class=\"table-widget-rows\">\r\n\t\t\t\t\r\n\t\t\t\t\r\n\t\t\t\t\t<div class=\"table-widget-row fg fg-12a fg-mm-4a\">\r\n\r\n\t\t\t\t\t\t\r\n\t\t\t\t\t\t\t<div class=\"table-widget-col\">\r\n\t\t\t\t\t\t\t\tWaadt\t\t\t\t\t\t\t<\/div>\r\n\r\n\t\t\t\t\t\t\r\n\t\t\t\t\t\t\t\t\t\t\t\t\t<div class=\"table-widget-col\">\r\n\t\t\t\t\t\t\t\tFamilienerg\u00e4nzende Tagesbetreuung\t\t\t\t\t\t\t<\/div>\r\n\t\t\t\t\t\t\t\t\t\t\t\t\t<div class=\"table-widget-col\">\r\n\t\t\t\t\t\t\t\t0.16%\t\t\t\t\t\t\t<\/div>\r\n\t\t\t\t\t\t\r\n\t\t\t\t\t<\/div>\r\n\r\n\t\t\t\t\r\n\t\t\t\t\t<div class=\"table-widget-row fg fg-12a fg-mm-4a\">\r\n\r\n\t\t\t\t\t\t\r\n\t\t\t\t\t\t\t<div class=\"table-widget-col\">\r\n\t\t\t\t\t\t\t\t&nbsp;\t\t\t\t\t\t\t<\/div>\r\n\r\n\t\t\t\t\t\t\r\n\t\t\t\t\t\t\t\t\t\t\t\t\t<div class=\"table-widget-col\">\r\n\t\t\t\t\t\t\t\tBerufsbildung\t\t\t\t\t\t\t<\/div>\r\n\t\t\t\t\t\t\t\t\t\t\t\t\t<div class=\"table-widget-col\">\r\n\t\t\t\t\t\t\t\t0.09%\t\t\t\t\t\t\t<\/div>\r\n\t\t\t\t\t\t\r\n\t\t\t\t\t<\/div>\r\n\r\n\t\t\t\t\r\n\t\t\t\t\t<div class=\"table-widget-row fg fg-12a fg-mm-4a\">\r\n\r\n\t\t\t\t\t\t\r\n\t\t\t\t\t\t\t<div class=\"table-widget-col\">\r\n\t\t\t\t\t\t\t\t&nbsp;\t\t\t\t\t\t\t<\/div>\r\n\r\n\t\t\t\t\t\t\r\n\t\t\t\t\t\t\t\t\t\t\t\t\t<div class=\"table-widget-col\">\r\n\t\t\t\t\t\t\t\tPC familles (50% zulasten Arbeitnehmer)\t\t\t\t\t\t\t<\/div>\r\n\t\t\t\t\t\t\t\t\t\t\t\t\t<div class=\"table-widget-col\">\r\n\t\t\t\t\t\t\t\t0.18%\t\t\t\t\t\t\t<\/div>\r\n\t\t\t\t\t\t\r\n\t\t\t\t\t<\/div>\r\n\r\n\t\t\t\t\r\n\t\t\t<\/div>\r\n\t\t<\/div><\/div><\/div><div class=\"vce-widgets-container\"><div class=\"vce vce-widgets-wrapper\" id=\"el-31585277\" data-vce-do-apply=\"all el-31585277\">\r\n\t\t<div class=\"table-widget table-widget-responsive\">\r\n\t\t\t<div class=\"table-widget-rows\">\r\n\t\t\t\t\r\n\t\t\t\t\r\n\t\t\t\t\t<div class=\"table-widget-row fg fg-12a fg-mm-4a\">\r\n\r\n\t\t\t\t\t\t\r\n\t\t\t\t\t\t\t<div class=\"table-widget-col\">\r\n\t\t\t\t\t\t\t\tWallis\t\t\t\t\t\t\t<\/div>\r\n\r\n\t\t\t\t\t\t\r\n\t\t\t\t\t\t\t\t\t\t\t\t\t<div class=\"table-widget-col\">\r\n\t\t\t\t\t\t\t\tBerufsbildung (0.001% zulasten Arbeitgeber)\t\t\t\t\t\t\t<\/div>\r\n\t\t\t\t\t\t\t\t\t\t\t\t\t<div class=\"table-widget-col\">\r\n\t\t\t\t\t\t\t\t0.10%\t\t\t\t\t\t\t<\/div>\r\n\t\t\t\t\t\t\r\n\t\t\t\t\t<\/div>\r\n\r\n\t\t\t\t\r\n\t\t\t\t\t<div class=\"table-widget-row fg fg-12a fg-mm-4a\">\r\n\r\n\t\t\t\t\t\t\r\n\t\t\t\t\t\t\t<div class=\"table-widget-col\">\r\n\t\t\t\t\t\t\t\t&nbsp;\t\t\t\t\t\t\t<\/div>\r\n\r\n\t\t\t\t\t\t\r\n\t\t\t\t\t\t\t\t\t\t\t\t\t<div class=\"table-widget-col\">\r\n\t\t\t\t\t\t\t\tFamilienfonds\t\t\t\t\t\t\t<\/div>\r\n\t\t\t\t\t\t\t\t\t\t\t\t\t<div class=\"table-widget-col\">\r\n\t\t\t\t\t\t\t\t0.18%\t\t\t\t\t\t\t<\/div>\r\n\t\t\t\t\t\t\r\n\t\t\t\t\t<\/div>\r\n\r\n\t\t\t\t\r\n\t\t\t<\/div>\r\n\t\t<\/div><\/div><\/div><div class=\"vce-widgets-container\"><div class=\"vce vce-widgets-wrapper\" id=\"el-2485368d\" data-vce-do-apply=\"all el-2485368d\">\r\n\t\t<div class=\"table-widget table-widget-responsive\">\r\n\t\t\t<div class=\"table-widget-rows\">\r\n\t\t\t\t\r\n\t\t\t\t\r\n\t\t\t\t\t<div class=\"table-widget-row fg fg-12a fg-mm-4a\">\r\n\r\n\t\t\t\t\t\t\r\n\t\t\t\t\t\t\t<div class=\"table-widget-col\">\r\n\t\t\t\t\t\t\t\tZurich\t\t\t\t\t\t\t<\/div>\r\n\r\n\t\t\t\t\t\t\r\n\t\t\t\t\t\t\t\t\t\t\t\t\t<div class=\"table-widget-col\">\r\n\t\t\t\t\t\t\t\tBerufsbildung\t\t\t\t\t\t\t<\/div>\r\n\t\t\t\t\t\t\t\t\t\t\t\t\t<div class=\"table-widget-col\">\r\n\t\t\t\t\t\t\t\t0.10%\t\t\t\t\t\t\t<\/div>\r\n\t\t\t\t\t\t\r\n\t\t\t\t\t<\/div>\r\n\r\n\t\t\t\t\r\n\t\t\t<\/div>\r\n\t\t<\/div><\/div><\/div><\/div><\/div><\/div><\/div><\/div><\/div>\n","protected":false},"excerpt":{"rendered":"<p>\u00dcbrige DienstleistungenKantonale MandateDie kantonalen politischen Beh\u00f6rden haben der FAK der Uhrenindustrie die Aufgabe der Beitragserhebung f\u00fcr gewisse Zusatzleistungen \u00fcbertragen.Diese Beitr\u00e4ge werden mit der Monatsabrechnung mit dem kantonalen Beitragssatz abgerechnet. Ausnahme: F\u00fcr die Berufsbildungsfonds der Kantone Genf und Zurich erfolgt die Erhebung separat.Im DetailDie % beziehen sich auf die Lohnsumme<\/p>\n","protected":false},"author":1,"featured_media":0,"parent":0,"menu_order":0,"comment_status":"closed","ping_status":"closed","template":"templates\/template-page.php","meta":{"_acf_changed":false,"footnotes":""},"class_list":["post-1895","page","type-page","status-publish","hentry"],"acf":[],"yoast_head":"<!-- This site is optimized with the Yoast SEO plugin v27.0 - https:\/\/yoast.com\/product\/yoast-seo-wordpress\/ -->\n<title>CCIH - Caisse de Compensation de l&#039;industrie horlog\u00e8re - Kantonale Mandate<\/title>\n<meta name=\"robots\" content=\"index, follow, max-snippet:-1, max-image-preview:large, max-video-preview:-1\" \/>\n<link rel=\"canonical\" href=\"https:\/\/ccih51.ch\/de\/kantonale-mandate\/\" \/>\n<meta property=\"og:locale\" content=\"de_DE\" \/>\n<meta property=\"og:type\" content=\"article\" \/>\n<meta property=\"og:title\" content=\"CCIH - Caisse de Compensation de l&#039;industrie horlog\u00e8re - Kantonale Mandate\" \/>\n<meta property=\"og:description\" content=\"\u00dcbrige DienstleistungenKantonale MandateDie kantonalen politischen Beh\u00f6rden haben der FAK der Uhrenindustrie die Aufgabe der Beitragserhebung f\u00fcr gewisse Zusatzleistungen \u00fcbertragen.Diese Beitr\u00e4ge werden mit der Monatsabrechnung mit dem kantonalen Beitragssatz abgerechnet. Ausnahme: F\u00fcr die Berufsbildungsfonds der Kantone Genf und Zurich erfolgt die Erhebung separat.Im DetailDie % beziehen sich auf die Lohnsumme\" \/>\n<meta property=\"og:url\" content=\"https:\/\/ccih51.ch\/de\/kantonale-mandate\/\" \/>\n<meta property=\"og:site_name\" content=\"CCIH - Caisse de Compensation de l&#039;industrie horlog\u00e8re\" \/>\n<meta property=\"article:modified_time\" content=\"2026-01-05T09:35:40+00:00\" \/>\n<meta name=\"twitter:card\" content=\"summary_large_image\" \/>\n<meta name=\"twitter:label1\" content=\"Gesch\u00e4tzte Lesezeit\" \/>\n\t<meta name=\"twitter:data1\" content=\"3\u00a0Minuten\" \/>\n<script type=\"application\/ld+json\" class=\"yoast-schema-graph\">{\"@context\":\"https:\/\/schema.org\",\"@graph\":[{\"@type\":\"WebPage\",\"@id\":\"https:\/\/ccih51.ch\/de\/kantonale-mandate\/\",\"url\":\"https:\/\/ccih51.ch\/de\/kantonale-mandate\/\",\"name\":\"CCIH - Caisse de Compensation de l&#039;industrie horlog\u00e8re - Kantonale Mandate\",\"isPartOf\":{\"@id\":\"https:\/\/ccih51.ch\/#website\"},\"datePublished\":\"2019-08-05T08:13:03+00:00\",\"dateModified\":\"2026-01-05T09:35:40+00:00\",\"breadcrumb\":{\"@id\":\"https:\/\/ccih51.ch\/de\/kantonale-mandate\/#breadcrumb\"},\"inLanguage\":\"de\",\"potentialAction\":[{\"@type\":\"ReadAction\",\"target\":[\"https:\/\/ccih51.ch\/de\/kantonale-mandate\/\"]}]},{\"@type\":\"BreadcrumbList\",\"@id\":\"https:\/\/ccih51.ch\/de\/kantonale-mandate\/#breadcrumb\",\"itemListElement\":[{\"@type\":\"ListItem\",\"position\":1,\"name\":\"Accueil\",\"item\":\"https:\/\/ccih51.ch\/de\/\"},{\"@type\":\"ListItem\",\"position\":2,\"name\":\"Kantonale Mandate\"}]},{\"@type\":\"WebSite\",\"@id\":\"https:\/\/ccih51.ch\/#website\",\"url\":\"https:\/\/ccih51.ch\/\",\"name\":\"CCIH - Caisse de Compensation de l&#039;industrie horlog\u00e8re\",\"description\":\"Le site de la caisse de compensation de l\u2019industrie horlog\u00e8re CCIH no 51, compos\u00e9s de la caisse AVS et la caisse ALFA, donne des informations utiles sur les assurances sociales AVS\/AI\/APG et les allocations familiales.\",\"potentialAction\":[{\"@type\":\"SearchAction\",\"target\":{\"@type\":\"EntryPoint\",\"urlTemplate\":\"https:\/\/ccih51.ch\/?s={search_term_string}\"},\"query-input\":{\"@type\":\"PropertyValueSpecification\",\"valueRequired\":true,\"valueName\":\"search_term_string\"}}],\"inLanguage\":\"de\"}]}<\/script>\n<!-- \/ Yoast SEO plugin. -->","yoast_head_json":{"title":"CCIH - Caisse de Compensation de l&#039;industrie horlog\u00e8re - Kantonale Mandate","robots":{"index":"index","follow":"follow","max-snippet":"max-snippet:-1","max-image-preview":"max-image-preview:large","max-video-preview":"max-video-preview:-1"},"canonical":"https:\/\/ccih51.ch\/de\/kantonale-mandate\/","og_locale":"de_DE","og_type":"article","og_title":"CCIH - Caisse de Compensation de l&#039;industrie horlog\u00e8re - Kantonale Mandate","og_description":"\u00dcbrige DienstleistungenKantonale MandateDie kantonalen politischen Beh\u00f6rden haben der FAK der Uhrenindustrie die Aufgabe der Beitragserhebung f\u00fcr gewisse Zusatzleistungen \u00fcbertragen.Diese Beitr\u00e4ge werden mit der Monatsabrechnung mit dem kantonalen Beitragssatz abgerechnet. Ausnahme: F\u00fcr die Berufsbildungsfonds der Kantone Genf und Zurich erfolgt die Erhebung separat.Im DetailDie % beziehen sich auf die Lohnsumme","og_url":"https:\/\/ccih51.ch\/de\/kantonale-mandate\/","og_site_name":"CCIH - Caisse de Compensation de l&#039;industrie horlog\u00e8re","article_modified_time":"2026-01-05T09:35:40+00:00","twitter_card":"summary_large_image","twitter_misc":{"Gesch\u00e4tzte Lesezeit":"3\u00a0Minuten"},"schema":{"@context":"https:\/\/schema.org","@graph":[{"@type":"WebPage","@id":"https:\/\/ccih51.ch\/de\/kantonale-mandate\/","url":"https:\/\/ccih51.ch\/de\/kantonale-mandate\/","name":"CCIH - Caisse de Compensation de l&#039;industrie horlog\u00e8re - Kantonale Mandate","isPartOf":{"@id":"https:\/\/ccih51.ch\/#website"},"datePublished":"2019-08-05T08:13:03+00:00","dateModified":"2026-01-05T09:35:40+00:00","breadcrumb":{"@id":"https:\/\/ccih51.ch\/de\/kantonale-mandate\/#breadcrumb"},"inLanguage":"de","potentialAction":[{"@type":"ReadAction","target":["https:\/\/ccih51.ch\/de\/kantonale-mandate\/"]}]},{"@type":"BreadcrumbList","@id":"https:\/\/ccih51.ch\/de\/kantonale-mandate\/#breadcrumb","itemListElement":[{"@type":"ListItem","position":1,"name":"Accueil","item":"https:\/\/ccih51.ch\/de\/"},{"@type":"ListItem","position":2,"name":"Kantonale Mandate"}]},{"@type":"WebSite","@id":"https:\/\/ccih51.ch\/#website","url":"https:\/\/ccih51.ch\/","name":"CCIH - Caisse de Compensation de l&#039;industrie horlog\u00e8re","description":"Le site de la caisse de compensation de l\u2019industrie horlog\u00e8re CCIH no 51, compos\u00e9s de la caisse AVS et la caisse ALFA, donne des informations utiles sur les assurances sociales AVS\/AI\/APG et les allocations familiales.","potentialAction":[{"@type":"SearchAction","target":{"@type":"EntryPoint","urlTemplate":"https:\/\/ccih51.ch\/?s={search_term_string}"},"query-input":{"@type":"PropertyValueSpecification","valueRequired":true,"valueName":"search_term_string"}}],"inLanguage":"de"}]}},"_links":{"self":[{"href":"https:\/\/ccih51.ch\/de\/wp-json\/wp\/v2\/pages\/1895","targetHints":{"allow":["GET"]}}],"collection":[{"href":"https:\/\/ccih51.ch\/de\/wp-json\/wp\/v2\/pages"}],"about":[{"href":"https:\/\/ccih51.ch\/de\/wp-json\/wp\/v2\/types\/page"}],"author":[{"embeddable":true,"href":"https:\/\/ccih51.ch\/de\/wp-json\/wp\/v2\/users\/1"}],"replies":[{"embeddable":true,"href":"https:\/\/ccih51.ch\/de\/wp-json\/wp\/v2\/comments?post=1895"}],"version-history":[{"count":24,"href":"https:\/\/ccih51.ch\/de\/wp-json\/wp\/v2\/pages\/1895\/revisions"}],"predecessor-version":[{"id":7090,"href":"https:\/\/ccih51.ch\/de\/wp-json\/wp\/v2\/pages\/1895\/revisions\/7090"}],"wp:attachment":[{"href":"https:\/\/ccih51.ch\/de\/wp-json\/wp\/v2\/media?parent=1895"}],"curies":[{"name":"wp","href":"https:\/\/api.w.org\/{rel}","templated":true}]}}