{"id":1951,"date":"2019-10-14T09:50:22","date_gmt":"2019-10-14T07:50:22","guid":{"rendered":"http:\/\/ccih51.ch\/?page_id=1951"},"modified":"2025-11-24T09:00:25","modified_gmt":"2025-11-24T08:00:25","slug":"unsere-agenturen","status":"publish","type":"page","link":"https:\/\/ccih51.ch\/de\/unsere-agenturen\/","title":{"rendered":"Unsere Agenturen"},"content":{"rendered":"<div class=\"vce-row-container\" data-vce-boxed-width=\"true\"><div class=\"vce-row vce-row--col-gap-30 fp-area light-grey-area in-v-spacing-large vce-row-content--top\" id=\"el-10e5e8b2\" data-vce-do-apply=\"all el-10e5e8b2\"><div class=\"vce-row-content\" data-vce-element-content=\"true\"><div class=\"vce-col vce-col--md-auto vce-col--xs-1 vce-col--xs-last vce-col--xs-first vce-col--sm-last vce-col--sm-first vce-col--md-last vce-col--lg-last vce-col--xl-last vce-col--md-first vce-col--lg-first vce-col--xl-first\" id=\"el-84a8f3ef\"><div class=\"vce-col-inner\" data-vce-do-apply=\"border margin background  el-84a8f3ef\"><div class=\"vce-col-content\" data-vce-element-content=\"true\" data-vce-do-apply=\"padding el-84a8f3ef\"><div class=\"vce-text-block container-gap-both-2 in-v-spacing-larg\"><div class=\"vce-text-block-wrapper vce\" id=\"el-d1e1834a\" data-vce-do-apply=\"all el-d1e1834a\"><h1 class=\"no-margin-top\">Unsere B\u00fcros<\/h1><\/div><\/div><\/div><\/div><\/div><\/div><\/div><\/div><div class=\"vce-row-container\" data-vce-boxed-width=\"true\"><div class=\"vce-row vce-row--col-gap-30 vce-row-content--top\" id=\"el-5e718a9c\" data-vce-do-apply=\"all el-5e718a9c\"><div class=\"vce-row-content\" data-vce-element-content=\"true\"><div class=\"vce-col vce-col--md-auto vce-col--xs-1 vce-col--xs-last vce-col--xs-first vce-col--sm-last vce-col--sm-first vce-col--md-last vce-col--lg-last vce-col--xl-last vce-col--md-first vce-col--lg-first vce-col--xl-first\" id=\"el-df7a34e9\"><div class=\"vce-col-inner\" data-vce-do-apply=\"border margin background  el-df7a34e9\"><div class=\"vce-col-content\" data-vce-element-content=\"true\" data-vce-do-apply=\"padding el-df7a34e9\"><div class=\"vcv-row-control-wrapper\"><\/div><\/div><\/div><\/div><\/div><\/div><\/div><div class=\"vce-row-container\" data-vce-boxed-width=\"true\"><div class=\"vce-row vce-row--col-gap-30 gap-both-2  out-top-spacing-huge vce-row-content--top\" id=\"el-c42e9b9c\" data-vce-do-apply=\"all el-c42e9b9c\"><div class=\"vce-row-content\" data-vce-element-content=\"true\"><div class=\"vce-col vce-col--md-auto vce-col--xs-1 vce-col--xs-last vce-col--xs-first vce-col--sm-last vce-col--sm-first vce-col--md-last vce-col--lg-last vce-col--xl-last vce-col--md-first vce-col--lg-first vce-col--xl-first\" id=\"el-2e48b4a2\"><div class=\"vce-col-inner\" data-vce-do-apply=\"border margin background  el-2e48b4a2\"><div class=\"vce-col-content\" data-vce-element-content=\"true\" data-vce-do-apply=\"padding el-2e48b4a2\"><div class=\"vce-row-container\" data-vce-boxed-width=\"true\"><div class=\"vce-row vce-row--col-gap-30 vce-row-content--top\" id=\"el-cab04b76\" data-vce-do-apply=\"all el-cab04b76\"><div class=\"vce-row-content\" data-vce-element-content=\"true\"><div class=\"vce-col vce-col--md-auto vce-col--xs-1 vce-col--xs-last vce-col--xs-first vce-col--sm-last vce-col--sm-first vce-col--md-first vce-col--lg-first vce-col--xl-first\" id=\"el-07248595\"><div class=\"vce-col-inner\" data-vce-do-apply=\"border margin background  el-07248595\"><div class=\"vce-col-content\" data-vce-element-content=\"true\" data-vce-do-apply=\"padding el-07248595\"><div class=\"vce-text-block dark-red bienne-icon after-icomoon gap-right-1\" id=\"bienne\"><div class=\"vce-text-block-wrapper vce\" id=\"el-9b8552a4\" data-vce-do-apply=\"all el-9b8552a4\"><h2 style=\"text-align: right;\">Bienne<\/h2><\/div><\/div><\/div><\/div><\/div><div class=\"vce-col vce-col--md-auto vce-col--xs-1 vce-col--xs-last vce-col--xs-first vce-col--sm-last vce-col--sm-first vce-col--md-last vce-col--lg-last vce-col--xl-last\" id=\"el-71e0349b\"><div class=\"vce-col-inner\" data-vce-do-apply=\"border margin background  el-71e0349b\"><div class=\"vce-col-content\" data-vce-element-content=\"true\" data-vce-do-apply=\"padding el-71e0349b\"><div class=\"vce-text-block text-box out-bottom-spacing-small\"><div class=\"vce-text-block-wrapper vce\" id=\"el-b8636695\" data-vce-do-apply=\"all el-b8636695\"><h3>Sitz 51<\/h3>\n<p>Ausgleichskasse der Uhrenindustrie<br>Hauptsitzung<br>Silbergasse 6<br>Postfach<br>2501 Biel<\/p>\n<hr>\n<p>T. <a class=\"link\" href=\"tel:0041583533200\">+41 (0) 58 353 32 00<\/a><\/p>\n<hr>\n<p><a href=\"mailto:info@ccih-siege51.ch\" data-wplink-edit=\"true\">info@ccih51.ch<\/a><\/p><\/div><\/div><div class=\"vce-text-block text-box  out-bottom-spacing-small\"><div class=\"vce-text-block-wrapper vce\" id=\"el-880d4760\" data-vce-do-apply=\"all el-880d4760\"><h3>(51.4)<\/h3>\n<p>Ausgleichskasse der Uhrenindustrie<br>Silbergasse 6<br>Postfach<br>2501 Biel<\/p>\n<hr>\n<p>T. <a href=\"tel:+41583533200\">058 \/ 353 32 00<\/a><\/p>\n<hr>\n<p><a href=\"mailto:alfa@aphm-cc514.ch\">alfa@aphm-cc514.ch<\/a><\/p>\n<hr>\n<p><b>E-business<\/b><\/p>\n<p><a class=\"button-2\" href=\"https:\/\/h514.ebusiness-avs.ch\/ebh514\/showLogin.htm\" target=\"_blank\" rel=\"noopener\"><span class=\"in-button\">Login<\/span><\/a><\/p><\/div><\/div><\/div><\/div><\/div><\/div><\/div><\/div><\/div><\/div><\/div><\/div><\/div><\/div><div class=\"vce-row-container\" data-vce-boxed-width=\"true\"><div class=\"vce-row vce-row--col-gap-30 gap-both-2 out-top-spacing-huge dark-area vce-row-content--top\" id=\"el-f1bc60d4\" data-vce-do-apply=\"all el-f1bc60d4\"><div class=\"vce-row-content\" data-vce-element-content=\"true\"><div class=\"vce-col vce-col--md-auto vce-col--xs-1 vce-col--xs-last vce-col--xs-first vce-col--sm-last vce-col--sm-first vce-col--md-last vce-col--lg-last vce-col--xl-last vce-col--md-first vce-col--lg-first vce-col--xl-first\" id=\"el-de7427c9\"><div class=\"vce-col-inner\" data-vce-do-apply=\"border margin background  el-de7427c9\"><div class=\"vce-col-content\" data-vce-element-content=\"true\" data-vce-do-apply=\"padding el-de7427c9\"><div class=\"vce-row-container\" data-vce-boxed-width=\"true\"><div class=\"vce-row vce-row--col-gap-30 out-v-spacing-large vce-row-content--top\" id=\"el-2e11ea12\" data-vce-do-apply=\"all el-2e11ea12\"><div class=\"vce-row-content\" data-vce-element-content=\"true\"><div class=\"vce-col vce-col--md-auto vce-col--xs-1 vce-col--xs-last vce-col--xs-first vce-col--sm-last vce-col--sm-first vce-col--md-first vce-col--lg-first vce-col--xl-first\" id=\"el-7df65506\"><div class=\"vce-col-inner\" data-vce-do-apply=\"border margin background  el-7df65506\"><div class=\"vce-col-content\" data-vce-element-content=\"true\" data-vce-do-apply=\"padding el-7df65506\"><div class=\"vce-text-block geneve-icon after-icomoon gap-right-1\" id=\"genf\"><div class=\"vce-text-block-wrapper vce\" id=\"el-1f42fdeb\" data-vce-do-apply=\"all el-1f42fdeb\"><h2 style=\"text-align: right;\">Genf<\/h2><\/div><\/div><\/div><\/div><\/div><div class=\"vce-col vce-col--md-auto vce-col--xs-1 vce-col--xs-last vce-col--xs-first vce-col--sm-last vce-col--sm-first vce-col--md-last vce-col--lg-last vce-col--xl-last\" id=\"el-4278d087\"><div class=\"vce-col-inner\" data-vce-do-apply=\"border margin background  el-4278d087\"><div class=\"vce-col-content\" data-vce-element-content=\"true\" data-vce-do-apply=\"padding el-4278d087\"><div class=\"vce-text-block text-box-red  out-bottom-spacing-small dark-red-area\"><div class=\"vce-text-block-wrapper vce\" id=\"el-531a0427\" data-vce-do-apply=\"all el-531a0427\"><h3>B\u00fcro Genf<\/h3>\n<p>Caisse de compensation de l'industrie horlog\u00e8re<br>Rue Muzy 10<br>1207 Gen\u00e8ve<\/p>\n<hr>\n<p>T. <a href=\"tel:+41228070090\" data-wplink-edit=\"true\">058 \/ 353 32 30<\/a><\/p>\n<hr>\n<p><a href=\"mailto:info@ccih51.ch\">info@ccih51.ch<\/a><\/p>\n<hr>\n<p><strong>B\u00fcroleiterin:<br><\/strong>Frau Ga\u00eblle Milliquet<\/p>\n<hr>\n<p><strong>E-business<\/strong><\/p>\n<p><a class=\"button-2\" href=\"https:\/\/h513.ebusiness-avs.ch\/ebh513\/showLogin.htm\" target=\"_blank\" rel=\"noopener\"><span class=\"in-button\">Login<\/span><\/a><\/p><\/div><\/div><\/div><\/div><\/div><\/div><\/div><\/div><\/div><\/div><\/div><\/div><\/div><\/div><div class=\"vce-row-container\" data-vce-boxed-width=\"true\"><div class=\"vce-row vce-row--col-gap-30 vce-row-content--top\" id=\"el-3a2a6bff\" data-vce-do-apply=\"all el-3a2a6bff\"><div class=\"vce-row-content\" data-vce-element-content=\"true\"><div class=\"vce-col vce-col--md-auto vce-col--xs-1 vce-col--xs-last vce-col--xs-first vce-col--sm-last vce-col--sm-first vce-col--md-last vce-col--lg-last vce-col--xl-last vce-col--md-first vce-col--lg-first vce-col--xl-first\" id=\"el-6fd26c11\"><div class=\"vce-col-inner\" data-vce-do-apply=\"border margin background  el-6fd26c11\"><div class=\"vce-col-content\" data-vce-element-content=\"true\" data-vce-do-apply=\"padding el-6fd26c11\"><div class=\"vcv-row-control-wrapper\"><\/div><\/div><\/div><\/div><\/div><\/div><\/div><div class=\"vce-row-container\" data-vce-boxed-width=\"true\"><div class=\"vce-row vce-row--col-gap-30 gap-both-2 out-top-spacing-huge vce-row-content--top\" id=\"el-1330f065\" data-vce-do-apply=\"all el-1330f065\"><div class=\"vce-row-content\" data-vce-element-content=\"true\"><div class=\"vce-col vce-col--md-auto vce-col--xs-1 vce-col--xs-last vce-col--xs-first vce-col--sm-last vce-col--sm-first vce-col--md-last vce-col--lg-last vce-col--xl-last vce-col--md-first vce-col--lg-first vce-col--xl-first\" id=\"el-7666c9d1\"><div class=\"vce-col-inner\" data-vce-do-apply=\"border margin background  el-7666c9d1\"><div class=\"vce-col-content\" data-vce-element-content=\"true\" data-vce-do-apply=\"padding el-7666c9d1\"><div class=\"vce-row-container\" data-vce-boxed-width=\"true\"><div class=\"vce-row vce-row--col-gap-30 vce-row-content--top\" id=\"el-ae5480e0\" data-vce-do-apply=\"all el-ae5480e0\"><div class=\"vce-row-content\" data-vce-element-content=\"true\"><div class=\"vce-col vce-col--md-auto vce-col--xs-1 vce-col--xs-last vce-col--xs-first vce-col--sm-last vce-col--sm-first vce-col--md-first vce-col--lg-first vce-col--xl-first\" id=\"el-45f1129c\"><div class=\"vce-col-inner\" data-vce-do-apply=\"border margin background  el-45f1129c\"><div class=\"vce-col-content\" data-vce-element-content=\"true\" data-vce-do-apply=\"padding el-45f1129c\"><div class=\"vce-text-block dark-red chaux-de-fonds-icon after-icomoon gap-right-1\" id=\"chaux-de-fonds\"><div class=\"vce-text-block-wrapper vce\" id=\"el-718eae6b\" data-vce-do-apply=\"all el-718eae6b\"><h2 style=\"text-align: right;\">La Chaux-de-Fonds<\/h2><\/div><\/div><\/div><\/div><\/div><div class=\"vce-col vce-col--md-auto vce-col--xs-1 vce-col--xs-last vce-col--xs-first vce-col--sm-last vce-col--sm-first vce-col--md-last vce-col--lg-last vce-col--xl-last\" id=\"el-968894c8\"><div class=\"vce-col-inner\" data-vce-do-apply=\"border margin background  el-968894c8\"><div class=\"vce-col-content\" data-vce-element-content=\"true\" data-vce-do-apply=\"padding el-968894c8\"><div class=\"vce-text-block text-box out-bottom-spacing-small\"><div class=\"vce-text-block-wrapper vce\" id=\"el-55415239\" data-vce-do-apply=\"all el-55415239\"><h3>B\u00fcro La Chaux-de-Fonds<\/h3>\n<p>Ausgleichskasse der Uhrenindustrie<br>(51.10)<br>Rue du Temple-Allemand 47<br>2300 La Chaux-de-Fonds<\/p>\n<hr>\n<p>T. <a href=\"tel:+41323444615\">032 \/ 344 46 15<\/a><\/p>\n<hr>\n<p><a href=\"mailto:info@ccih5110.ch\">info@ccih5110.ch<\/a><\/p>\n<hr>\n<p><b>B\u00fcroleiterin<\/b><br>Frau Sarita Benkhaira<\/p>\n<hr>\n<p><b>E-business<\/b><\/p>\n<p><a class=\"button-2\" href=\"https:\/\/h5110.ebusiness-avs.ch\/ebh51x\/showLogin.htm\" target=\"_blank\" rel=\"noopener\"><span class=\"in-button\">Login<\/span><\/a><\/p><\/div><\/div><\/div><\/div><\/div><\/div><\/div><\/div><\/div><\/div><\/div><\/div><\/div><\/div><div class=\"vce-row-container\" data-vce-boxed-width=\"true\"><div class=\"vce-row vce-row--col-gap-30 gap-both-2 out-top-spacing-huge light-grey-area vce-row-content--top\" id=\"el-f010cae3\" data-vce-do-apply=\"all el-f010cae3\"><div class=\"vce-row-content\" data-vce-element-content=\"true\"><div class=\"vce-col vce-col--md-auto vce-col--xs-1 vce-col--xs-last vce-col--xs-first vce-col--sm-last vce-col--sm-first vce-col--md-last vce-col--lg-last vce-col--xl-last vce-col--md-first vce-col--lg-first vce-col--xl-first\" id=\"el-65a11c8f\"><div class=\"vce-col-inner\" data-vce-do-apply=\"border margin background  el-65a11c8f\"><div class=\"vce-col-content\" data-vce-element-content=\"true\" data-vce-do-apply=\"padding el-65a11c8f\"><div class=\"vce-row-container\" data-vce-boxed-width=\"true\"><div class=\"vce-row vce-row--col-gap-30 out-v-spacing-huge vce-row-content--top\" id=\"el-546927d0\" data-vce-do-apply=\"all el-546927d0\"><div class=\"vce-row-content\" data-vce-element-content=\"true\"><div class=\"vce-col vce-col--md-auto vce-col--xs-1 vce-col--xs-last vce-col--xs-first vce-col--sm-last vce-col--sm-first vce-col--md-first vce-col--lg-first vce-col--xl-first\" id=\"el-5631b726\"><div class=\"vce-col-inner\" data-vce-do-apply=\"border margin background  el-5631b726\"><div class=\"vce-col-content\" data-vce-element-content=\"true\" data-vce-do-apply=\"padding el-5631b726\"><div class=\"vce-text-block granges-icon after-icomoon gap-right-1\" id=\"grenchen\"><div class=\"vce-text-block-wrapper vce\" id=\"el-c50c4112\" data-vce-do-apply=\"all el-c50c4112\"><h2 style=\"text-align: right;\">Biel<\/h2><\/div><\/div><\/div><\/div><\/div><div class=\"vce-col vce-col--md-auto vce-col--xs-1 vce-col--xs-last vce-col--xs-first vce-col--sm-last vce-col--sm-first vce-col--md-last vce-col--lg-last vce-col--xl-last\" id=\"el-73beab2e\"><div class=\"vce-col-inner\" data-vce-do-apply=\"border margin background  el-73beab2e\"><div class=\"vce-col-content\" data-vce-element-content=\"true\" data-vce-do-apply=\"padding el-73beab2e\"><div class=\"vce-text-block text-box-red  out-bottom-spacing-small dark-red-area\"><div class=\"vce-text-block-wrapper vce\" id=\"el-a960491b\" data-vce-do-apply=\"all el-a960491b\"><h3>(51.5)<\/h3>\n<p>Ausgleichskasse der Uhrenindustrie<br>Silbergasse 6<br>Postfach <br>2501 Biel<\/p>\n<hr>\n<p>T. <a href=\"tel:+4158 353 32 00\">058 \/ 353 32 00<\/a><\/p>\n<hr>\n<p><a href=\"mailto:info@cc517.ch\">info@cc517.ch<\/a><\/p>\n<hr>\n<div class=\"toggle-on-click box-more\">\n<div class=\"content\">\n<p><a href=\"mailto:alfa@cc517.ch\">alfa@cc517.ch<\/a><\/p>\n<\/div>\n<\/div>\n<hr>\n<p><b>E-business<\/b><\/p>\n<p><a class=\"button-2\" href=\"https:\/\/h515.ebusiness-avs.ch\/ebh515\/inscription.htm\" target=\"_blank\" rel=\"noopener\">Antrag auf Mitgliedschaft<\/a><br><a class=\"button-2\" href=\"https:\/\/h515.ebusiness-avs.ch\/ebh515\/showLogin.htm\" target=\"_blank\" rel=\"noopener\">Login<\/a><\/p><\/div><\/div><div class=\"vce-text-block text-box-red out-bottom-spacing-small dark-red-area\"><div class=\"vce-text-block-wrapper vce\" id=\"el-821500e8\" data-vce-do-apply=\"all el-821500e8\"><h3>(51.7)<\/h3>\n<p>Ausgleichskasse der Uhrenindustrie<br>Silbergasse 6<br>Postfach <br>2501 Biel<\/p>\n<hr>\n<p>T. <a href=\"tel:+41583533200\">058 \/ 353 32 00<\/a><\/p>\n<hr>\n<p><a href=\"tel:+41326552969\">info@cc517.ch<\/a><\/p>\n<hr>\n<p><strong>E-business<\/strong><\/p>\n<p><a class=\"button-2\" href=\"https:\/\/h517.ebusiness-avs.ch\/ebh517\/inscription.htm\" target=\"_blank\" rel=\"noopener\">Antrag auf Mitgliedschaft<\/a><br><a class=\"button-2\" href=\"https:\/\/h517.ebusiness-avs.ch\/ebh517\/showLogin.htm\" target=\"_blank\" rel=\"noopener\">Login<\/a><\/p><\/div><\/div><\/div><\/div><\/div><\/div><\/div><\/div><\/div><\/div><\/div><\/div><\/div><\/div><div class=\"vce-row-container\" data-vce-boxed-width=\"true\"><div class=\"vce-row vce-row--col-gap-30 vce-row-content--top\" id=\"el-82bf6413\" data-vce-do-apply=\"all el-82bf6413\"><div class=\"vce-row-content\" data-vce-element-content=\"true\"><div class=\"vce-col vce-col--md-auto vce-col--xs-1 vce-col--xs-last vce-col--xs-first vce-col--sm-last vce-col--sm-first vce-col--md-last vce-col--lg-last vce-col--xl-last vce-col--md-first vce-col--lg-first vce-col--xl-first\" id=\"el-3b4d7250\"><div class=\"vce-col-inner\" data-vce-do-apply=\"border margin background  el-3b4d7250\"><div class=\"vce-col-content\" data-vce-element-content=\"true\" data-vce-do-apply=\"padding el-3b4d7250\"><div class=\"vcv-row-control-wrapper\"><\/div><\/div><\/div><\/div><\/div><\/div><\/div>","protected":false},"excerpt":{"rendered":"<p>Unsere B\u00fcrosBienneSitz 51 Ausgleichskasse der UhrenindustrieHauptsitzungSilbergasse 6Postfach2501 Biel T. +41 (0) 58 353 32 00 info@ccih51.ch(51.4) Ausgleichskasse der UhrenindustrieSilbergasse 6Postfach2501 Biel T. 058 \/ 353 32 00 alfa@aphm-cc514.ch E-business LoginGenfB\u00fcro Genf Caisse de compensation de l&#8217;industrie horlog\u00e8reRue Muzy 101207 Gen\u00e8ve T. 058 \/ 353 32 30 info@ccih51.ch B\u00fcroleiterin:Frau Ga\u00eblle Milliquet E-business LoginLa Chaux-de-FondsB\u00fcro La Chaux-de-Fonds [&hellip;]<\/p>\n","protected":false},"author":1,"featured_media":0,"parent":0,"menu_order":0,"comment_status":"closed","ping_status":"closed","template":"templates\/template-page.php","meta":{"_acf_changed":false,"footnotes":""},"class_list":["post-1951","page","type-page","status-publish","hentry"],"acf":[],"yoast_head":"<!-- This site is optimized with the Yoast SEO plugin v27.0 - https:\/\/yoast.com\/product\/yoast-seo-wordpress\/ -->\n<title>CCIH - Caisse de Compensation de l&#039;industrie horlog\u00e8re - Unsere Agenturen<\/title>\n<meta name=\"robots\" content=\"index, follow, max-snippet:-1, max-image-preview:large, max-video-preview:-1\" \/>\n<link rel=\"canonical\" href=\"https:\/\/ccih51.ch\/de\/unsere-agenturen\/\" \/>\n<meta property=\"og:locale\" content=\"de_DE\" \/>\n<meta property=\"og:type\" content=\"article\" \/>\n<meta property=\"og:title\" content=\"CCIH - Caisse de Compensation de l&#039;industrie horlog\u00e8re - Unsere Agenturen\" \/>\n<meta property=\"og:description\" content=\"Unsere B\u00fcrosBienneSitz 51 Ausgleichskasse der UhrenindustrieHauptsitzungSilbergasse 6Postfach2501 Biel T. +41 (0) 58 353 32 00 info@ccih51.ch(51.4) Ausgleichskasse der UhrenindustrieSilbergasse 6Postfach2501 Biel T. 058 \/ 353 32 00 alfa@aphm-cc514.ch E-business LoginGenfB\u00fcro Genf Caisse de compensation de l&#039;industrie horlog\u00e8reRue Muzy 101207 Gen\u00e8ve T. 058 \/ 353 32 30 info@ccih51.ch B\u00fcroleiterin:Frau Ga\u00eblle Milliquet E-business LoginLa Chaux-de-FondsB\u00fcro La Chaux-de-Fonds [&hellip;]\" \/>\n<meta property=\"og:url\" content=\"https:\/\/ccih51.ch\/de\/unsere-agenturen\/\" \/>\n<meta property=\"og:site_name\" content=\"CCIH - Caisse de Compensation de l&#039;industrie horlog\u00e8re\" \/>\n<meta property=\"article:modified_time\" content=\"2025-11-24T08:00:25+00:00\" \/>\n<meta name=\"twitter:card\" content=\"summary_large_image\" \/>\n<script type=\"application\/ld+json\" class=\"yoast-schema-graph\">{\"@context\":\"https:\/\/schema.org\",\"@graph\":[{\"@type\":\"WebPage\",\"@id\":\"https:\/\/ccih51.ch\/de\/unsere-agenturen\/\",\"url\":\"https:\/\/ccih51.ch\/de\/unsere-agenturen\/\",\"name\":\"CCIH - Caisse de Compensation de l&#039;industrie horlog\u00e8re - Unsere Agenturen\",\"isPartOf\":{\"@id\":\"https:\/\/ccih51.ch\/#website\"},\"datePublished\":\"2019-10-14T07:50:22+00:00\",\"dateModified\":\"2025-11-24T08:00:25+00:00\",\"breadcrumb\":{\"@id\":\"https:\/\/ccih51.ch\/de\/unsere-agenturen\/#breadcrumb\"},\"inLanguage\":\"de\",\"potentialAction\":[{\"@type\":\"ReadAction\",\"target\":[\"https:\/\/ccih51.ch\/de\/unsere-agenturen\/\"]}]},{\"@type\":\"BreadcrumbList\",\"@id\":\"https:\/\/ccih51.ch\/de\/unsere-agenturen\/#breadcrumb\",\"itemListElement\":[{\"@type\":\"ListItem\",\"position\":1,\"name\":\"Accueil\",\"item\":\"https:\/\/ccih51.ch\/de\/\"},{\"@type\":\"ListItem\",\"position\":2,\"name\":\"Unsere Agenturen\"}]},{\"@type\":\"WebSite\",\"@id\":\"https:\/\/ccih51.ch\/#website\",\"url\":\"https:\/\/ccih51.ch\/\",\"name\":\"CCIH - Caisse de Compensation de l&#039;industrie horlog\u00e8re\",\"description\":\"Le site de la caisse de compensation de l\u2019industrie horlog\u00e8re CCIH no 51, compos\u00e9s de la caisse AVS et la caisse ALFA, donne des informations utiles sur les assurances sociales AVS\/AI\/APG et les allocations familiales.\",\"potentialAction\":[{\"@type\":\"SearchAction\",\"target\":{\"@type\":\"EntryPoint\",\"urlTemplate\":\"https:\/\/ccih51.ch\/?s={search_term_string}\"},\"query-input\":{\"@type\":\"PropertyValueSpecification\",\"valueRequired\":true,\"valueName\":\"search_term_string\"}}],\"inLanguage\":\"de\"}]}<\/script>\n<!-- \/ Yoast SEO plugin. -->","yoast_head_json":{"title":"CCIH - Caisse de Compensation de l&#039;industrie horlog\u00e8re - Unsere Agenturen","robots":{"index":"index","follow":"follow","max-snippet":"max-snippet:-1","max-image-preview":"max-image-preview:large","max-video-preview":"max-video-preview:-1"},"canonical":"https:\/\/ccih51.ch\/de\/unsere-agenturen\/","og_locale":"de_DE","og_type":"article","og_title":"CCIH - Caisse de Compensation de l&#039;industrie horlog\u00e8re - Unsere Agenturen","og_description":"Unsere B\u00fcrosBienneSitz 51 Ausgleichskasse der UhrenindustrieHauptsitzungSilbergasse 6Postfach2501 Biel T. +41 (0) 58 353 32 00 info@ccih51.ch(51.4) Ausgleichskasse der UhrenindustrieSilbergasse 6Postfach2501 Biel T. 058 \/ 353 32 00 alfa@aphm-cc514.ch E-business LoginGenfB\u00fcro Genf Caisse de compensation de l'industrie horlog\u00e8reRue Muzy 101207 Gen\u00e8ve T. 058 \/ 353 32 30 info@ccih51.ch B\u00fcroleiterin:Frau Ga\u00eblle Milliquet E-business LoginLa Chaux-de-FondsB\u00fcro La Chaux-de-Fonds [&hellip;]","og_url":"https:\/\/ccih51.ch\/de\/unsere-agenturen\/","og_site_name":"CCIH - Caisse de Compensation de l&#039;industrie horlog\u00e8re","article_modified_time":"2025-11-24T08:00:25+00:00","twitter_card":"summary_large_image","schema":{"@context":"https:\/\/schema.org","@graph":[{"@type":"WebPage","@id":"https:\/\/ccih51.ch\/de\/unsere-agenturen\/","url":"https:\/\/ccih51.ch\/de\/unsere-agenturen\/","name":"CCIH - Caisse de Compensation de l&#039;industrie horlog\u00e8re - Unsere Agenturen","isPartOf":{"@id":"https:\/\/ccih51.ch\/#website"},"datePublished":"2019-10-14T07:50:22+00:00","dateModified":"2025-11-24T08:00:25+00:00","breadcrumb":{"@id":"https:\/\/ccih51.ch\/de\/unsere-agenturen\/#breadcrumb"},"inLanguage":"de","potentialAction":[{"@type":"ReadAction","target":["https:\/\/ccih51.ch\/de\/unsere-agenturen\/"]}]},{"@type":"BreadcrumbList","@id":"https:\/\/ccih51.ch\/de\/unsere-agenturen\/#breadcrumb","itemListElement":[{"@type":"ListItem","position":1,"name":"Accueil","item":"https:\/\/ccih51.ch\/de\/"},{"@type":"ListItem","position":2,"name":"Unsere Agenturen"}]},{"@type":"WebSite","@id":"https:\/\/ccih51.ch\/#website","url":"https:\/\/ccih51.ch\/","name":"CCIH - Caisse de Compensation de l&#039;industrie horlog\u00e8re","description":"Le site de la caisse de compensation de l\u2019industrie horlog\u00e8re CCIH no 51, compos\u00e9s de la caisse AVS et la caisse ALFA, donne des informations utiles sur les assurances sociales AVS\/AI\/APG et les allocations familiales.","potentialAction":[{"@type":"SearchAction","target":{"@type":"EntryPoint","urlTemplate":"https:\/\/ccih51.ch\/?s={search_term_string}"},"query-input":{"@type":"PropertyValueSpecification","valueRequired":true,"valueName":"search_term_string"}}],"inLanguage":"de"}]}},"_links":{"self":[{"href":"https:\/\/ccih51.ch\/de\/wp-json\/wp\/v2\/pages\/1951","targetHints":{"allow":["GET"]}}],"collection":[{"href":"https:\/\/ccih51.ch\/de\/wp-json\/wp\/v2\/pages"}],"about":[{"href":"https:\/\/ccih51.ch\/de\/wp-json\/wp\/v2\/types\/page"}],"author":[{"embeddable":true,"href":"https:\/\/ccih51.ch\/de\/wp-json\/wp\/v2\/users\/1"}],"replies":[{"embeddable":true,"href":"https:\/\/ccih51.ch\/de\/wp-json\/wp\/v2\/comments?post=1951"}],"version-history":[{"count":65,"href":"https:\/\/ccih51.ch\/de\/wp-json\/wp\/v2\/pages\/1951\/revisions"}],"predecessor-version":[{"id":6955,"href":"https:\/\/ccih51.ch\/de\/wp-json\/wp\/v2\/pages\/1951\/revisions\/6955"}],"wp:attachment":[{"href":"https:\/\/ccih51.ch\/de\/wp-json\/wp\/v2\/media?parent=1951"}],"curies":[{"name":"wp","href":"https:\/\/api.w.org\/{rel}","templated":true}]}}