{"id":1973,"date":"2019-08-05T10:47:50","date_gmt":"2019-08-05T08:47:50","guid":{"rendered":"http:\/\/ccih51.ch\/liens-utiles\/"},"modified":"2025-12-02T09:30:21","modified_gmt":"2025-12-02T08:30:21","slug":"nuetzliche-links","status":"publish","type":"page","link":"https:\/\/ccih51.ch\/de\/nuetzliche-links\/","title":{"rendered":"N\u00fctzliche Links"},"content":{"rendered":"<div class=\"vce-row-container\" data-vce-boxed-width=\"true\"><div class=\"vce-row vce-row--col-gap-30 light-grey-area vce-row-content--top\" id=\"el-27049423\" data-vce-do-apply=\"all el-27049423\"><div class=\"vce-row-content\" data-vce-element-content=\"true\"><div class=\"vce-col vce-col--md-auto vce-col--xs-1 vce-col--xs-last vce-col--xs-first vce-col--sm-last vce-col--sm-first vce-col--md-last vce-col--lg-last vce-col--xl-last vce-col--md-first vce-col--lg-first vce-col--xl-first in-v-spacing-large\" id=\"el-ae6cbb1a\"><div class=\"vce-col-inner\" data-vce-do-apply=\"border margin background  el-ae6cbb1a\"><div class=\"vce-col-content\" data-vce-element-content=\"true\" data-vce-do-apply=\"padding el-ae6cbb1a\"><div class=\"vce-row-container\" data-vce-boxed-width=\"true\"><div class=\"vce-row vce-row--col-gap-30 container-gap-both-2 vce-row-content--top\" id=\"el-520369d7\" data-vce-do-apply=\"all el-520369d7\"><div class=\"vce-row-content\" data-vce-element-content=\"true\"><div class=\"vce-col vce-col--md-auto vce-col--xs-1 vce-col--xs-last vce-col--xs-first vce-col--sm-last vce-col--sm-first vce-col--md-last vce-col--lg-last vce-col--xl-last vce-col--md-first vce-col--lg-first vce-col--xl-first\" id=\"el-52dbbf47\"><div class=\"vce-col-inner\" data-vce-do-apply=\"border margin background  el-52dbbf47\"><div class=\"vce-col-content\" data-vce-element-content=\"true\" data-vce-do-apply=\"padding el-52dbbf47\"><div class=\"vce-text-block\"><div class=\"vce-text-block-wrapper vce\" id=\"el-7b38486e\" data-vce-do-apply=\"all el-7b38486e\"><h1>N\u00fctzliche Links<\/h1><\/div><\/div><\/div><\/div><\/div><\/div><\/div><\/div><div class=\"vce-row-container\" data-vce-boxed-width=\"true\"><div class=\"vce-row vce-row--col-gap-30 no-margin-bottom container-gap-both-2 vce-row-content--top\" id=\"el-b00aaf15\" data-vce-do-apply=\"all el-b00aaf15\"><div class=\"vce-row-content\" data-vce-element-content=\"true\"><div class=\"vce-col vce-col--md-auto vce-col--xs-1 vce-col--xs-last vce-col--xs-first vce-col--sm-last vce-col--sm-first vce-col--md-last vce-col--lg-last vce-col--xl-last vce-col--md-first vce-col--lg-first vce-col--xl-first\" id=\"el-61154aee\"><div class=\"vce-col-inner\" data-vce-do-apply=\"border margin background  el-61154aee\"><div class=\"vce-col-content\" data-vce-element-content=\"true\" data-vce-do-apply=\"padding el-61154aee\"><div class=\"vce-row-container\" data-vce-boxed-width=\"true\"><div class=\"vce-row vce-row--col-gap-30 out-top-spacing-huge vce-row-content--top\" id=\"el-2132ea61\" data-vce-do-apply=\"all el-2132ea61\"><div class=\"vce-row-content\" data-vce-element-content=\"true\"><div class=\"vce-col vce-col--md-auto vce-col--xs-1 vce-col--xs-last vce-col--xs-first vce-col--sm-last vce-col--sm-first vce-col--md-first vce-col--lg-first vce-col--xl-first\" id=\"el-542a5e52\"><div class=\"vce-col-inner\" data-vce-do-apply=\"border margin background  el-542a5e52\"><div class=\"vce-col-content\" data-vce-element-content=\"true\" data-vce-do-apply=\"padding el-542a5e52\"><div class=\"vce-widgets-container\"><div class=\"vce vce-widgets-wrapper\" id=\"el-95ac8480\" data-vce-do-apply=\"all el-95ac8480\"><div class=\"external-link-widget\">\r\n\t\t\t<a href=\"https:\/\/www.ahv-iv.ch\/de\/\" class=\"icon-arrow\" target=\"_blank\">Informationsstelle AHV\/IV<\/a>\r\n\t\t<\/div><\/div><\/div><div class=\"vce-widgets-container\"><div class=\"vce vce-widgets-wrapper\" id=\"el-05d101c6\" data-vce-do-apply=\"all el-05d101c6\"><div class=\"external-link-widget\">\r\n\t\t\t<a href=\"https:\/\/www.bsv.admin.ch\/bsv\/de\/home.html\" class=\"icon-arrow\" target=\"_blank\">Bundesamt f\u00fcr Sozialversicherungen (BSV)<\/a>\r\n\t\t<\/div><\/div><\/div><div class=\"vce-widgets-container\"><div class=\"vce vce-widgets-wrapper\" id=\"el-6a2687fd\" data-vce-do-apply=\"all el-6a2687fd\"><div class=\"external-link-widget\">\r\n\t\t\t<a href=\"https:\/\/www.admin.ch\/gov\/de\/start.html\" class=\"icon-arrow\" target=\"_blank\">Das Portal der Schweizer Regierung<\/a>\r\n\t\t<\/div><\/div><\/div><\/div><\/div><\/div><div class=\"vce-col vce-col--md-auto vce-col--xs-1 vce-col--xs-last vce-col--xs-first vce-col--sm-last vce-col--sm-first vce-col--md-last vce-col--lg-last vce-col--xl-last\" id=\"el-48dc3b0c\"><div class=\"vce-col-inner\" data-vce-do-apply=\"border margin background  el-48dc3b0c\"><div class=\"vce-col-content\" data-vce-element-content=\"true\" data-vce-do-apply=\"padding el-48dc3b0c\"><div class=\"vce-widgets-container\"><div class=\"vce vce-widgets-wrapper\" id=\"el-49154c1d\" data-vce-do-apply=\"all el-49154c1d\"><div class=\"external-link-widget\">\r\n\t\t\t<a href=\"https:\/\/www.fhs-group.ch\/wsp_group\/de\/\" class=\"icon-arrow\" target=\"_blank\">Fiduciaire horlog\u00e8re suisse FHS<\/a>\r\n\t\t<\/div><\/div><\/div><div class=\"vce-widgets-container\"><div class=\"vce vce-widgets-wrapper\" id=\"el-7cb4cf1c\" data-vce-do-apply=\"all el-7cb4cf1c\"><div class=\"external-link-widget\">\r\n\t\t\t<a href=\"https:\/\/www.vvak.ch\/\" class=\"icon-arrow\" target=\"_blank\">Schweizerische Vereinigung der Verbandsausgleichskassen<\/a>\r\n\t\t<\/div><\/div><\/div><div class=\"vce-widgets-container\"><div class=\"vce vce-widgets-wrapper\" id=\"el-d3ccbc41\" data-vce-do-apply=\"all el-d3ccbc41\"><div class=\"external-link-widget\">\r\n\t\t\t<a href=\"https:\/\/www.infofamz.zas.admin.ch\/AlfaInfoWeb\/#\/search\" class=\"icon-arrow\" target=\"_blank\">InfoAFam<\/a>\r\n\t\t<\/div><\/div><\/div><\/div><\/div><\/div><\/div><\/div><\/div><\/div><\/div><\/div><\/div><\/div><\/div><\/div><\/div><\/div><\/div><\/div><\/div>\n","protected":false},"excerpt":{"rendered":"<p>N\u00fctzliche Links<\/p>\n","protected":false},"author":1,"featured_media":0,"parent":0,"menu_order":0,"comment_status":"closed","ping_status":"closed","template":"templates\/template-page.php","meta":{"_acf_changed":false,"footnotes":""},"class_list":["post-1973","page","type-page","status-publish","hentry"],"acf":[],"yoast_head":"<!-- This site is optimized with the Yoast SEO plugin v27.0 - https:\/\/yoast.com\/product\/yoast-seo-wordpress\/ -->\n<title>CCIH - Caisse de Compensation de l&#039;industrie horlog\u00e8re - N\u00fctzliche Links<\/title>\n<meta name=\"robots\" content=\"index, follow, max-snippet:-1, max-image-preview:large, max-video-preview:-1\" \/>\n<link rel=\"canonical\" href=\"https:\/\/ccih51.ch\/de\/nuetzliche-links\/\" \/>\n<meta property=\"og:locale\" content=\"de_DE\" \/>\n<meta property=\"og:type\" content=\"article\" \/>\n<meta property=\"og:title\" content=\"CCIH - Caisse de Compensation de l&#039;industrie horlog\u00e8re - N\u00fctzliche Links\" \/>\n<meta property=\"og:description\" content=\"N\u00fctzliche Links\" \/>\n<meta property=\"og:url\" content=\"https:\/\/ccih51.ch\/de\/nuetzliche-links\/\" \/>\n<meta property=\"og:site_name\" content=\"CCIH - Caisse de Compensation de l&#039;industrie horlog\u00e8re\" \/>\n<meta property=\"article:modified_time\" content=\"2025-12-02T08:30:21+00:00\" \/>\n<meta name=\"twitter:card\" content=\"summary_large_image\" \/>\n<meta name=\"twitter:label1\" content=\"Gesch\u00e4tzte Lesezeit\" \/>\n\t<meta name=\"twitter:data1\" content=\"2\u00a0Minuten\" \/>\n<script type=\"application\/ld+json\" class=\"yoast-schema-graph\">{\"@context\":\"https:\/\/schema.org\",\"@graph\":[{\"@type\":\"WebPage\",\"@id\":\"https:\/\/ccih51.ch\/de\/nuetzliche-links\/\",\"url\":\"https:\/\/ccih51.ch\/de\/nuetzliche-links\/\",\"name\":\"CCIH - Caisse de Compensation de l&#039;industrie horlog\u00e8re - N\u00fctzliche Links\",\"isPartOf\":{\"@id\":\"https:\/\/ccih51.ch\/#website\"},\"datePublished\":\"2019-08-05T08:47:50+00:00\",\"dateModified\":\"2025-12-02T08:30:21+00:00\",\"breadcrumb\":{\"@id\":\"https:\/\/ccih51.ch\/de\/nuetzliche-links\/#breadcrumb\"},\"inLanguage\":\"de\",\"potentialAction\":[{\"@type\":\"ReadAction\",\"target\":[\"https:\/\/ccih51.ch\/de\/nuetzliche-links\/\"]}]},{\"@type\":\"BreadcrumbList\",\"@id\":\"https:\/\/ccih51.ch\/de\/nuetzliche-links\/#breadcrumb\",\"itemListElement\":[{\"@type\":\"ListItem\",\"position\":1,\"name\":\"Accueil\",\"item\":\"https:\/\/ccih51.ch\/de\/\"},{\"@type\":\"ListItem\",\"position\":2,\"name\":\"N\u00fctzliche Links\"}]},{\"@type\":\"WebSite\",\"@id\":\"https:\/\/ccih51.ch\/#website\",\"url\":\"https:\/\/ccih51.ch\/\",\"name\":\"CCIH - Caisse de Compensation de l&#039;industrie horlog\u00e8re\",\"description\":\"Le site de la caisse de compensation de l\u2019industrie horlog\u00e8re CCIH no 51, compos\u00e9s de la caisse AVS et la caisse ALFA, donne des informations utiles sur les assurances sociales AVS\/AI\/APG et les allocations familiales.\",\"potentialAction\":[{\"@type\":\"SearchAction\",\"target\":{\"@type\":\"EntryPoint\",\"urlTemplate\":\"https:\/\/ccih51.ch\/?s={search_term_string}\"},\"query-input\":{\"@type\":\"PropertyValueSpecification\",\"valueRequired\":true,\"valueName\":\"search_term_string\"}}],\"inLanguage\":\"de\"}]}<\/script>\n<!-- \/ Yoast SEO plugin. -->","yoast_head_json":{"title":"CCIH - Caisse de Compensation de l&#039;industrie horlog\u00e8re - N\u00fctzliche Links","robots":{"index":"index","follow":"follow","max-snippet":"max-snippet:-1","max-image-preview":"max-image-preview:large","max-video-preview":"max-video-preview:-1"},"canonical":"https:\/\/ccih51.ch\/de\/nuetzliche-links\/","og_locale":"de_DE","og_type":"article","og_title":"CCIH - Caisse de Compensation de l&#039;industrie horlog\u00e8re - N\u00fctzliche Links","og_description":"N\u00fctzliche Links","og_url":"https:\/\/ccih51.ch\/de\/nuetzliche-links\/","og_site_name":"CCIH - Caisse de Compensation de l&#039;industrie horlog\u00e8re","article_modified_time":"2025-12-02T08:30:21+00:00","twitter_card":"summary_large_image","twitter_misc":{"Gesch\u00e4tzte Lesezeit":"2\u00a0Minuten"},"schema":{"@context":"https:\/\/schema.org","@graph":[{"@type":"WebPage","@id":"https:\/\/ccih51.ch\/de\/nuetzliche-links\/","url":"https:\/\/ccih51.ch\/de\/nuetzliche-links\/","name":"CCIH - Caisse de Compensation de l&#039;industrie horlog\u00e8re - N\u00fctzliche Links","isPartOf":{"@id":"https:\/\/ccih51.ch\/#website"},"datePublished":"2019-08-05T08:47:50+00:00","dateModified":"2025-12-02T08:30:21+00:00","breadcrumb":{"@id":"https:\/\/ccih51.ch\/de\/nuetzliche-links\/#breadcrumb"},"inLanguage":"de","potentialAction":[{"@type":"ReadAction","target":["https:\/\/ccih51.ch\/de\/nuetzliche-links\/"]}]},{"@type":"BreadcrumbList","@id":"https:\/\/ccih51.ch\/de\/nuetzliche-links\/#breadcrumb","itemListElement":[{"@type":"ListItem","position":1,"name":"Accueil","item":"https:\/\/ccih51.ch\/de\/"},{"@type":"ListItem","position":2,"name":"N\u00fctzliche Links"}]},{"@type":"WebSite","@id":"https:\/\/ccih51.ch\/#website","url":"https:\/\/ccih51.ch\/","name":"CCIH - Caisse de Compensation de l&#039;industrie horlog\u00e8re","description":"Le site de la caisse de compensation de l\u2019industrie horlog\u00e8re CCIH no 51, compos\u00e9s de la caisse AVS et la caisse ALFA, donne des informations utiles sur les assurances sociales AVS\/AI\/APG et les allocations familiales.","potentialAction":[{"@type":"SearchAction","target":{"@type":"EntryPoint","urlTemplate":"https:\/\/ccih51.ch\/?s={search_term_string}"},"query-input":{"@type":"PropertyValueSpecification","valueRequired":true,"valueName":"search_term_string"}}],"inLanguage":"de"}]}},"_links":{"self":[{"href":"https:\/\/ccih51.ch\/de\/wp-json\/wp\/v2\/pages\/1973","targetHints":{"allow":["GET"]}}],"collection":[{"href":"https:\/\/ccih51.ch\/de\/wp-json\/wp\/v2\/pages"}],"about":[{"href":"https:\/\/ccih51.ch\/de\/wp-json\/wp\/v2\/types\/page"}],"author":[{"embeddable":true,"href":"https:\/\/ccih51.ch\/de\/wp-json\/wp\/v2\/users\/1"}],"replies":[{"embeddable":true,"href":"https:\/\/ccih51.ch\/de\/wp-json\/wp\/v2\/comments?post=1973"}],"version-history":[{"count":8,"href":"https:\/\/ccih51.ch\/de\/wp-json\/wp\/v2\/pages\/1973\/revisions"}],"predecessor-version":[{"id":7004,"href":"https:\/\/ccih51.ch\/de\/wp-json\/wp\/v2\/pages\/1973\/revisions\/7004"}],"wp:attachment":[{"href":"https:\/\/ccih51.ch\/de\/wp-json\/wp\/v2\/media?parent=1973"}],"curies":[{"name":"wp","href":"https:\/\/api.w.org\/{rel}","templated":true}]}}